{"id":79802,"date":"2021-07-28T07:25:16","date_gmt":"2021-07-28T07:25:16","guid":{"rendered":"https:\/\/www.hqts.com\/?page_id=79802"},"modified":"2022-01-12T04:47:55","modified_gmt":"2022-01-12T04:47:55","slug":"may-moc-thiet-bi","status":"publish","type":"page","link":"https:\/\/www.hqts.com\/vi\/linh-vuc\/may-moc-thiet-bi\/","title":{"rendered":"Gi\u00e1m \u0111\u1ecbnh M\u00e1y m\u00f3c &#038; Thi\u1ebft b\u1ecb"},"content":{"rendered":"<h2><strong>Gi\u00e1m \u0111\u1ecbnh M\u00e1y m\u00f3c &amp; Thi\u1ebft b\u1ecb<\/strong><\/h2>\n<p><strong>Gi\u00e1m \u0111\u1ecbnh ch\u1ea5t l\u01b0\u1ee3ng \u0111\u1ed1i v\u1edbi m\u00e1y m\u00f3c l\u00e0 r\u1ea5t quan tr\u1ecdng \u0111\u1ec3 t\u1ed1i \u01b0u h\u00f3a hi\u1ec7u qu\u1ea3 v\u00e0 c\u1ea3i thi\u1ec7n l\u1ee3i nhu\u1eadn. Gi\u00e1m \u0111\u1ecbnh m\u00e1y m\u00f3c c\u00f3 th\u1ec3 l\u00e0 m\u1ed9t cu\u1ed9c gi\u00e1m \u0111\u1ecbnh v\u1edbi c\u00e1c danh s\u00e1ch ki\u1ec3m tra \u0111\u01a1n gi\u1ea3n ho\u1eb7c m\u1ed9t l\u1ea7n gi\u00e1m \u0111\u1ecbnh c\u0169ng nh\u01b0 th\u1eed nghi\u1ec7m to\u00e0n di\u1ec7n t\u00f9y ch\u1ec9nh theo y\u00eau c\u1ea7u, nh\u1eb1m x\u00e1c minh s\u1ef1 tu\u00e2n th\u1ee7 v\u00e0 ki\u1ec3m tra d\u1ef1a tr\u00ean c\u00e1c y\u00eau c\u1ea7u k\u1ef9 thu\u1eadt.<\/strong><\/p>\n<p>C\u00e1c k\u1ef9 s\u01b0 gi\u00e1m \u0111\u1ecbnh ch\u1ea5t l\u01b0\u1ee3ng m\u00e1y m\u00f3c v\u00e0 nh\u00e2n vi\u00ean k\u1ef9 thu\u1eadt c\u1ee7a HQTS c\u00f3 kinh nghi\u1ec7m l\u00e2u n\u0103m trong ng\u00e0nh, bao g\u1ed3m gi\u00e1m \u0111\u1ecbnh v\u00e0 th\u1eed nghi\u1ec7m thi\u1ebft b\u1ecb n\u1eb7ng, nh\u00e0 m\u00e1y c\u00f4ng nghi\u1ec7p, khai th\u00e1c, v\u1eadn chuy\u1ec3n v\u00e0 x\u00e2y d\u1ef1ng n\u1eb7ng. Ch\u00fang t\u00f4i lu\u00f4n \u0111\u1ea3m b\u1ea3o cung c\u1ea5p c\u00e1c d\u1ecbch v\u1ee5 t\u1ed1t nh\u1ea5t khi n\u00f3i \u0111\u1ebfn s\u1ea3n xu\u1ea5t m\u00e1y m\u00f3c, an to\u00e0n, v\u1eadn h\u00e0nh, b\u1ea3o tr\u00ec v\u00e0 v\u1eadn chuy\u1ec3n.<\/p>\n<h2><strong>D\u1ecbch v\u1ee5 Gi\u00e1m \u0111\u1ecbnh c\u1ee7a ch\u00fang t\u00f4i<\/strong><\/h2>\n<h4><strong>Ph\u1ee5 ki\u1ec7n m\u00e1y m\u00f3c<\/strong><\/h4>\n<ul>\n<li>\u0110\u00e1nh gi\u00e1 Nh\u00e0 m\u00e1y<\/li>\n<li>Gi\u00e1m \u0111\u1ecbnh tr\u1ef1c ti\u1ebfp<\/li>\n<li>Th\u1eed nghi\u1ec7m<\/li>\n<li>Gi\u00e1m \u0111\u1ecbnh t\u1ea3i h\u00e0ng<\/li>\n<\/ul>\n<h4><strong>Gi\u00e1m \u0111\u1ecbnh M\u00e1y m\u00f3c &amp; Thi\u1ebft b\u1ecb<\/strong><\/h4>\n<ul>\n<li>\u0110\u00e1nh gi\u00e1 Nh\u00e0 m\u00e1y<\/li>\n<li>Gi\u00e1m \u0111\u1ecbnh tr\u1ef1c ti\u1ebfp &amp; Gi\u00e1m s\u00e1t s\u1ea3n xu\u1ea5t<\/li>\n<li>Gi\u00e1m s\u00e1t th\u1eed nghi\u1ec7m<\/li>\n<li>Gi\u00e1m s\u00e1t t\u1ea3i \/ d\u1ee1 h\u00e0ng<\/li>\n<\/ul>\n<h4><strong>Ki\u1ec3m \u0111\u1ecbnh b\u1ed9 ph\u1eadn &amp; ph\u1ee5 ki\u1ec7n m\u00e1y m\u00f3c<\/strong><\/h4>\n<p>C\u00f4ng ngh\u1ec7 ch\u1ebf bi\u1ebfn v\u00e0 ch\u1ea5t l\u01b0\u1ee3ng c\u1ee7a linh ki\u1ec7n v\u00e0 ph\u1ee5 ki\u1ec7n m\u00e1y m\u00f3c quy\u1ebft \u0111\u1ecbnh hi\u1ec7u su\u1ea5t v\u00e0 \u0111\u1ed9 an to\u00e0n c\u1ee7a m\u00e1y m\u00f3c s\u1ea3n xu\u1ea5t. HQTS c\u00f3 kinh nghi\u1ec7m \u0111\u00e1ng k\u1ec3 trong ng\u00e0nh. Ch\u00fang t\u00f4i th\u1ef1c hi\u1ec7n gi\u00e1m \u0111\u1ecbnh k\u1ef9 thu\u1eadt v\u1eadt li\u1ec7u, ngo\u1ea1i quan, c\u00e1ch s\u1eed d\u1ee5ng, t\u00ecnh tr\u1ea1ng l\u00e0m vi\u1ec7c v\u00e0 ch\u1ee9c n\u0103ng theo y\u00eau c\u1ea7u s\u1ea3n xu\u1ea5t.<\/p>\n<p>M\u1ed9t s\u1ed1 th\u00e0nh ph\u1ea7n m\u00e1y m\u00f3c m\u00e0 ch\u00fang t\u00f4i b\u1ea3o d\u01b0\u1ee1ng bao g\u1ed3m \u0111\u01b0\u1eddng \u1ed1ng, van, ph\u1ee5 ki\u1ec7n, v\u1eadt \u0111\u00fac v\u00e0 r\u00e8n.<\/p>\n<h4><strong>C\u00e1c d\u1ecbch v\u1ee5 ki\u1ec3m \u0111\u1ecbnh ph\u1ee5 ki\u1ec7n m\u00e1y m\u00f3c bao g\u1ed3m<\/strong><\/h4>\n<ul>\n<li>\u0110\u00e1nh gi\u00e1 Nh\u00e0 m\u00e1y: x\u00e1c minh ho\u1ea1t \u0111\u1ed9ng kinh doanh, k\u1ef9 thu\u1eadt v\u00e0 n\u0103ng l\u1ef1c s\u1ea3n xu\u1ea5t c\u1ee7a nh\u00e0 cung c\u1ea5p, h\u1ec7 th\u1ed1ng v\u00e0 quy tr\u00ecnh ch\u1ea5t l\u01b0\u1ee3ng c\u0169ng nh\u01b0 chu\u1ed7i cung \u1ee9ng th\u01b0\u1ee3ng ngu\u1ed3n.<\/li>\n<li>Gi\u00e1m \u0111\u1ecbnh tr\u1ef1c ti\u1ebfp: gi\u00e1m s\u00e1t v\u1eadt li\u1ec7u, gi\u00e1m s\u00e1t theo d\u00f5i v\u1eadt li\u1ec7u, ki\u1ec3m tra h\u00e0n, ki\u1ec3m \u0111\u1ecbnh kh\u00f4ng ph\u00e1 h\u1ee7y, ki\u1ec3m \u0111\u1ecbnh k\u00edch th\u01b0\u1edbc, ki\u1ec3m tra l\u1edbp ph\u1ee7, ki\u1ec3m tra \u0111\u00f3ng g\u00f3i, gi\u00e1m s\u00e1t t\u1ea3i.<\/li>\n<li>Th\u1eed nghi\u1ec7m: ki\u1ec3m nghi\u1ec7m v\u1eadt li\u1ec7u kim lo\u1ea1i, ph\u00e2n t\u00edch h\u00f3a h\u1ecdc, th\u1eed nghi\u1ec7m \u0111\u1ed9 b\u1ec1n k\u00e9o, th\u1eed nghi\u1ec7m ph\u00e1 h\u1ee7y, ph\u00e2n t\u00edch \u0103n m\u00f2n.<\/li>\n<li>Gi\u00e1m s\u00e1t b\u1ed1c d\u1ee1 h\u00e0ng: t\u1eeb vi\u1ec7c x\u1ebfp h\u00e0ng l\u00ean container t\u1ea1i nh\u00e0 m\u00e1y \u0111\u1ebfn d\u1ecbch v\u1ee5 x\u1ebfp d\u1ee1 h\u00e0ng h\u00f3a t\u1ea1i c\u1ea3ng \u0111\u1ec3 gi\u00e1m s\u00e1t to\u00e0n b\u1ed9 qu\u00e1 tr\u00ecnh theo y\u00eau c\u1ea7u v\u1eadn chuy\u1ec3n.<\/li>\n<\/ul>\n<h4><strong>Gi\u00e1m \u0111\u1ecbnh M\u00e1y m\u00f3c &amp; Thi\u1ebft b\u1ecb<\/strong><\/h4>\n<p>C\u00f3 m\u1ed9t s\u1ef1 thay \u0111\u1ed5i \u0111\u00e1ng k\u1ec3 v\u1ec1 \u0111\u1ed9 ph\u1ee9c t\u1ea1p trong c\u1ea5u h\u00ecnh m\u00e1y m\u00f3c v\u00e0 nguy\u00ean t\u1eafc ho\u1ea1t \u0111\u1ed9ng. C\u00e1c k\u1ef9 thu\u1eadt vi\u00ean gi\u00e0u kinh nghi\u1ec7m c\u1ee7a ch\u00fang t\u00f4i c\u00f3 th\u1ec3 \u0111\u00e1nh gi\u00e1 m\u00e1y m\u00f3c c\u1ee7a doanh nghi\u1ec7p d\u1ef1a tr\u00ean c\u00e1c y\u1ebfu t\u1ed1 \u0111\u01b0\u1ee3c ch\u1ea5p nh\u1eadn trong ng\u00e0nh v\u00e0 theo y\u00eau c\u1ea7u ri\u00eang c\u1ee7a doanh nghi\u1ec7p \u0111\u1ec3 thi\u1ebft l\u1eadp ch\u1ee9c n\u0103ng c\u0169ng nh\u01b0 \u0111\u1ed9 tin c\u1eady ph\u00f9 h\u1ee3p c\u1ee7a c\u00e1c th\u00e0nh ph\u1ea7n v\u00e0 ph\u1ee5 ki\u1ec7n, ch\u1ea5t l\u01b0\u1ee3ng l\u1eafp r\u00e1p v\u00e0 k\u1ebft qu\u1ea3 s\u1ea3n xu\u1ea5t.<\/p>\n<ul>\n<li><a href=\"https:\/\/www.hqts.com\/vi\/linh-vuc\/may-moc-thiet-bi\/cong-nghiep\/\">Gi\u00e1m \u0111\u1ecbnh thi\u1ebft b\u1ecb s\u1ea3n xu\u1ea5t<\/a><\/li>\n<li><a href=\"https:\/\/www.hqts.com\/vi\/linh-vuc\/may-moc-thiet-bi\/cong-nghiep\/\">Gi\u00e1m \u0111\u1ecbnh thi\u1ebft b\u1ecb c\u00f4ng nghi\u1ec7p<\/a><\/li>\n<li><a href=\"https:\/\/www.hqts.com\/vi\/linh-vuc\/may-moc-thiet-bi\/vat-lieu-xay-dung\/\">Gi\u00e1m \u0111\u1ecbnh thi\u1ebft b\u1ecb x\u00e2y d\u1ef1ng<\/a><\/li>\n<\/ul>\n<h4><strong>D\u1ecbch v\u1ee5 gi\u00e1m \u0111\u1ecbnh m\u00e1y m\u00f3c &amp; thi\u1ebft b\u1ecb<\/strong><\/h4>\n<ul>\n<li>B\u00ecnh ch\u1ecbu \u00e1p l\u1ef1c cho ng\u00e0nh h\u00f3a ch\u1ea5t v\u00e0 th\u1ef1c ph\u1ea9m<\/li>\n<li>Thi\u1ebft b\u1ecb k\u1ef9 thu\u1eadt nh\u01b0 c\u1ea7n tr\u1ee5c, thang m\u00e1y, m\u00e1y x\u00fac, b\u0103ng t\u1ea3i, g\u1ea7u x\u00fac, xe ben<\/li>\n<li>M\u00e1y m\u00f3c thi\u1ebft b\u1ecb m\u1ecf v\u00e0 xi m\u0103ng bao g\u1ed3m m\u00e1y x\u1ebfp ch\u1ed3ng l\u00ean nhau, l\u00f2 nung xi m\u0103ng, m\u00e1y nghi\u1ec1n, m\u00e1y b\u1ed1c x\u1ebfp<\/li>\n<\/ul>\n<h4><strong>M\u1ed9t s\u1ed1 d\u1ecbch v\u1ee5 ch\u00fang t\u00f4i cung c\u1ea5p bao g\u1ed3m<\/strong><\/h4>\n<ul>\n<li>\u0110\u00e1nh gi\u00e1 nh\u00e0 m\u00e1y: x\u00e1c minh ho\u1ea1t \u0111\u1ed9ng kinh doanh, k\u1ef9 thu\u1eadt v\u00e0 n\u0103ng l\u1ef1c s\u1ea3n xu\u1ea5t c\u1ee7a nh\u00e0 cung c\u1ea5p, h\u1ec7 th\u1ed1ng v\u00e0 quy tr\u00ecnh ki\u1ec3m so\u00e1t ch\u1ea5t l\u01b0\u1ee3ng v\u00e0 chu\u1ed7i cung \u1ee9ng th\u01b0\u1ee3ng ngu\u1ed3n.<\/li>\n<li>Gi\u00e1m \u0111\u1ecbnh tr\u1ef1c ti\u1ebfp v\u00e0 gi\u00e1m s\u00e1t s\u1ea3n xu\u1ea5t: ki\u1ec3m \u0111\u1ecbnh v\u00e0 gi\u00e1m s\u00e1t \u0111\u1ec1 c\u1eadp \u0111\u1ebfn h\u00e0n, ki\u1ec3m \u0111\u1ecbnh kh\u00f4ng ph\u00e1 h\u1ee7y, m\u00e1y m\u00f3c, \u0111i\u1ec7n, v\u1eadt li\u1ec7u, c\u1ea5u tr\u00fac, h\u00f3a h\u1ecdc, an to\u00e0n.<\/li>\n<li>Ki\u1ec3m \u0111\u1ecbnh v\u1eadt l\u00fd: t\u00ecnh tr\u1ea1ng hi\u1ec7n t\u1ea1i, th\u00f4ng s\u1ed1 k\u1ef9 thu\u1eadt k\u00edch th\u01b0\u1edbc, nh\u00e3n, h\u01b0\u1edbng d\u1eabn, t\u00e0i li\u1ec7u.<\/li>\n<li>Ki\u1ec3m \u0111\u1ecbnh ch\u1ee9c n\u0103ng: an to\u00e0n v\u00e0 t\u00ednh to\u00e0n v\u1eb9n c\u1ee7a c\u00e1c b\u1ed9 ph\u1eadn v\u00e0 m\u00e1y m\u00f3c, v\u00e0 b\u1ed1 tr\u00ed d\u00e2y chuy\u1ec1n.<\/li>\n<li>\u0110\u00e1nh gi\u00e1 hi\u1ec7u su\u1ea5t: li\u1ec7u c\u00e1c ch\u1ec9 s\u1ed1 ho\u1ea1t \u0111\u1ed9ng c\u00f3 \u0111\u00e1p \u1ee9ng c\u00e1c th\u00f4ng s\u1ed1 k\u1ef9 thu\u1eadt c\u1ee7a thi\u1ebft k\u1ebf hay kh\u00f4ng.<\/li>\n<li>\u0110\u00e1nh gi\u00e1 an to\u00e0n: \u0111\u1ed9 tin c\u1eady c\u1ee7a c\u00e1c t\u00ednh n\u0103ng v\u00e0 ch\u1ee9c n\u0103ng an to\u00e0n, x\u00e1c minh c\u00e1c th\u00f4ng s\u1ed1 k\u1ef9 thu\u1eadt.<\/li>\n<li>X\u00e1c minh ch\u1ee9ng nh\u1eadn: x\u00e1c minh s\u1ef1 tu\u00e2n th\u1ee7 v\u1edbi c\u00e1c y\u00eau c\u1ea7u c\u1ee7a ng\u00e0nh, quy \u0111\u1ecbnh v\u00e0 t\u1ed5 ch\u1ee9c ch\u1ee9ng nh\u1eadn.<\/li>\n<li>Ki\u1ec3m tra x\u1ebfp h\u00e0ng \/ t\u1ea3i l\u00ean: t\u1ea1i nh\u00e0 m\u00e1y ho\u1eb7c c\u1ea3ng \u0111\u1ec3 gi\u00e1m s\u00e1t v\u00e0 x\u00e1c minh c\u00e1c k\u1ef9 thu\u1eadt \u0111\u1ec3 \u0111\u1ea3m b\u1ea3o tu\u00e2n th\u1ee7 c\u00e1c y\u00eau c\u1ea7u v\u1eadn chuy\u1ec3n v\u00e0 x\u1ebfp d\u1ee1.<\/li>\n<\/ul>\n<h4><strong>Ki\u1ec3m tra M\u00e1y m\u00f3c &amp; Thi\u1ebft b\u1ecb h\u1ea1ng n\u1eb7ng<\/strong><\/h4>\n<p>C\u00e1c k\u1ef9 s\u01b0 v\u00e0 k\u1ef9 thu\u1eadt vi\u00ean gi\u00e0u kinh nghi\u1ec7m c\u1ee7a ch\u00fang t\u00f4i \u0111\u00e1nh gi\u00e1 v\u00e0 x\u00e1c minh m\u00e1y m\u00f3c d\u1ef1a tr\u00ean c\u00e1c ti\u00eau chu\u1ea9n c\u00f4ng nghi\u1ec7p \u0111\u01b0\u1ee3c ch\u1ea5p nh\u1eadn, tu\u00e2n th\u1ee7 quy \u0111\u1ecbnh, x\u00e1c minh ch\u1ee9ng nh\u1eadn, quy \u0111\u1ecbnh an to\u00e0n v\u00e0 y\u00eau c\u1ea7u kinh doanh. Nh\u1eefng \u0111i\u1ec1u n\u00e0y bao g\u1ed3m c\u00e1c nh\u00e0 cung c\u1ea5p \u0111\u1ea7u ngu\u1ed3n c\u1ee7a chu\u1ed7i cung \u1ee9ng, ch\u1ea5t l\u01b0\u1ee3ng c\u1ee7a c\u00e1c th\u00e0nh ph\u1ea7n v\u00e0 ph\u1ee5 ki\u1ec7n, ch\u1ea5t l\u01b0\u1ee3ng l\u1eafp r\u00e1p v\u00e0 k\u1ebft qu\u1ea3 s\u1ea3n xu\u1ea5t.<\/p>\n<h4><strong>M\u00e1y m\u00f3c &amp; Thi\u1ebft b\u1ecb ch\u00fang t\u00f4i cung c\u1ea5p d\u1ecbch v\u1ee5 ki\u1ec3m \u0111\u1ecbnh ch\u1ea5t l\u01b0\u1ee3ng<\/strong><\/h4>\n<ul>\n<li>X\u00e2y d\u1ef1ng \u0111\u01b0\u1eddng v\u00e0 m\u00e1y m\u00f3c v\u00e0 thi\u1ebft b\u1ecb x\u00e2y d\u1ef1ng th\u01b0\u01a1ng m\u1ea1i h\u1ea1ng n\u1eb7ng kh\u00e1c nh\u01b0 m\u00e1y san v\u00e0 thi\u1ebft b\u1ecb di chuy\u1ec3n \u0111\u1ea5t<\/li>\n<li>Ho\u1ea1t \u0111\u1ed9ng n\u00f4ng nghi\u1ec7p, nu\u00f4i tr\u1ed3ng th\u1ee7y s\u1ea3n v\u00e0 l\u00e2m nghi\u1ec7p c\u00e1c lo\u1ea1i<\/li>\n<li>V\u1eadn t\u1ea3i v\u00e0 h\u1eadu c\u1ea7n bao g\u1ed3m \u0111\u01b0\u1eddng bi\u1ec3n, \u0111\u01b0\u1eddng s\u1eaft v\u00e0 thi\u1ebft b\u1ecb x\u1ebfp d\u1ee1 h\u00e0ng h\u00f3a<\/li>\n<li>Khai th\u00e1c m\u1ecf, nh\u00e0 m\u00e1y h\u00f3a ch\u1ea5t, nh\u00e0 m\u00e1y xi m\u0103ng, s\u1ea3n xu\u1ea5t th\u00e9p v\u00e0 m\u00e1y m\u00f3c s\u1ea3n xu\u1ea5t n\u1eb7ng kh\u00e1c<\/li>\n<\/ul>\n<h4><strong>M\u1ed9t s\u1ed1 d\u1ecbch v\u1ee5 ch\u00fang t\u00f4i cung c\u1ea5p bao g\u1ed3m<\/strong><\/h4>\n<ul>\n<li>\u0110\u00e1nh gi\u00e1 nh\u00e0 m\u00e1y: x\u00e1c minh ho\u1ea1t \u0111\u1ed9ng kinh doanh c\u1ee7a nh\u00e0 cung c\u1ea5p, kh\u1ea3 n\u0103ng k\u1ef9 thu\u1eadt v\u00e0 s\u1ea3n xu\u1ea5t, h\u1ec7 th\u1ed1ng v\u00e0 quy tr\u00ecnh ki\u1ec3m so\u00e1t ch\u1ea5t l\u01b0\u1ee3ng v\u00e0 chu\u1ed7i cung \u1ee9ng th\u01b0\u1ee3ng ngu\u1ed3n<\/li>\n<li>Gi\u00e1m \u0111\u1ecbnh tr\u1ef1c ti\u1ebfp v\u00e0 gi\u00e1m s\u00e1t s\u1ea3n xu\u1ea5t: ki\u1ec3m \u0111\u1ecbnh v\u00e0 gi\u00e1m s\u00e1t \u0111\u1ec1 c\u1eadp \u0111\u1ebfn h\u00e0n, ki\u1ec3m \u0111\u1ecbnh kh\u00f4ng ph\u00e1 h\u1ee7y, m\u00e1y m\u00f3c, \u0111i\u1ec7n, v\u1eadt li\u1ec7u, c\u1ea5u tr\u00fac, h\u00f3a h\u1ecdc, an to\u00e0n<\/li>\n<li>Ki\u1ec3m \u0111\u1ecbnh v\u1eadt l\u00fd: t\u00ecnh tr\u1ea1ng hi\u1ec7n t\u1ea1i, th\u00f4ng s\u1ed1 k\u1ef9 thu\u1eadt k\u00edch th\u01b0\u1edbc, nh\u00e3n, h\u01b0\u1edbng d\u1eabn, t\u00e0i li\u1ec7u,<\/li>\n<li>Ki\u1ec3m \u0111\u1ecbnh ch\u1ee9c n\u0103ng: an to\u00e0n v\u00e0 t\u00ednh to\u00e0n v\u1eb9n c\u1ee7a c\u00e1c b\u1ed9 ph\u1eadn v\u00e0 m\u00e1y m\u00f3c, b\u1ed1 tr\u00ed d\u00e2y chuy\u1ec1n, v.v.<\/li>\n<li>\u0110\u00e1nh gi\u00e1 hi\u1ec7u su\u1ea5t: li\u1ec7u c\u00e1c ch\u1ec9 s\u1ed1 hi\u1ec7u su\u1ea5t c\u00f3 \u0111\u00e1p \u1ee9ng c\u00e1c th\u00f4ng s\u1ed1 k\u1ef9 thu\u1eadt thi\u1ebft k\u1ebf hay kh\u00f4ng<\/li>\n<li>\u0110\u00e1nh gi\u00e1 an to\u00e0n: \u0111\u1ed9 tin c\u1eady c\u1ee7a c\u00e1c t\u00ednh n\u0103ng v\u00e0 ch\u1ee9c n\u0103ng an to\u00e0n, x\u00e1c minh c\u00e1c th\u00f4ng s\u1ed1 k\u1ef9 thu\u1eadt<\/li>\n<li>X\u00e1c minh ch\u1ee9ng nh\u1eadn: x\u00e1c minh s\u1ef1 tu\u00e2n th\u1ee7 v\u1edbi c\u00e1c y\u00eau c\u1ea7u c\u1ee7a ng\u00e0nh, quy \u0111\u1ecbnh v\u00e0 t\u1ed5 ch\u1ee9c ch\u1ee9ng nh\u1eadn<\/li>\n<li>Ki\u1ec3m tra t\u1ea3i \/ t\u1ea3i l\u00ean: t\u1ea1i nh\u00e0 m\u00e1y ho\u1eb7c c\u1ea3ng \u0111\u1ec3 gi\u00e1m s\u00e1t v\u00e0 x\u00e1c minh c\u00e1c k\u1ef9 thu\u1eadt \u0111\u1ec3 \u0111\u1ea3m b\u1ea3o tu\u00e2n th\u1ee7 c\u00e1c y\u00eau c\u1ea7u v\u1eadn chuy\u1ec3n v\u00e0 x\u1ebfp d\u1ee1<\/li>\n<\/ul>\n<h4><strong>M\u00e1y m\u00f3c &amp; Thi\u1ebft b\u1ecb t\u1ea1i Trung Qu\u1ed1c<\/strong><\/h4>\n<p>HQTS cung c\u1ea5p c\u00e1c d\u1ecbch v\u1ee5 \u0111\u1ea3m b\u1ea3o ch\u1ea5t l\u01b0\u1ee3ng t\u1ea1i Trung Qu\u1ed1c, \u0111\u1ea3m b\u1ea3o an to\u00e0n, tu\u00e2n th\u1ee7 v\u00e0 t\u1ed1i \u01b0u h\u00f3a ch\u1ea5t l\u01b0\u1ee3ng cho c\u00e1c h\u1ec7 th\u1ed1ng v\u00e0 quy tr\u00ecnh c\u1ee7a nh\u00e0 m\u00e1y. Ch\u00fang t\u00f4i cung c\u1ea5p c\u00e1c d\u1ecbch v\u1ee5 \u0111\u1ea3m b\u1ea3o ch\u1ea5t l\u01b0\u1ee3ng theo quy \u0111\u1ecbnh, th\u1ecb tr\u01b0\u1eddng v\u00e0 y\u00eau c\u1ea7u c\u1ee7a kh\u00e1ch h\u00e0ng.<\/p>\n<h4><strong>Thi\u1ebft b\u1ecb v\u00e0 m\u00e1y m\u00f3c n\u00ean \u0111\u01b0\u1ee3c ki\u1ec3m tra bao l\u00e2u m\u1ed9t l\u1ea7n?<\/strong><\/h4>\n<p>C\u00e2u tr\u1ea3 l\u1eddi thay \u0111\u1ed5i \u0111\u00e1ng k\u1ec3 d\u1ef1a tr\u00ean lo\u1ea1i v\u00e0 c\u00e1ch s\u1eed d\u1ee5ng thi\u1ebft b\u1ecb. T\u1ed1i thi\u1ec3u, vi\u1ec7c ki\u1ec3m tra ph\u1ea3i \u0111\u01b0\u1ee3c th\u1ef1c hi\u1ec7n d\u1ef1a tr\u00ean c\u00e1c th\u00f4ng s\u1ed1 k\u1ef9 thu\u1eadt c\u1ee7a nh\u00e0 s\u1ea3n xu\u1ea5t.<\/p>\n<h4><strong>L\u1ee3i \u00edch c\u1ee7a vi\u1ec7c ki\u1ec3m \u0111\u1ecbnh m\u00e1y m\u00f3c thi\u1ebft b\u1ecb l\u00e0 g\u00ec?<\/strong><\/h4>\n<p>Ki\u1ec3m tra thi\u1ebft b\u1ecb v\u00e0 m\u00e1y m\u00f3c th\u01b0\u1eddng xuy\u00ean gi\u00fap \u0111\u1ea3m b\u1ea3o n\u0103ng su\u1ea5t, \u0111i\u1ec1u n\u00e0y r\u1ea5t quan tr\u1ecdng \u0111\u1ed1i v\u1edbi l\u1ee3i nhu\u1eadn s\u1ea3n xu\u1ea5t. Gi\u1eef thi\u1ebft b\u1ecb trong t\u00ecnh tr\u1ea1ng t\u1ed1t, ch\u1ea1y \u1edf hi\u1ec7u su\u1ea5t cao nh\u1ea5t v\u00e0 v\u1eadn h\u00e0nh v\u1edbi c\u00e1c quy tr\u00ecnh an to\u00e0n t\u1ea1i ch\u1ed7 s\u1ebd t\u1ed1i \u0111a h\u00f3a hi\u1ec7u qu\u1ea3 v\u00e0 gi\u1ea3m t\u1ed5n th\u1ea5t.<\/p>\n<h4><strong>HQTS l\u00e0 t\u1ed5 ch\u1ee9c gi\u00e1m \u0111\u1ecbnh \u0111\u00e1ng tin c\u1eady<\/strong><\/h4>\n<p>HQTS \u0111\u00e3 ho\u1ea1t \u0111\u1ed9ng trong l\u0129nh v\u1ef1c \u0111\u1ea3m b\u1ea3o ch\u1ea5t l\u01b0\u1ee3ng h\u01a1n 20 n\u0103m. C\u00e1c d\u1ecbch v\u1ee5 c\u1ee7a ch\u00fang t\u00f4i c\u00f3 th\u1ec3 gi\u00fap doanh nghi\u1ec7p trang b\u1ecb nh\u1eefng th\u00f4ng tin c\u1ea7n thi\u1ebft khi mua thi\u1ebft b\u1ecb \u0111\u1ec3 l\u1eafp \u0111\u1eb7t t\u1ea1i c\u00e1c nh\u00e0 m\u00e1y \u1edf Ch\u00e2u \u00c1, ho\u1eb7c tr\u01b0\u1edbc khi v\u1eadn chuy\u1ec3n \u0111\u1ebfn c\u00e1c \u0111\u1ecba \u0111i\u1ec3m kh\u00e1c tr\u00ean to\u00e0n c\u1ea7u.<\/p>\n","protected":false},"excerpt":{"rendered":"<p>Gi\u00e1m \u0111\u1ecbnh M\u00e1y m\u00f3c &amp; Thi\u1ebft b\u1ecb Gi\u00e1m \u0111\u1ecbnh ch\u1ea5t l\u01b0\u1ee3ng \u0111\u1ed1i v\u1edbi m\u00e1y m\u00f3c l\u00e0 r\u1ea5t quan tr\u1ecdng \u0111\u1ec3 t\u1ed1i \u01b0u h\u00f3a hi\u1ec7u qu\u1ea3 v\u00e0 c\u1ea3i thi\u1ec7n l\u1ee3i nhu\u1eadn. Gi\u00e1m \u0111\u1ecbnh m\u00e1y m\u00f3c c\u00f3 th\u1ec3 l\u00e0 m\u1ed9t cu\u1ed9c gi\u00e1m \u0111\u1ecbnh v\u1edbi c\u00e1c danh s\u00e1ch ki\u1ec3m tra \u0111\u01a1n gi\u1ea3n ho\u1eb7c m\u1ed9t l\u1ea7n gi\u00e1m \u0111\u1ecbnh c\u0169ng [&hellip;]<\/p>\n","protected":false},"author":12,"featured_media":77821,"parent":78121,"menu_order":1,"comment_status":"closed","ping_status":"closed","template":"","meta":{"_acf_changed":false,"footnotes":""},"class_list":["post-79802","page","type-page","status-publish","has-post-thumbnail","hentry"],"acf":[],"_links":{"self":[{"href":"https:\/\/www.hqts.com\/vi\/wp-json\/wp\/v2\/pages\/79802","targetHints":{"allow":["GET"]}}],"collection":[{"href":"https:\/\/www.hqts.com\/vi\/wp-json\/wp\/v2\/pages"}],"about":[{"href":"https:\/\/www.hqts.com\/vi\/wp-json\/wp\/v2\/types\/page"}],"author":[{"embeddable":true,"href":"https:\/\/www.hqts.com\/vi\/wp-json\/wp\/v2\/users\/12"}],"replies":[{"embeddable":true,"href":"https:\/\/www.hqts.com\/vi\/wp-json\/wp\/v2\/comments?post=79802"}],"version-history":[{"count":5,"href":"https:\/\/www.hqts.com\/vi\/wp-json\/wp\/v2\/pages\/79802\/revisions"}],"predecessor-version":[{"id":115084,"href":"https:\/\/www.hqts.com\/vi\/wp-json\/wp\/v2\/pages\/79802\/revisions\/115084"}],"up":[{"embeddable":true,"href":"https:\/\/www.hqts.com\/vi\/wp-json\/wp\/v2\/pages\/78121"}],"wp:featuredmedia":[{"embeddable":true,"href":"https:\/\/www.hqts.com\/vi\/wp-json\/wp\/v2\/media\/77821"}],"wp:attachment":[{"href":"https:\/\/www.hqts.com\/vi\/wp-json\/wp\/v2\/media?parent=79802"}],"curies":[{"name":"wp","href":"https:\/\/api.w.org\/{rel}","templated":true}]}}