{"id":79815,"date":"2021-07-28T09:24:37","date_gmt":"2021-07-28T09:24:37","guid":{"rendered":"https:\/\/www.hqts.com\/?page_id=79815"},"modified":"2021-08-06T09:29:38","modified_gmt":"2021-08-06T09:29:38","slug":"thuc-pham-va-nong-nghiep","status":"publish","type":"page","link":"https:\/\/www.hqts.com\/vi\/linh-vuc\/thuc-pham-va-nong-nghiep\/","title":{"rendered":"Gi\u00e1m \u0111\u1ecbnh ch\u1ea5t l\u01b0\u1ee3ng th\u1ef1c ph\u1ea9m v\u00e0 n\u00f4ng nghi\u1ec7p"},"content":{"rendered":"\t\t<div data-elementor-type=\"wp-page\" data-elementor-id=\"79815\" class=\"elementor elementor-79815 elementor-1516\" data-elementor-post-type=\"page\">\n\t\t\t\t\t\t<section class=\"elementor-section elementor-top-section elementor-element elementor-element-41d291f elementor-section-boxed elementor-section-height-default elementor-section-height-default\" data-id=\"41d291f\" data-element_type=\"section\">\n\t\t\t\t\t\t<div class=\"elementor-container elementor-column-gap-default\">\n\t\t\t\t\t<div class=\"elementor-column elementor-col-100 elementor-top-column elementor-element elementor-element-60f8b6b\" data-id=\"60f8b6b\" data-element_type=\"column\">\n\t\t\t<div class=\"elementor-widget-wrap elementor-element-populated\">\n\t\t\t\t\t\t<div class=\"elementor-element elementor-element-7169cca elementor-widget elementor-widget-text-editor\" data-id=\"7169cca\" data-element_type=\"widget\" data-widget_type=\"text-editor.default\">\n\t\t\t\t<div class=\"elementor-widget-container\">\n\t\t\t\t\t\t\t\t\t<h2><strong>Gi\u00e1m \u0111\u1ecbnh ch\u1ea5t l\u01b0\u1ee3ng th\u1ef1c ph\u1ea9m v\u00e0 n\u00f4ng nghi\u1ec7p<\/strong><\/h2><p><strong>Ng\u00e0y nay, tai n\u1ea1n v\u1ec1 an to\u00e0n th\u1ef1c ph\u1ea9m x\u1ea3y ra r\u1ea5t th\u01b0\u1eddng xuy\u00ean. \u0110i\u1ec1u n\u00e0y c\u00f3 ngh\u0129a l\u00e0 doanh nghi\u1ec7p ph\u1ea3i t\u0103ng c\u01b0\u1eddng gi\u00e1m s\u00e1t v\u00e0 ki\u1ec3m tra nghi\u00eam ng\u1eb7t \u0111\u1ed1i v\u1edbi s\u1ea3n xu\u1ea5t v\u00e0 c\u00e1c v\u1ea5n \u0111\u1ec1 li\u00ean quan kh\u00e1c. T\u1eeb \u0111\u1ea5t \u0111ai trang tr\u1ea1i \u0111\u1ebfn b\u00e0n \u0103n, m\u1ed7i giai \u0111o\u1ea1n c\u1ee7a to\u00e0n b\u1ed9 chu\u1ed7i cung \u1ee9ng th\u1ef1c ph\u1ea9m \u0111\u1ec1u b\u1ecb th\u00e1ch th\u1ee9c b\u1edfi t\u00ednh an to\u00e0n, ch\u1ea5t l\u01b0\u1ee3ng v\u00e0 hi\u1ec7u qu\u1ea3 c\u1ee7a s\u1ea3n ph\u1ea9m. Ti\u00eau chu\u1ea9n ch\u1ea5t l\u01b0\u1ee3ng n\u00f4ng s\u1ea3n v\u00e0 th\u1ef1c ph\u1ea9m l\u00e0 \u0111i\u1ec1u quan tr\u1ecdng h\u00e0ng \u0111\u1ea7u v\u00e0 l\u00e0 tr\u1ecdng t\u00e2m \u0111\u1ed1i v\u1edbi c\u00e1c c\u01a1 quan qu\u1ea3n l\u00fd ng\u00e0nh v\u00e0 ng\u01b0\u1eddi ti\u00eau d\u00f9ng.<\/strong><\/p><p>Cho d\u00f9 l\u00e0 ng\u01b0\u1eddi tr\u1ed3ng tr\u1ecdt, \u0111\u00f3ng g\u00f3i th\u1ef1c ph\u1ea9m hay gi\u1eef b\u1ea5t k\u1ef3 vai tr\u00f2 quan tr\u1ecdng n\u00e0o kh\u00e1c trong chu\u1ed7i cung \u1ee9ng th\u1ef1c ph\u1ea9m, th\u00ec nhi\u1ec7m v\u1ee5 c\u1ee7a doanh nghi\u1ec7p l\u00e0 ph\u1ea3i ch\u1ee9ng minh t\u00ednh to\u00e0n v\u1eb9n v\u00e0 th\u00fac \u0111\u1ea9y an to\u00e0n t\u1eeb ngu\u1ed3n g\u1ed1c. Nh\u01b0ng nh\u1eefng \u0111\u1ea3m b\u1ea3o n\u00e0y ch\u1ec9 c\u00f3 th\u1ec3 \u0111\u01b0\u1ee3c \u0111\u01b0a ra khi vi\u1ec7c tr\u1ed3ng tr\u1ecdt, ch\u1ebf bi\u1ebfn, thu mua v\u00e0 v\u1eadn chuy\u1ec3n th\u01b0\u1eddng xuy\u00ean \u0111\u01b0\u1ee3c gi\u00e1m s\u00e1t v\u00e0 ki\u1ec3m \u0111\u1ecbnh b\u1edfi c\u00e1c nh\u00e2n vi\u00ean chuy\u00ean nghi\u1ec7p.<\/p><h2><strong>D\u1ecbch v\u1ee5 \u0111\u1ea3m b\u1ea3o ch\u1ea5t l\u01b0\u1ee3ng th\u1ef1c ph\u1ea9m<\/strong><\/h2><h4><strong>M\u1ed9t s\u1ed1 d\u1ecbch v\u1ee5 \u0111\u1ea3m b\u1ea3o ch\u1ea5t l\u01b0\u1ee3ng th\u1ef1c ph\u1ea3m ch\u00fang t\u00f4i cung c\u1ea5p bao g\u1ed3m:<\/strong><\/h4><ul><li>N\u00f4ng nghi\u1ec7p: ng\u0169 c\u1ed1c, rau v\u00e0 tr\u00e1i c\u00e2y<\/li><li>H\u1ea3i s\u1ea3n: h\u1ea3i s\u1ea3n \u0111\u00f4ng l\u1ea1nh, h\u1ea3i s\u1ea3n l\u1ea1nh v\u00e0 h\u1ea3i s\u1ea3n kh\u00f4.<\/li><li>Th\u1ef1c ph\u1ea9m ch\u1ebf bi\u1ebfn: ng\u0169 c\u1ed1c ch\u1ebf bi\u1ebfn, s\u1ea3n ph\u1ea9m t\u1eeb s\u1eefa, s\u1ea3n ph\u1ea9m t\u1eeb th\u1ecbt, s\u1ea3n ph\u1ea9m t\u1eeb h\u1ea3i s\u1ea3n, th\u1ef1c ph\u1ea9m \u0103n li\u1ec1n, \u0111\u1ed3 u\u1ed1ng \u0111\u00f4ng l\u1ea1nh, th\u1ef1c ph\u1ea9m \u0111\u00f4ng l\u1ea1nh, khoai t\u00e2y chi\u00ean gi\u00f2n v\u00e0 \u0111\u1ed3 \u0103n nh\u1eb9, k\u1eb9o, rau, tr\u00e1i c\u00e2y, th\u1ef1c ph\u1ea9m n\u01b0\u1edbng, d\u1ea7u \u0103n, h\u01b0\u01a1ng li\u1ec7u, v.v.<\/li><\/ul><p>Ch\u00fang t\u00f4i tu\u00e2n th\u1ee7 lu\u1eadt ph\u00e1p v\u00e0 quy \u0111\u1ecbnh qu\u1ed1c gia c\u0169ng nh\u01b0 th\u1ef1c hi\u1ec7n c\u00e1c d\u1ecbch v\u1ee5 ch\u1ea5t l\u01b0\u1ee3ng d\u1ef1a tr\u00ean c\u00e1c ti\u00eau chu\u1ea9n sau:<\/p><ul><li>Ti\u00eau chu\u1ea9n ki\u1ec3m tra l\u1ea5y m\u1eabu th\u1ef1c ph\u1ea9m: CAC \/ GL 50-2004, ISO 8423: 1991, GB \/ T 30642, v.v.<\/li><li>Ti\u00eau chu\u1ea9n \u0111\u00e1nh gi\u00e1 c\u1ea3m quan th\u1ef1c ph\u1ea9m: CODEX, ISO, GB, v\u00e0 c\u00e1c ti\u00eau chu\u1ea9n ph\u00e2n lo\u1ea1i kh\u00e1c.<\/li><li>Ti\u00eau chu\u1ea9n ph\u00e2n t\u00edch v\u00e0 ki\u1ec3m nghi\u1ec7m th\u1ef1c ph\u1ea9m: ti\u00eau chu\u1ea9n trong n\u01b0\u1edbc v\u00e0 qu\u1ed1c t\u1ebf, m\u1ed9t lo\u1ea1t c\u00e1c ti\u00eau chu\u1ea9n li\u00ean quan \u0111\u1ebfn ph\u00e1t hi\u1ec7n vi sinh, ph\u00e1t hi\u1ec7n d\u01b0 l\u01b0\u1ee3ng thu\u1ed1c b\u1ea3o v\u1ec7 th\u1ef1c v\u1eadt, ph\u00e2n t\u00edch h\u00f3a l\u00fd, v.v.<\/li><li>Ti\u00eau chu\u1ea9n \u0111\u00e1nh gi\u00e1 nh\u00e0 m\u00e1y \/ c\u1eeda h\u00e0ng: ISO9000, ISO14000, ISO22000, HACCP.<\/li><\/ul><h4><strong>D\u1ecbch v\u1ee5 \u0111\u1ea3m b\u1ea3o ch\u1ea5t l\u01b0\u1ee3ng th\u1ef1c ph\u1ea9m c\u1ee7a HQTS bao g\u1ed3m:<\/strong><\/h4><ul><li>\u0110\u00e1nh gi\u00e1 nh\u00e0 m\u00e1y \/ c\u1eeda h\u00e0ng<\/li><li>Gi\u00e1m \u0111\u1ecbnh<\/li><li>Gi\u00e1m \u0111\u1ecbnh tr\u01b0\u1edbc khi s\u1ea3n xu\u1ea5t (PPI)<\/li><li>Gi\u00e1m \u0111\u1ecbnh trong qu\u00e1 tr\u00ecnh ki\u1ec3m tra s\u1ea3n xu\u1ea5t (DPI)<\/li><li>Gi\u00e1m \u0111\u1ecbnh tr\u01b0\u1edbc khi xu\u1ea5t h\u00e0ng (PSI)<\/li><li>Gi\u00e1m s\u00e1t x\u1ebfp \/ d\u1ee1 h\u00e0ng (LS \/ US)<\/li><li>Gi\u00e1m s\u00e1t quy tr\u00ecnh s\u1ea3n xu\u1ea5t<\/li><li>Kh\u1ea3o s\u00e1t<\/li><li>Th\u1eed nghi\u1ec7m s\u1ea3n ph\u1ea9m<\/li><\/ul><h2><strong>Gi\u00e1m \u0111\u1ecbnh Th\u1ef1c ph\u1ea9m &amp; N\u00f4ng nghi\u1ec7p<\/strong><\/h2><h4><strong>C\u00e1c h\u1ea1ng m\u1ee5c gi\u00e1m \u0111\u1ecbnh n\u00f4ng nghi\u1ec7p v\u00e0 th\u1ef1c ph\u1ea9m c\u1ee7a ch\u00fang t\u00f4i bao g\u1ed3m:<\/strong><\/h4><ul><li>Ki\u1ec3m \u0111\u1ecbnh ngo\u1ea1i quan<\/li><li>\u0110o tr\u1ecdng l\u01b0\u1ee3ng<\/li><li>Ki\u1ec3m so\u00e1t nhi\u1ec7t \u0111\u1ed9<\/li><li>Ki\u1ec3m tra g\u00f3i h\u00e0ng<\/li><li>Ki\u1ec3m tra n\u1ed3ng \u0111\u1ed9 \u0111\u01b0\u1eddng<\/li><li>Ph\u00e1t hi\u1ec7n \u0111\u1ed9 m\u1eb7n<\/li><li>Ki\u1ec3m tra k\u00ednh b\u0103ng<\/li><li>Ki\u1ec3m tra quang sai m\u00e0u<\/li><\/ul><h4><strong>M\u1ed9t s\u1ed1 h\u1ea1ng m\u1ee5c d\u1ecbch v\u1ee5 ki\u1ec3m \u0111\u1ecbnh an to\u00e0n th\u1ef1c ph\u1ea9m v\u00e0 n\u00f4ng nghi\u1ec7p:<\/strong><\/h4><ul><li>Ph\u00e1t hi\u1ec7n \u00f4 nhi\u1ec5m<\/li><li>Ph\u00e1t hi\u1ec7n d\u01b0 l\u01b0\u1ee3ng<\/li><li>Ph\u00e1t hi\u1ec7n vi sinh v\u1eadt<\/li><li>Ph\u00e2n t\u00edch h\u00f3a l\u00fd<\/li><li>Ph\u00e1t hi\u1ec7n kim lo\u1ea1i n\u1eb7ng<\/li><li>Ph\u00e1t hi\u1ec7n thu\u1ed1c nhu\u1ed9m<\/li><li>\u0110o l\u01b0\u1eddng ch\u1ea5t l\u01b0\u1ee3ng n\u01b0\u1edbc<\/li><li>Ph\u00e2n t\u00edch nh\u00e3n dinh d\u01b0\u1ee1ng th\u1ef1c ph\u1ea9m<\/li><li>Ki\u1ec3m tra v\u1eadt li\u1ec7u ti\u1ebfp x\u00fac v\u1edbi th\u1ef1c ph\u1ea9m<\/li><\/ul>\t\t\t\t\t\t\t\t<\/div>\n\t\t\t\t<\/div>\n\t\t\t\t\t<\/div>\n\t\t<\/div>\n\t\t\t\t\t<\/div>\n\t\t<\/section>\n\t\t\t\t<\/div>\n\t\t","protected":false},"excerpt":{"rendered":"<p>Gi\u00e1m \u0111\u1ecbnh ch\u1ea5t l\u01b0\u1ee3ng th\u1ef1c ph\u1ea9m v\u00e0 n\u00f4ng nghi\u1ec7p Ng\u00e0y nay, tai n\u1ea1n v\u1ec1 an to\u00e0n th\u1ef1c ph\u1ea9m x\u1ea3y ra r\u1ea5t th\u01b0\u1eddng xuy\u00ean. \u0110i\u1ec1u n\u00e0y c\u00f3 ngh\u0129a l\u00e0 doanh nghi\u1ec7p ph\u1ea3i t\u0103ng c\u01b0\u1eddng gi\u00e1m s\u00e1t v\u00e0 ki\u1ec3m tra nghi\u00eam ng\u1eb7t \u0111\u1ed1i v\u1edbi s\u1ea3n xu\u1ea5t v\u00e0 c\u00e1c v\u1ea5n \u0111\u1ec1 li\u00ean quan kh\u00e1c. T\u1eeb \u0111\u1ea5t \u0111ai trang [&hellip;]<\/p>\n","protected":false},"author":12,"featured_media":79822,"parent":78121,"menu_order":2,"comment_status":"closed","ping_status":"closed","template":"","meta":{"_acf_changed":false,"footnotes":""},"class_list":["post-79815","page","type-page","status-publish","has-post-thumbnail","hentry"],"acf":[],"_links":{"self":[{"href":"https:\/\/www.hqts.com\/vi\/wp-json\/wp\/v2\/pages\/79815","targetHints":{"allow":["GET"]}}],"collection":[{"href":"https:\/\/www.hqts.com\/vi\/wp-json\/wp\/v2\/pages"}],"about":[{"href":"https:\/\/www.hqts.com\/vi\/wp-json\/wp\/v2\/types\/page"}],"author":[{"embeddable":true,"href":"https:\/\/www.hqts.com\/vi\/wp-json\/wp\/v2\/users\/12"}],"replies":[{"embeddable":true,"href":"https:\/\/www.hqts.com\/vi\/wp-json\/wp\/v2\/comments?post=79815"}],"version-history":[{"count":5,"href":"https:\/\/www.hqts.com\/vi\/wp-json\/wp\/v2\/pages\/79815\/revisions"}],"predecessor-version":[{"id":80959,"href":"https:\/\/www.hqts.com\/vi\/wp-json\/wp\/v2\/pages\/79815\/revisions\/80959"}],"up":[{"embeddable":true,"href":"https:\/\/www.hqts.com\/vi\/wp-json\/wp\/v2\/pages\/78121"}],"wp:featuredmedia":[{"embeddable":true,"href":"https:\/\/www.hqts.com\/vi\/wp-json\/wp\/v2\/media\/79822"}],"wp:attachment":[{"href":"https:\/\/www.hqts.com\/vi\/wp-json\/wp\/v2\/media?parent=79815"}],"curies":[{"name":"wp","href":"https:\/\/api.w.org\/{rel}","templated":true}]}}