{"id":79836,"date":"2021-07-28T09:37:01","date_gmt":"2021-07-28T09:37:01","guid":{"rendered":"https:\/\/www.hqts.com\/?page_id=79836"},"modified":"2022-01-12T04:50:41","modified_gmt":"2022-01-12T04:50:41","slug":"an-toan-thuc-pham","status":"publish","type":"page","link":"https:\/\/www.hqts.com\/vi\/linh-vuc\/thuc-pham-va-nong-nghiep\/an-toan-thuc-pham\/","title":{"rendered":"D\u1ecaCH V\u1ee4 \u0110\u1ea2M B\u1ea2O CH\u1ea4T L\u01af\u1ee2NG TH\u1ef0C PH\u1ea8M &#038; N\u00d4NG NGHI\u1ec6P"},"content":{"rendered":"<h2><strong>D\u1ecbch v\u1ee5 \u0110\u1ea3m b\u1ea3o Ch\u1ea5t l\u01b0\u1ee3ng Th\u1ef1c ph\u1ea9m &amp; N\u00f4ng nghi\u1ec7p<\/strong><\/h2>\n<p><strong>L\u00e0 m\u1ed9t th\u00e0nh vi\u00ean \u0111\u01b0\u1ee3c ch\u1ee9ng nh\u1eadn GAFTA, HQTS l\u00e0 m\u1ed9t trong nh\u1eefng t\u1eadp \u0111o\u00e0n d\u1eabn \u0111\u1ea7u v\u1ec1 \u0111\u1ea3m b\u1ea3o ch\u1ea5t l\u01b0\u1ee3ng to\u00e0n c\u1ea7u, cung c\u1ea5p c\u00e1c gi\u1ea3i ph\u00e1p ch\u1ea5t l\u01b0\u1ee3ng cho c\u00e1c s\u1ea3n ph\u1ea9m ti\u00eau d\u00f9ng v\u00e0 c\u00f4ng nghi\u1ec7p. HQTS \u0111\u01b0\u1ee3c CNAS c\u00f4ng nh\u1eadn theo ti\u00eau chu\u1ea9n ISO17020 v\u00e0 ISO17025. Ch\u00fang t\u00f4i cung c\u1ea5p c\u00e1c d\u1ecbch v\u1ee5 gi\u00e1m \u0111\u1ecbnh, \u0111\u00e1nh gi\u00e1, th\u1eed nghi\u1ec7m v\u00e0 t\u01b0 v\u1ea5n t\u1ed1t nh\u1ea5t tr\u00ean to\u00e0n Ch\u00e2u \u00c1.<\/strong><\/p>\n<p>T\u1eadn d\u1ee5ng ki\u1ebfn \u200b\u200bth\u1ee9c phong ph\u00fa v\u00e0 kinh nghi\u1ec7m trong ng\u00e0nh t\u1eeb c\u00e1c chuy\u00ean gia h\u00e0ng \u0111\u1ea7u, ch\u00fang t\u00f4i s\u1ebd gi\u00fap doanh nghi\u1ec7p \u0111\u00e1p \u1ee9ng c\u00e1c ti\u00eau chu\u1ea9n ch\u1ea5t l\u01b0\u1ee3ng, an to\u00e0n v\u00e0 \u0111\u1ea1o \u0111\u1ee9c theo y\u00eau c\u1ea7u chu\u1ed7i cung. Ch\u00fang t\u00f4i s\u1eb5n s\u00e0ng c\u0169ng h\u1ed7 tr\u1ee3 c\u1ea3i thi\u1ec7n kh\u1ea3 n\u0103ng c\u1ea1nh tranh v\u00e0 hi\u1ec7u qu\u1ea3 kinh doanh c\u1ee7a doanh nghi\u1ec7p tr\u00ean th\u1ecb tr\u01b0\u1eddng to\u00e0n c\u1ea7u.<\/p>\n<p>Ng\u00e0y nay, tai n\u1ea1n v\u1ec1 an to\u00e0n th\u1ef1c ph\u1ea9m x\u1ea3y ra r\u1ea5t th\u01b0\u1eddng xuy\u00ean. \u0110i\u1ec1u n\u00e0y c\u00f3 ngh\u0129a l\u00e0 doanh nghi\u1ec7p ph\u1ea3i t\u0103ng c\u01b0\u1eddng gi\u00e1m s\u00e1t v\u00e0 ki\u1ec3m tra nghi\u00eam ng\u1eb7t \u0111\u1ed1i v\u1edbi s\u1ea3n xu\u1ea5t v\u00e0 c\u00e1c v\u1ea5n \u0111\u1ec1 li\u00ean quan kh\u00e1c. T\u1eeb \u0111\u1ea5t \u0111ai trang tr\u1ea1i \u0111\u1ebfn b\u00e0n \u0103n, m\u1ed7i giai \u0111o\u1ea1n c\u1ee7a to\u00e0n b\u1ed9 chu\u1ed7i cung \u1ee9ng th\u1ef1c ph\u1ea9m \u0111\u1ec1u b\u1ecb th\u00e1ch th\u1ee9c b\u1edfi t\u00ednh an to\u00e0n, ch\u1ea5t l\u01b0\u1ee3ng v\u00e0 hi\u1ec7u qu\u1ea3 c\u1ee7a s\u1ea3n ph\u1ea9m. Ti\u00eau chu\u1ea9n ch\u1ea5t l\u01b0\u1ee3ng n\u00f4ng s\u1ea3n v\u00e0 th\u1ef1c ph\u1ea9m l\u00e0 \u0111i\u1ec1u quan tr\u1ecdng h\u00e0ng \u0111\u1ea7u v\u00e0 l\u00e0 tr\u1ecdng t\u00e2m \u0111\u1ed1i v\u1edbi c\u00e1c c\u01a1 quan qu\u1ea3n l\u00fd ng\u00e0nh v\u00e0 ng\u01b0\u1eddi ti\u00eau d\u00f9ng.<\/p>\n<p>Cho d\u00f9 l\u00e0 ng\u01b0\u1eddi tr\u1ed3ng tr\u1ecdt, \u0111\u00f3ng g\u00f3i th\u1ef1c ph\u1ea9m hay gi\u1eef b\u1ea5t k\u1ef3 vai tr\u00f2 quan tr\u1ecdng n\u00e0o kh\u00e1c trong chu\u1ed7i cung \u1ee9ng th\u1ef1c ph\u1ea9m, th\u00ec nhi\u1ec7m v\u1ee5 c\u1ee7a doanh nghi\u1ec7p l\u00e0 ph\u1ea3i ch\u1ee9ng minh t\u00ednh to\u00e0n v\u1eb9n v\u00e0 th\u00fac \u0111\u1ea9y an to\u00e0n t\u1eeb ngu\u1ed3n g\u1ed1c. Nh\u01b0ng nh\u1eefng \u0111\u1ea3m b\u1ea3o n\u00e0y ch\u1ec9 c\u00f3 th\u1ec3 \u0111\u01b0\u1ee3c \u0111\u01b0a ra khi vi\u1ec7c tr\u1ed3ng tr\u1ecdt, ch\u1ebf bi\u1ebfn, thu mua v\u00e0 v\u1eadn chuy\u1ec3n th\u01b0\u1eddng xuy\u00ean \u0111\u01b0\u1ee3c gi\u00e1m s\u00e1t v\u00e0 ki\u1ec3m \u0111\u1ecbnh b\u1edfi c\u00e1c nh\u00e2n vi\u00ean chuy\u00ean nghi\u1ec7p.<\/p>\n<h2><strong>Danh m\u1ee5c s\u1ea3n ph\u1ea9m<\/strong><\/h2>\n<p><strong>M\u1ed9t s\u1ed1 d\u1ecbch v\u1ee5 \u0111\u1ea3m b\u1ea3o ch\u1ea5t l\u01b0\u1ee3ng th\u1ef1c ph\u1ea3m ch\u00fang t\u00f4i cung c\u1ea5p bao g\u1ed3m:<\/strong><\/p>\n<ul>\n<li>N\u00f4ng nghi\u1ec7p: ng\u0169 c\u1ed1c, <a href=\"https:\/\/www.hqts.com\/vi\/linh-vuc\/thuc-pham-va-nong-nghiep\/rau-cu-va-trai-cay\/\">rau v\u00e0 tr\u00e1i c\u00e2y<\/a><\/li>\n<li><a href=\"https:\/\/www.hqts.com\/vi\/linh-vuc\/thuc-pham-va-nong-nghiep\/thuy-hai-san\/\">H\u1ea3i s\u1ea3n<\/a>: h\u1ea3i s\u1ea3n \u0111\u00f4ng l\u1ea1nh, h\u1ea3i s\u1ea3n l\u1ea1nh v\u00e0 h\u1ea3i s\u1ea3n kh\u00f4.<\/li>\n<li>Th\u1ef1c ph\u1ea9m ch\u1ebf bi\u1ebfn: <a href=\"https:\/\/www.hqts.com\/vi\/linh-vuc\/thuc-pham-va-nong-nghiep\/hat-va-ngu-coc\/\">ng\u0169 c\u1ed1c<\/a> ch\u1ebf bi\u1ebfn, s\u1ea3n ph\u1ea9m t\u1eeb s\u1eefa, s\u1ea3n ph\u1ea9m t\u1eeb <a href=\"https:\/\/www.hqts.com\/vi\/linh-vuc\/thuc-pham-va-nong-nghiep\/thit-va-gia-cam\/\">th\u1ecbt<\/a>, s\u1ea3n ph\u1ea9m t\u1eeb h\u1ea3i s\u1ea3n, th\u1ef1c ph\u1ea9m \u0103n li\u1ec1n, \u0111\u1ed3 u\u1ed1ng \u0111\u00f4ng l\u1ea1nh, th\u1ef1c ph\u1ea9m \u0111\u00f4ng l\u1ea1nh, khoai t\u00e2y chi\u00ean gi\u00f2n v\u00e0 \u0111\u1ed3 \u0103n nh\u1eb9, k\u1eb9o, rau, tr\u00e1i c\u00e2y, th\u1ef1c ph\u1ea9m n\u01b0\u1edbng, d\u1ea7u \u0103n, h\u01b0\u01a1ng li\u1ec7u, v.v.<\/li>\n<\/ul>\n<h2><strong>Ti\u00eau chu\u1ea9n gi\u00e1m \u0111\u1ecbnh <\/strong><\/h2>\n<p>Ch\u00fang t\u00f4i tu\u00e2n th\u1ee7 lu\u1eadt ph\u00e1p v\u00e0 quy \u0111\u1ecbnh qu\u1ed1c gia v\u00e0 th\u1ef1c hi\u1ec7n c\u00e1c d\u1ecbch v\u1ee5 ch\u1ea5t l\u01b0\u1ee3ng d\u1ef1a tr\u00ean c\u00e1c ti\u00eau chu\u1ea9n sau:<\/p>\n<ul>\n<li>Ti\u00eau chu\u1ea9n ki\u1ec3m tra l\u1ea5y m\u1eabu th\u1ef1c ph\u1ea9m: CAC \/ GL 50-2004, ISO 8423: 1991, GB \/ T 30642, v.v.<\/li>\n<li>Ti\u00eau chu\u1ea9n \u0111\u00e1nh gi\u00e1 c\u1ea3m quan th\u1ef1c ph\u1ea9m: CODEX, ISO, GB v\u00e0 c\u00e1c ti\u00eau chu\u1ea9n ph\u00e2n lo\u1ea1i kh\u00e1c<\/li>\n<li>Ti\u00eau chu\u1ea9n ph\u00e2n t\u00edch v\u00e0 ki\u1ec3m nghi\u1ec7m th\u1ef1c ph\u1ea9m: ti\u00eau chu\u1ea9n trong n\u01b0\u1edbc v\u00e0 qu\u1ed1c t\u1ebf, m\u1ed9t lo\u1ea1t c\u00e1c ti\u00eau chu\u1ea9n li\u00ean quan \u0111\u1ebfn ph\u00e1t hi\u1ec7n vi sinh, ph\u00e1t hi\u1ec7n d\u01b0 l\u01b0\u1ee3ng thu\u1ed1c b\u1ea3o v\u1ec7 th\u1ef1c v\u1eadt, ph\u00e2n t\u00edch h\u00f3a l\u00fd, v.v.<\/li>\n<li>Ti\u00eau chu\u1ea9n \u0111\u00e1nh gi\u00e1 nh\u00e0 m\u00e1y \/ c\u1eeda h\u00e0ng: ISO9000, ISO14000, ISO22000, HACCP<\/li>\n<\/ul>\n<h2><strong>D\u1ecbch v\u1ee5 \u0111\u1ea3m b\u1ea3o ch\u1ea5t l\u01b0\u1ee3ng n\u00f4ng s\u1ea3n v\u00e0 th\u1ef1c ph\u1ea9m<\/strong><\/h2>\n<p><strong>D\u1ecbch v\u1ee5 \u0111\u1ea3m b\u1ea3o ch\u1ea5t l\u01b0\u1ee3ng th\u1ef1c ph\u1ea9m c\u1ee7a HQTS bao g\u1ed3m:<\/strong><\/p>\n<ul>\n<li><strong>\u0110\u00e1nh gi\u00e1 nh\u00e0 m\u00e1y \/ c\u1eeda h\u00e0ng<\/strong><\/li>\n<li><strong>Gi\u00e1m \u0111\u1ecbnh<\/strong><\/li>\n<\/ul>\n<p>&#8211; Ki\u1ec3m tra s\u1ed1 l\u01b0\u1ee3ng v\u00e0 tr\u1ecdng l\u01b0\u1ee3ng b\u1eb1ng m\u00e1y \u0111o n\u01b0\u1edbc v\u00e0 m\u00e1y c\u00e2n<\/p>\n<p>&#8211; L\u1ea5y m\u1eabu, gi\u00e1m \u0111\u1ecbnh ch\u1ea5t l\u01b0\u1ee3ng v\u00e0 th\u1eed nghi\u1ec7m<\/p>\n<p>&#8211; Kh\u1ea3 n\u0103ng chuy\u00ean ch\u1edf c\u1ee7a t\u00e0u<\/p>\n<p>&#8211; Nh\u1eadn \u0111\u1ecbnh t\u1ed5n th\u1ea5t bao h\u00e0ng h\u00f3a thi\u1ebfu h\u1ee5t v\u00e0 h\u01b0 h\u1ecfng<\/p>\n<p>M\u1ed9t s\u1ed1 h\u1ea1ng m\u1ee5c gi\u00e1m \u0111\u1ecbnh n\u00f4ng nghi\u1ec7p v\u00e0 th\u1ef1c ph\u1ea9m c\u1ee7a HQTS: ki\u1ec3m \u0111\u1ecbnh ngo\u1ea1i quan, \u0111o tr\u1ecdng l\u01b0\u1ee3ng, ki\u1ec3m \u0111\u1ecbnh nhi\u1ec7t \u0111\u1ed9, ki\u1ec3m tra g\u00f3i h\u00e0ng, ki\u1ec3m tra n\u1ed3ng \u0111\u1ed9 \u0111\u01b0\u1eddng, ph\u00e1t hi\u1ec7n \u0111\u1ed9 m\u1eb7n, ki\u1ec3m tra b\u0103ng k\u00ednh, ki\u1ec3m tra quang sai m\u00e0u<\/p>\n<ul>\n<li><strong>Th\u1eed nghi\u1ec7m s\u1ea3n ph\u1ea9m<\/strong><\/li>\n<\/ul>\n<p>M\u1ed9t s\u1ed1 h\u1ea1ng m\u1ee5c trong d\u1ecbch v\u1ee5 th\u1eed nghi\u1ec7m an to\u00e0n th\u1ef1c ph\u1ea9m v\u00e0 n\u00f4ng nghi\u1ec7p c\u1ee7a HQTS: ph\u00e1t hi\u1ec7n \u00f4 nhi\u1ec5m, ph\u00e1t hi\u1ec7n d\u01b0 l\u01b0\u1ee3ng, ph\u00e1t hi\u1ec7n vi sinh v\u1eadt, ph\u00e2n t\u00edch l\u00fd h\u00f3a, ph\u00e1t hi\u1ec7n kim lo\u1ea1i n\u1eb7ng, ph\u00e1t hi\u1ec7n thu\u1ed1c nhu\u1ed9m, \u0111o ch\u1ea5t l\u01b0\u1ee3ng n\u01b0\u1edbc, ph\u00e2n t\u00edch nh\u00e3n dinh d\u01b0\u1ee1ng th\u1ef1c ph\u1ea9m, ki\u1ec3m tra v\u1eadt li\u1ec7u ti\u1ebfp x\u00fac v\u1edbi th\u1ef1c ph\u1ea9m<\/p>\n","protected":false},"excerpt":{"rendered":"<p>D\u1ecbch v\u1ee5 \u0110\u1ea3m b\u1ea3o Ch\u1ea5t l\u01b0\u1ee3ng Th\u1ef1c ph\u1ea9m &amp; N\u00f4ng nghi\u1ec7p L\u00e0 m\u1ed9t th\u00e0nh vi\u00ean \u0111\u01b0\u1ee3c ch\u1ee9ng nh\u1eadn GAFTA, HQTS l\u00e0 m\u1ed9t trong nh\u1eefng t\u1eadp \u0111o\u00e0n d\u1eabn \u0111\u1ea7u v\u1ec1 \u0111\u1ea3m b\u1ea3o ch\u1ea5t l\u01b0\u1ee3ng to\u00e0n c\u1ea7u, cung c\u1ea5p c\u00e1c gi\u1ea3i ph\u00e1p ch\u1ea5t l\u01b0\u1ee3ng cho c\u00e1c s\u1ea3n ph\u1ea9m ti\u00eau d\u00f9ng v\u00e0 c\u00f4ng nghi\u1ec7p. HQTS \u0111\u01b0\u1ee3c CNAS c\u00f4ng [&hellip;]<\/p>\n","protected":false},"author":12,"featured_media":76621,"parent":79815,"menu_order":16,"comment_status":"closed","ping_status":"closed","template":"","meta":{"_acf_changed":false,"footnotes":""},"class_list":["post-79836","page","type-page","status-publish","has-post-thumbnail","hentry"],"acf":[],"_links":{"self":[{"href":"https:\/\/www.hqts.com\/vi\/wp-json\/wp\/v2\/pages\/79836","targetHints":{"allow":["GET"]}}],"collection":[{"href":"https:\/\/www.hqts.com\/vi\/wp-json\/wp\/v2\/pages"}],"about":[{"href":"https:\/\/www.hqts.com\/vi\/wp-json\/wp\/v2\/types\/page"}],"author":[{"embeddable":true,"href":"https:\/\/www.hqts.com\/vi\/wp-json\/wp\/v2\/users\/12"}],"replies":[{"embeddable":true,"href":"https:\/\/www.hqts.com\/vi\/wp-json\/wp\/v2\/comments?post=79836"}],"version-history":[{"count":4,"href":"https:\/\/www.hqts.com\/vi\/wp-json\/wp\/v2\/pages\/79836\/revisions"}],"predecessor-version":[{"id":115085,"href":"https:\/\/www.hqts.com\/vi\/wp-json\/wp\/v2\/pages\/79836\/revisions\/115085"}],"up":[{"embeddable":true,"href":"https:\/\/www.hqts.com\/vi\/wp-json\/wp\/v2\/pages\/79815"}],"wp:featuredmedia":[{"embeddable":true,"href":"https:\/\/www.hqts.com\/vi\/wp-json\/wp\/v2\/media\/76621"}],"wp:attachment":[{"href":"https:\/\/www.hqts.com\/vi\/wp-json\/wp\/v2\/media?parent=79836"}],"curies":[{"name":"wp","href":"https:\/\/api.w.org\/{rel}","templated":true}]}}