{"id":79840,"date":"2021-07-28T09:42:30","date_gmt":"2021-07-28T09:42:30","guid":{"rendered":"https:\/\/www.hqts.com\/?page_id=79840"},"modified":"2021-08-06T09:29:39","modified_gmt":"2021-08-06T09:29:39","slug":"thuy-hai-san","status":"publish","type":"page","link":"https:\/\/www.hqts.com\/vi\/linh-vuc\/thuc-pham-va-nong-nghiep\/thuy-hai-san\/","title":{"rendered":"GI\u00c1M \u0110\u1ecaNH CH\u1ea4T L\u01af\u1ee2NG TH\u1ee6Y H\u1ea2I S\u1ea2N"},"content":{"rendered":"<p>Gi\u00e1m \u0111\u1ecbnh ch\u1ea5t l\u01b0\u1ee3ng to\u00e0n di\u1ec7n s\u1ea3n ph\u1ea9m th\u1ee7y h\u1ea3i s\u1ea3n \u0111\u01b0\u1ee3c th\u1ef1c hi\u1ec7n t\u1ea1i qu\u1ed1c gia c\u00f3 ngu\u1ed3n g\u1ed1c th\u1ee7y s\u1ea3n l\u00e0 \u0111i\u1ec1u c\u1ea7n thi\u1ebft \u0111\u1ec3 n\u00e2ng cao ch\u1ea5t l\u01b0\u1ee3ng v\u00e0 \u0111\u1ed9 an to\u00e0n c\u1ee7a t\u1ea5t c\u1ea3 c\u00e1c s\u1ea3n ph\u1ea9m t\u1eeb c\u00e1. Gi\u00e1m \u0111\u1ecbnh k\u1ecbp th\u1eddi \u0111\u1ea3m b\u1ea3o r\u1eb1ng th\u1eddi gian giao h\u00e0ng c\u00f3 th\u1ec3 \u0111\u01b0\u1ee3c \u01b0\u1edbc t\u00ednh m\u1ed9t c\u00e1ch t\u1ed1t nh\u1ea5t<\/p>\n<h2><strong>D\u1ecbch v\u1ee5 gi\u00e1m \u0111\u1ecbnh h\u1ea3i s\u1ea3n<\/strong><\/h2>\n<p>Vi\u1ec7c gi\u00e1m \u0111\u1ecbnh to\u00e0n di\u1ec7n th\u1ee7y s\u1ea3n \u0111\u01b0\u1ee3c th\u1ef1c hi\u1ec7n t\u1ea1i qu\u1ed1c gia c\u00f3 ngu\u1ed3n g\u1ed1c th\u1ee7y s\u1ea3n l\u00e0 \u0111i\u1ec1u c\u1ea7n thi\u1ebft \u0111\u1ec3 n\u00e2ng cao ch\u1ea5t l\u01b0\u1ee3ng v\u00e0 \u0111\u1ed9 an to\u00e0n c\u1ee7a t\u1ea5t c\u1ea3 c\u00e1c s\u1ea3n ph\u1ea9m t\u1eeb c\u00e1. Gi\u00e1m \u0111\u1ecbnh k\u1ecbp th\u1eddi \u0111\u1ea3m b\u1ea3o r\u1eb1ng th\u1eddi gian giao h\u00e0ng c\u00f3 th\u1ec3 \u0111\u01b0\u1ee3c \u01b0\u1edbc t\u00ednh m\u1ed9t c\u00e1ch t\u1ed1t nh\u1ea5t. Qu\u00e1 tr\u00ecnh gi\u00e1m \u0111\u1ecbnh ph\u1ea3i bao g\u1ed3m gi\u00e1m \u0111\u1ecbnh nh\u00e0 cung c\u1ea5p, th\u1eed nghi\u1ec7m s\u1ea3n ph\u1ea9m, gi\u00e1m \u0111\u1ecbnh tr\u01b0\u1edbc s\u1ea3n xu\u1ea5t (PPI), gi\u00e1m \u0111\u1ecbnh trong qu\u00e1 tr\u00ecnh s\u1ea3n xu\u1ea5t (DUPRO), gi\u00e1m \u0111\u1ecbnh tr\u01b0\u1edbc khi xu\u1ea5t h\u00e0ng (PSI) v\u00e0 gi\u00e1m s\u00e1t x\u1ebfp d\u1ee1 (LS \/ US).<\/p>\n<p><iframe title=\"HQTS Seafood Inspection\" width=\"800\" height=\"450\" src=\"https:\/\/www.youtube.com\/embed\/KMnqYAxipSM?feature=oembed\" frameborder=\"0\" allow=\"accelerometer; autoplay; clipboard-write; encrypted-media; gyroscope; picture-in-picture\" allowfullscreen><\/iframe><\/p>\n<h2><strong>Kh\u1ea3o s\u00e1t <\/strong><\/h2>\n<p>C\u00e1c cu\u1ed9c kh\u1ea3o s\u00e1t trong ng\u00e0nh h\u1ea3i s\u1ea3n \u0111\u00e3 tr\u1edf n\u00ean c\u1ef1c k\u1ef3 quan tr\u1ecdng. Th\u1eddi gian v\u1eadn chuy\u1ec3n l\u00e2u h\u01a1n l\u00e0m t\u0103ng r\u1ee7i ro \u0111\u1ed1i v\u1edbi ch\u1ea5t l\u01b0\u1ee3ng c\u1ee7a h\u1ea3i s\u1ea3n khi \u0111\u01b0\u1ee3c giao \u0111\u1ebfn n\u01a1i. C\u00e1c cu\u1ed9c kh\u1ea3o s\u00e1t \u0111\u01b0\u1ee3c ti\u1ebfn h\u00e0nh nh\u1eb1m x\u00e1c \u0111\u1ecbnh nguy\u00ean nh\u00e2n v\u00e0 gi\u1ea3i quy\u1ebft c\u00e1c h\u01b0 h\u1ecfng c\u00f3 th\u1ec3 x\u1ea3y ra \u0111\u1ed1i v\u1edbi s\u1ea3n ph\u1ea9m trong qu\u00e1 tr\u00ecnh v\u1eadn chuy\u1ec3n. Ngo\u00e0i ra, m\u1ed9t cu\u1ed9c kh\u1ea3o s\u00e1t tr\u01b0\u1edbc \u0111\u01b0\u1ee3c th\u1ef1c hi\u1ec7n tr\u01b0\u1edbc khi h\u00e0ng \u0111\u01b0\u1ee3c giao \u0111\u1ebfn \u0111\u1ebfn s\u1ebd \u0111\u1ea3m b\u1ea3o r\u1eb1ng m\u1ecdi th\u1ee9 \u0111\u1ec1u theo tu\u00e2n theo th\u1ee9 t\u1ef1 tr\u01b0\u1edbc khi h\u00e0ng c\u1eadp b\u1ebfn.<\/p>\n<p>M\u1ed9t khi s\u1ea3n ph\u1ea9m \u0111\u00e3 \u0111\u1ebfn \u0111i\u1ec3m \u0111\u1ebfn cu\u1ed1i c\u00f9ng, m\u1ed9t cu\u1ed9c kh\u1ea3o s\u00e1t thi\u1ec7t h\u1ea1i s\u1ebd \u0111\u01b0\u1ee3c ho\u00e0n th\u00e0nh d\u1ef1a tr\u00ean ph\u1ea3n h\u1ed3i c\u1ee7a kh\u00e1ch h\u00e0ng, bao g\u1ed3m vi\u1ec7c x\u00e1c \u0111\u1ecbnh nguy\u00ean nh\u00e2n c\u1ee7a b\u1ea5t k\u1ef3 thi\u1ec7t h\u1ea1i n\u00e0o x\u1ea3y ra trong qu\u00e1 tr\u00ecnh v\u1eadn chuy\u1ec3n v\u00e0 \u0111\u01b0a ra c\u00e1c gi\u1ea3i ph\u00e1p mang t\u00ednh x\u00e2y d\u1ef1ng v\u00e0 hi\u1ec7u qu\u1ea3 cho t\u01b0\u01a1ng lai.<\/p>\n<h2><strong>\u0110\u00e1nh gi\u00e1 Nh\u00e0 m\u00e1y H\u1ea3i s\u1ea3n<\/strong><\/h2>\n<p>\u0110\u00e1nh gi\u00e1 Nh\u00e0 m\u00e1y Th\u1ee7y s\u1ea3n s\u1ebd gi\u00fap doanh nghi\u1ec7p ch\u1ecdn \u0111\u00fang nh\u00e0 cung c\u1ea5p. \u0110\u00e1nh gi\u00e1 nh\u00e0 cung c\u1ea5p d\u1ef1a tr\u00ean c\u00e1c kh\u00eda c\u1ea1nh kh\u00e1c nhau khi c\u1ea7n thi\u1ebft.<\/p>\n<p>C\u00e1c D\u1ecbch v\u1ee5 ch\u00fang t\u00f4i cung c\u1ea5p:<\/p>\n<ul>\n<li>\u0110\u00e1nh gi\u00e1 Tu\u00e2n th\u1ee7 X\u00e3 h\u1ed9i<\/li>\n<li>Ki\u1ec3m tra n\u0103ng l\u1ef1c k\u1ef9 thu\u1eadt c\u1ee7a nh\u00e0 m\u00e1y<\/li>\n<li>\u0110\u00e1nh gi\u00e1 v\u1ec7 sinh th\u1ef1c ph\u1ea9m<\/li>\n<\/ul>\n<h2><strong>Th\u1eed nghi\u1ec7m An to\u00e0n Th\u1ee7y s\u1ea3n<\/strong><\/h2>\n<p>Ch\u00fang t\u00f4i c\u00f3 th\u1ec3 ti\u1ebfn h\u00e0nh nhi\u1ec1u lo\u1ea1i ph\u00e2n t\u00edch kh\u00e1c nhau d\u1ef1a tr\u00ean c\u00e1c ti\u00eau chu\u1ea9n qu\u1ed1c t\u1ebf v\u00e0 t\u00f9y thu\u1ed9c v\u00e0 m\u1ed7i qu\u1ed1c gia \u0111\u1ec3 x\u00e1c nh\u1eadn xem c\u00e1c s\u1ea3n ph\u1ea9m n\u00f4ng nghi\u1ec7p v\u00e0 th\u1ef1c ph\u1ea9m li\u00ean quan c\u00f3 ph\u00f9 h\u1ee3p v\u1edbi c\u00e1c h\u1ee3p \u0111\u1ed3ng v\u00e0 quy \u0111\u1ecbnh li\u00ean quan hay kh\u00f4ng<\/p>\n<ul>\n<li>Ph\u00e2n t\u00edch th\u00e0nh ph\u1ea7n h\u00f3a h\u1ecdc<\/li>\n<li>Ki\u1ec3m tra vi sinh<\/li>\n<li>Th\u1eed nghi\u1ec7m v\u1eadt l\u00fd<\/li>\n<li>Ki\u1ec3m tra dinh d\u01b0\u1ee1ng<\/li>\n<li>Ti\u1ebfp x\u00fac th\u1ef1c ph\u1ea9m v\u00e0 ki\u1ec3m tra bao b\u00ec<\/li>\n<\/ul>\n","protected":false},"excerpt":{"rendered":"<p>Gi\u00e1m \u0111\u1ecbnh ch\u1ea5t l\u01b0\u1ee3ng to\u00e0n di\u1ec7n s\u1ea3n ph\u1ea9m th\u1ee7y h\u1ea3i s\u1ea3n \u0111\u01b0\u1ee3c th\u1ef1c hi\u1ec7n t\u1ea1i qu\u1ed1c gia c\u00f3 ngu\u1ed3n g\u1ed1c th\u1ee7y s\u1ea3n l\u00e0 \u0111i\u1ec1u c\u1ea7n thi\u1ebft \u0111\u1ec3 n\u00e2ng cao ch\u1ea5t l\u01b0\u1ee3ng v\u00e0 \u0111\u1ed9 an to\u00e0n c\u1ee7a t\u1ea5t c\u1ea3 c\u00e1c s\u1ea3n ph\u1ea9m t\u1eeb c\u00e1. Gi\u00e1m \u0111\u1ecbnh k\u1ecbp th\u1eddi \u0111\u1ea3m b\u1ea3o r\u1eb1ng th\u1eddi gian giao h\u00e0ng c\u00f3 [&hellip;]<\/p>\n","protected":false},"author":12,"featured_media":77835,"parent":79815,"menu_order":0,"comment_status":"closed","ping_status":"closed","template":"","meta":{"_acf_changed":false,"footnotes":""},"class_list":["post-79840","page","type-page","status-publish","has-post-thumbnail","hentry"],"acf":[],"_links":{"self":[{"href":"https:\/\/www.hqts.com\/vi\/wp-json\/wp\/v2\/pages\/79840","targetHints":{"allow":["GET"]}}],"collection":[{"href":"https:\/\/www.hqts.com\/vi\/wp-json\/wp\/v2\/pages"}],"about":[{"href":"https:\/\/www.hqts.com\/vi\/wp-json\/wp\/v2\/types\/page"}],"author":[{"embeddable":true,"href":"https:\/\/www.hqts.com\/vi\/wp-json\/wp\/v2\/users\/12"}],"replies":[{"embeddable":true,"href":"https:\/\/www.hqts.com\/vi\/wp-json\/wp\/v2\/comments?post=79840"}],"version-history":[{"count":2,"href":"https:\/\/www.hqts.com\/vi\/wp-json\/wp\/v2\/pages\/79840\/revisions"}],"predecessor-version":[{"id":79842,"href":"https:\/\/www.hqts.com\/vi\/wp-json\/wp\/v2\/pages\/79840\/revisions\/79842"}],"up":[{"embeddable":true,"href":"https:\/\/www.hqts.com\/vi\/wp-json\/wp\/v2\/pages\/79815"}],"wp:featuredmedia":[{"embeddable":true,"href":"https:\/\/www.hqts.com\/vi\/wp-json\/wp\/v2\/media\/77835"}],"wp:attachment":[{"href":"https:\/\/www.hqts.com\/vi\/wp-json\/wp\/v2\/media?parent=79840"}],"curies":[{"name":"wp","href":"https:\/\/api.w.org\/{rel}","templated":true}]}}