{"id":79844,"date":"2021-07-28T09:46:47","date_gmt":"2021-07-28T09:46:47","guid":{"rendered":"https:\/\/www.hqts.com\/?page_id=79844"},"modified":"2021-08-06T09:29:38","modified_gmt":"2021-08-06T09:29:38","slug":"rau-cu-va-trai-cay","status":"publish","type":"page","link":"https:\/\/www.hqts.com\/vi\/linh-vuc\/thuc-pham-va-nong-nghiep\/rau-cu-va-trai-cay\/","title":{"rendered":"GI\u00c1M \u0110\u1ecaNH CH\u1ea4T L\u01af\u1ee2NG TR\u00c1I C\u00c2Y V\u00c0 RAU QU\u1ea2"},"content":{"rendered":"<h2><strong>Gi\u00e1m \u0111\u1ecbnh Tr\u00e1i c\u00e2y v\u00e0 Rau qu\u1ea3<\/strong><\/h2>\n<p>Tr\u00e1i c\u00e2y v\u00e0 rau qu\u1ea3 l\u00e0 nh\u1eefng s\u1ea3n ph\u1ea9m kh\u00f3 \u0111\u1ea3m b\u1ea3o ch\u1ea5t l\u01b0\u1ee3ng trong v\u1eadn chuy\u1ec3n. HQTS hi\u1ec3u \u0111\u01b0\u1ee3c s\u1ef1 c\u1ea7n thi\u1ebft c\u1ee7a vi\u1ec7c v\u1eadn chuy\u1ec3n v\u00e0 l\u01b0u kho an to\u00e0n, nhanh ch\u00f3ng. Do \u0111\u00f3, ch\u00fang t\u00f4i cung c\u1ea5p c\u00e1c d\u1ecbch v\u1ee5 gi\u00e1m \u0111\u1ecbnh gi\u00fap doanh nghi\u1ec7p hi\u1ec3u r\u00f5 quy tr\u00ecnh chu\u1ed7i cung \u1ee9ng v\u00e0 t\u1eeb \u0111\u00f3 n\u00e2ng cao kh\u1ea3 n\u0103ng c\u1ee7a \u0111\u01a1n v\u1ecb cung c\u1ea5p cho ph\u00f9 h\u1ee3p v\u1edbi m\u1ee5c ti\u00eau kinh doanh.<\/p>\n<p><strong>D\u1ecbch v\u1ee5 gi\u00e1m \u0111\u1ecbnh c\u1ee7a ch\u00fang t\u00f4i bao g\u1ed3m:<\/strong><\/p>\n<ul>\n<li>Gi\u00e1m \u0111\u1ecbnh tr\u01b0\u1edbc khi s\u1ea3n xu\u1ea5t<\/li>\n<li>Gi\u00e1m \u0111\u1ecbnh trong qu\u00e1 tr\u00ecnh s\u1ea3n xu\u1ea5t<\/li>\n<li>Gi\u00e1m \u0111\u1ecbnh tr\u01b0\u1edbc khi xu\u1ea5t h\u00e0ng<\/li>\n<li>D\u1ecbch v\u1ee5 l\u1ea5y m\u1eabu<\/li>\n<li>Gi\u00e1m s\u00e1t t\u1ea3i \/ Gi\u00e1m s\u00e1t b\u1ed1c d\u1ee1<\/li>\n<li>Kh\u1ea3o s\u00e1t \/ \u0110\u00e1nh gi\u00e1 Thi\u1ec7t h\u1ea1i<\/li>\n<li>Gi\u00e1m s\u00e1t quy tr\u00ecnh s\u1ea3n xu\u1ea5t<\/li>\n<li>D\u1ecbch v\u1ee5 ki\u1ec3m \u0111\u1ebfm<\/li>\n<\/ul>\n<h2><strong>Gi\u00e1m \u0111\u1ecbnh v\u00e0 \u0111\u00e1nh gi\u00e1 Nh\u00e0 m\u00e1y S\u1ea3n xu\u1ea5t \u0110\u1ed3 T\u01b0\u01a1i.<\/strong><\/h2>\n<p>S\u1ea3n ph\u1ea9m th\u1ef1c ph\u1ea9m s\u1ebd nhanh ch\u00f3ng h\u01b0 h\u1ecfng. Do \u0111\u00f3, \u0111i\u1ec1u c\u1ea7n thi\u1ebft l\u00e0 ch\u1ecdn m\u1ed9t nh\u00e0 m\u00e1y s\u1eed d\u1ee5ng c\u00e1c quy tr\u00ecnh s\u1ea3n xu\u1ea5t b\u00e0i b\u1ea3n v\u00e0 hi\u1ec7u qu\u1ea3. Ch\u00fang t\u00f4i h\u1ed7 tr\u1ee3 doanh nghi\u1ec7p trong qu\u00e1 tr\u00ecnh ra quy\u1ebft \u0111\u1ecbnh n\u00e0y b\u1eb1ng c\u00e1ch cung c\u1ea5p c\u00e1c cu\u1ed9c \u0111\u00e1nh gi\u00e1, gi\u00e1m \u0111\u1ecbnh \u0111\u1ec3 xem x\u00e9t c\u00e1c ho\u1ea1t \u0111\u1ed9ng c\u1ee7a nh\u00e0 cung c\u1ea5p, ch\u1eb3ng h\u1ea1n nh\u01b0 kh\u1ea3 n\u0103ng b\u1ea3o qu\u1ea3n v\u00e0 v\u1ec7 sinh th\u1ef1c ph\u1ea9m c\u1ee7a h\u1ecd. \u0110i\u1ec1u n\u00e0y gi\u00fap doanh nghi\u1ec7p \u0111\u01b0a ra c\u00e1c quy\u1ebft \u0111\u1ecbnh kinh doanh \u0111\u00fang \u0111\u1eafn nh\u1eb1m t\u1ea1o ra m\u1ed9t chu\u1ed7i cung \u1ee9ng an to\u00e0n v\u00e0 hi\u1ec7u qu\u1ea3.<\/p>\n<p><strong>D\u1ecbch v\u1ee5 \u0111\u00e1nh gi\u00e1 nh\u00e0 nh\u00e0 m\u00e1y c\u1ee7a ch\u00fang t\u00f4i bao g\u1ed3m:<\/strong><\/p>\n<ul>\n<li>\u0110\u00e1nh gi\u00e1 Tu\u00e2n th\u1ee7 X\u00e3 h\u1ed9i<\/li>\n<li>\u0110\u00e1nh gi\u00e1 n\u0103ng l\u1ef1c k\u1ef9 thu\u1eadt c\u1ee7a nh\u00e0 m\u00e1y<\/li>\n<li>Ki\u1ec3m tra v\u1ec7 sinh th\u1ef1c ph\u1ea9m<\/li>\n<li>\u0110\u00e1nh gi\u00e1 kho b\u00e3i<\/li>\n<\/ul>\n<h2><strong>Th\u1eed nghi\u1ec7m rau c\u1ee7 qu\u1ea3<\/strong><\/h2>\n<p>Ch\u00fang t\u00f4i ti\u1ebfn h\u00e0nh m\u1ed9t lo\u1ea1t c\u00e1c th\u1eed nghi\u1ec7m \u0111\u1ed1i v\u1edbi tr\u00e1i c\u00e2y v\u00e0 rau qu\u1ea3, gi\u00fap doanh nghi\u1ec7p hi\u1ec3u r\u00f5 ch\u1ea5t l\u01b0\u1ee3ng c\u1ee7a ch\u00fang. C\u00e1c th\u1eed nghi\u1ec7m n\u00e0y s\u1ebd gi\u00fap t\u00ecm ki\u1ebfm c\u00e1c r\u1ee7i ro ti\u1ec1m \u1ea9n trong s\u1ea3n ph\u1ea9m \u0111\u1ec3 gi\u1ea3m thi\u1ec3u b\u1ea5t k\u1ef3 s\u1ef1 ch\u1eadm tr\u1ec5 tron giao h\u00e0ng hay c\u00e1c nguy hi\u1ec3m ti\u1ec1m \u1ea9n kh\u00e1c. HQTS c\u0169ng gi\u00e1m \u0111\u1ecbnh c\u00e1c l\u00f4 h\u00e0ng \u0111\u1ec3 \u0111\u1ea3m b\u1ea3o tu\u00e2n th\u1ee7 c\u00e1c quy tr\u00ecnh \u0111\u00f3ng g\u00f3i v\u00e0 b\u1ea3o qu\u1ea3n ph\u00f9 h\u1ee3p. Gi\u00e1m \u0111\u1ecbnh l\u00e0 m\u1ed9t ph\u1ea7n thi\u1ebft y\u1ebfu c\u1ee7a chu\u1ed7i cung \u1ee9ng an to\u00e0n, do \u0111\u00f3 HQTS lu\u00f4n cung c\u1ea5p c\u00e1c gi\u1ea3i ph\u00e1p s\u00e1ng t\u1ea1o v\u00e0 kh\u00f4ng ng\u1eebng ph\u00e1t tri\u1ec3n.<\/p>\n<p><strong>D\u1ecbch v\u1ee5 th\u1eed nghi\u1ec7m c\u1ee7a ch\u00fang t\u00f4i bao g\u1ed3m:<\/strong><\/p>\n<ul>\n<li>Th\u1eed nghi\u1ec7m v\u1eadt l\u00fd<\/li>\n<li>Ph\u00e2n t\u00edch th\u00e0nh ph\u1ea7n h\u00f3a h\u1ecdc<\/li>\n<li>Th\u1eed nghi\u1ec7m vi sinh<\/li>\n<li>Th\u1eed nghi\u1ec7m c\u1ea3m quan<\/li>\n<li>Ki\u1ec3m \u0111\u1ecbnh dinh d\u01b0\u1ee1ng<\/li>\n<li>Ti\u1ebfp x\u00fac th\u1ef1c ph\u1ea9m v\u00e0 ki\u1ec3m \u0111\u1ecbnh bao b\u00ec<\/li>\n<\/ul>\n<h2><strong>Ch\u1ee9ng nh\u1eadn B\u1eaft bu\u1ed9c c\u1ee7a Ch\u00ednh ph\u1ee7<\/strong><\/h2>\n<p>M\u1ed9t s\u1ed1 c\u01a1 quan qu\u1ea3n l\u00fd c\u00f3 c\u00e1c quy \u0111\u1ecbnh v\u00e0 ch\u1ee9ng nh\u1eadn ch\u1eb7t ch\u1ebd, b\u1eaft bu\u1ed9c doanh nghi\u1ec7p ph\u1ea3i \u0111\u1ea1t \u0111\u01b0\u1ee3c \u0111\u1ec3 c\u00f3 th\u1ec3 l\u01b0u th\u00f4ng s\u1ea3n ph\u1ea9m tr\u00ean th\u1ecb tr\u01b0\u1eddng. Li\u00ean h\u1ec7 v\u1edbi ch\u00fang t\u00f4i \u0111\u1ec3 \u0111\u1ea3m b\u1ea3o h\u00e0ng h\u00f3a c\u1ee7a b\u1ea1n \u0111\u1ea1t \u0111\u01b0\u1ee3c nh\u1eefng ch\u1ee9ng nh\u1eadn c\u1ee5 th\u1ec3 n\u00e0y. C\u00e1c ch\u1ee9ng ch\u1ec9 c\u00f3 th\u1ec3 k\u1ec3 \u0111\u1ebfn:<\/p>\n<p>Ch\u1ee9ng nh\u1eadn h\u1ee3p quy COC \/ COI c\u1ee7a Iraq<\/p>\n<p>H\u00e3y li\u00ean h\u1ec7 v\u1edbi ch\u00fang t\u00f4i ngay h\u00f4m nay! HQTS s\u1ebd t\u01b0 v\u1ea5n cho b\u1ea1n v\u1ec1 chu\u1ed7i cung \u1ee9ng rau qu\u1ea3 an to\u00e0n v\u00e0 hi\u1ec7u qu\u1ea3 h\u01a1n.<\/p>\n","protected":false},"excerpt":{"rendered":"<p>Gi\u00e1m \u0111\u1ecbnh Tr\u00e1i c\u00e2y v\u00e0 Rau qu\u1ea3 Tr\u00e1i c\u00e2y v\u00e0 rau qu\u1ea3 l\u00e0 nh\u1eefng s\u1ea3n ph\u1ea9m kh\u00f3 \u0111\u1ea3m b\u1ea3o ch\u1ea5t l\u01b0\u1ee3ng trong v\u1eadn chuy\u1ec3n. HQTS hi\u1ec3u \u0111\u01b0\u1ee3c s\u1ef1 c\u1ea7n thi\u1ebft c\u1ee7a vi\u1ec7c v\u1eadn chuy\u1ec3n v\u00e0 l\u01b0u kho an to\u00e0n, nhanh ch\u00f3ng. Do \u0111\u00f3, ch\u00fang t\u00f4i cung c\u1ea5p c\u00e1c d\u1ecbch v\u1ee5 gi\u00e1m \u0111\u1ecbnh gi\u00fap doanh nghi\u1ec7p [&hellip;]<\/p>\n","protected":false},"author":12,"featured_media":77840,"parent":79815,"menu_order":0,"comment_status":"closed","ping_status":"closed","template":"","meta":{"_acf_changed":false,"footnotes":""},"class_list":["post-79844","page","type-page","status-publish","has-post-thumbnail","hentry"],"acf":[],"_links":{"self":[{"href":"https:\/\/www.hqts.com\/vi\/wp-json\/wp\/v2\/pages\/79844","targetHints":{"allow":["GET"]}}],"collection":[{"href":"https:\/\/www.hqts.com\/vi\/wp-json\/wp\/v2\/pages"}],"about":[{"href":"https:\/\/www.hqts.com\/vi\/wp-json\/wp\/v2\/types\/page"}],"author":[{"embeddable":true,"href":"https:\/\/www.hqts.com\/vi\/wp-json\/wp\/v2\/users\/12"}],"replies":[{"embeddable":true,"href":"https:\/\/www.hqts.com\/vi\/wp-json\/wp\/v2\/comments?post=79844"}],"version-history":[{"count":2,"href":"https:\/\/www.hqts.com\/vi\/wp-json\/wp\/v2\/pages\/79844\/revisions"}],"predecessor-version":[{"id":79848,"href":"https:\/\/www.hqts.com\/vi\/wp-json\/wp\/v2\/pages\/79844\/revisions\/79848"}],"up":[{"embeddable":true,"href":"https:\/\/www.hqts.com\/vi\/wp-json\/wp\/v2\/pages\/79815"}],"wp:featuredmedia":[{"embeddable":true,"href":"https:\/\/www.hqts.com\/vi\/wp-json\/wp\/v2\/media\/77840"}],"wp:attachment":[{"href":"https:\/\/www.hqts.com\/vi\/wp-json\/wp\/v2\/media?parent=79844"}],"curies":[{"name":"wp","href":"https:\/\/api.w.org\/{rel}","templated":true}]}}