{"id":79849,"date":"2021-07-28T09:51:15","date_gmt":"2021-07-28T09:51:15","guid":{"rendered":"https:\/\/www.hqts.com\/?page_id=79849"},"modified":"2021-08-06T09:29:38","modified_gmt":"2021-08-06T09:29:38","slug":"thit-va-gia-cam","status":"publish","type":"page","link":"https:\/\/www.hqts.com\/vi\/linh-vuc\/thuc-pham-va-nong-nghiep\/thit-va-gia-cam\/","title":{"rendered":"GI\u00c1M \u0110\u1ecaNH CH\u1ea4T L\u01af\u1ee2NG TH\u1ecaT V\u00c0 GIA C\u1ea6M"},"content":{"rendered":"<h2><strong>Gi\u00e1m \u0110\u1ecbnh Ch\u1ea5t L\u01b0\u1ee3ng Th\u1ecbt V\u00e0 Gia C\u1ea7m<\/strong><\/h2>\n<p>Th\u1ecbt s\u1ed1ng \u0111\u01b0\u1ee3c x\u1ebfp v\u00e0o nh\u00f3m c\u00e1c s\u1ea3n ph\u1ea9m c\u00f3 nguy c\u01a1 cao do t\u00ednh ch\u1ea5t nguy hi\u1ec3m c\u1ee7a n\u00f3 n\u1ebfu \u0111\u01b0\u1ee3c qu\u1ea3n l\u00fd kh\u00f4ng \u0111\u00fang c\u00e1ch. Do \u0111\u00f3, th\u1ef1c h\u00e0nh an to\u00e0n th\u1ef1c ph\u1ea9m ph\u1ea3i \u0111\u01b0\u1ee3c duy tr\u00ec v\u00e0 ph\u00e1t tri\u1ec3n. C\u00e1c quy \u0111\u1ecbnh, lu\u1eadt l\u1ec7 lu\u00f4n li\u00ean t\u1ee5c thay \u0111\u1ed5i v\u00e0 \u0111i\u1ec1u n\u00e0y c\u00f3 th\u1ec3 l\u00e0 m\u1ed9t th\u00e1ch th\u1ee9c cho c\u00e1c doanh nghi\u1ec7p n\u1ebfu kh\u00f4ng \u0111\u01b0\u1ee3c c\u00e1c chuy\u00ean gia trong ng\u00e0nh t\u01b0 v\u1ea5n.<\/p>\n<p>HQTS l\u00e0 m\u1ed9t t\u1ed5 ch\u1ee9c gi\u00e1m \u0111\u1ecbnh \u0111\u00e1ng tin c\u1eady v\u1edbi h\u01a1n 25 n\u0103m kinh nghi\u1ec7m. Ch\u00fang t\u00f4i c\u00f3 th\u1ec3 h\u1ed7 tr\u1ee3 doanh nghi\u1ec7p m\u1ed9t lo\u1ea1t c\u00e1c ho\u1ea1t \u0111\u1ed9ng gi\u00e1m s\u00e1t, th\u1eed nghi\u1ec7m v\u00e0 \u0111\u00e1nh gi\u00e1 chu\u1ed7i cung \u1ee9ng nh\u1eb1m \u0111\u1ea3m b\u1ea3o h\u00e0ng h\u00f3a kh\u00f4ng ch\u1ec9 an to\u00e0n m\u00e0 c\u00f2n ph\u00f9 h\u1ee3p v\u1edbi c\u00e1c quy \u0111\u1ecbnh qu\u1ed1c t\u1ebf.<\/p>\n<p><strong>C\u00e1c d\u1ecbch v\u1ee5 ch\u00ednh ch\u00fang t\u00f4i cung c\u1ea5p, bao g\u1ed3m<\/strong><\/p>\n<ul>\n<li>Gi\u00e1m \u0111\u1ecbnh tr\u01b0\u1edbc khi s\u1ea3n xu\u1ea5t<\/li>\n<li>Gi\u00e1m \u0111\u1ecbnh trong qu\u00e1 tr\u00ecnh s\u1ea3n xu\u1ea5t<\/li>\n<li>Gi\u00e1m \u0111\u1ecbnh tr\u01b0\u1edbc khi xu\u1ea5t h\u00e0ng<\/li>\n<li>D\u1ecbch v\u1ee5 l\u1ea5y m\u1eabu<\/li>\n<li>Gi\u00e1m s\u00e1t t\u1ea3i \/ Gi\u00e1m s\u00e1t b\u1ed1c d\u1ee1<\/li>\n<li>Kh\u1ea3o s\u00e1t \/ \u0110\u00e1nh gi\u00e1 Thi\u1ec7t h\u1ea1i<\/li>\n<li>Gi\u00e1m s\u00e1t quy tr\u00ecnh s\u1ea3n xu\u1ea5t<\/li>\n<li>D\u1ecbch v\u1ee5 ki\u1ec3m \u0111\u1ebfm<\/li>\n<\/ul>\n<h2><strong>\u0110\u00e1nh gi\u00e1 ch\u1ea5t l\u01b0\u1ee3ng th\u1ecbt v\u00e0 gia c\u1ea7m<\/strong><\/h2>\n<p>\u0110\u00e1nh gi\u00e1 ch\u1ea5t l\u01b0\u1ee3ng l\u00e0 m\u1ed9t c\u00e1ch th\u1ef1c t\u1ebf \u0111\u1ec3 \u0111\u1ea3m b\u1ea3o c\u00e1c nh\u00e0 cung c\u1ea5p c\u1ee7a b\u1ea1n \u0111ang s\u1eed d\u1ee5ng c\u00e1c ph\u01b0\u01a1ng ph\u00e1p v\u00e0 chi\u1ebfn l\u01b0\u1ee3c t\u1ed1t nh\u1ea5t. HQTS s\u1ebd h\u1ed7 tr\u1ee3 th\u1ef1c hi\u1ec7n c\u00e1c cu\u1ed9c \u0111\u00e1nh gi\u00e1 chuy\u00ean s\u00e2u trong to\u00e0n b\u1ed9 chu\u1ed7i cung \u1ee9ng c\u1ee7a doanh nghi\u1ec7p, bao g\u1ed3m trang tr\u1ea1i, l\u00f2 gi\u1ebft m\u1ed5 v\u00e0 kho b\u1ea3o qu\u1ea3n, \u0111\u1ea3m b\u1ea3o GMP (quy tr\u00ecnh s\u1ea3n xu\u1ea5t chung) v\u00e0 GHP (th\u1ef1c h\u00e0nh v\u1ec7 sinh chung) \u0111\u01b0\u1ee3c th\u1ef1c hi\u1ec7n m\u1ed9t c\u00e1ch an to\u00e0n v\u00e0 hi\u1ec7u qu\u1ea3.<\/p>\n<p><strong>Ch\u00fang t\u00f4i th\u1ef1c hi\u1ec7n \u0111i\u1ec1u n\u00e0y b\u1eb1ng c\u00e1ch tri\u1ec3n khai:<\/strong><\/p>\n<ul>\n<li>\u0110\u00e1nh gi\u00e1 Tu\u00e2n th\u1ee7 X\u00e3 h\u1ed9i<\/li>\n<li>Ki\u1ec3m \u0111\u1ecbnh n\u0103ng l\u1ef1c k\u1ef9 thu\u1eadt c\u1ee7a nh\u00e0 m\u00e1y<\/li>\n<li>Ki\u1ec3m nghi\u1ec7m v\u1ec7 sinh th\u1ef1c ph\u1ea9m<\/li>\n<li>Ki\u1ec3m tra v\u00e0 \u0111\u00e1nh gi\u00e1 c\u1eeda h\u00e0ng<\/li>\n<\/ul>\n<h2><strong>Ki\u1ec3m nghi\u1ec7m th\u1ecbt v\u00e0 gia c\u1ea7m<\/strong><\/h2>\n<p>V\u00ec th\u1ecbt v\u00e0 gia c\u1ea7m l\u00e0 nh\u1eefng s\u1ea3n ph\u1ea9m c\u00f3 nguy c\u01a1 cao n\u00ean c\u1ea7n ph\u1ea3i ki\u1ec3m tra nghi\u00eam ng\u1eb7t \u0111\u1ec3 \u0111\u1ea3m b\u1ea3o an to\u00e0n cho ng\u01b0\u1eddi ti\u00eau d\u00f9ng. Ch\u00fang t\u00f4i cung c\u1ea5p c\u00e1c d\u1ecbch v\u1ee5 th\u1eed nghi\u1ec7m t\u1ed1t nh\u1ea5t, c\u00f3 th\u1ec3 l\u00e0m n\u1ed5i b\u1eadt c\u00e1c r\u1ee7i ro ti\u1ec1m \u1ea9n trong s\u1ea3n ph\u1ea9m nh\u1eb1m th\u1ef1c hi\u1ec7n c\u00e1c gi\u1ea3i ph\u00e1p thi\u1ebft th\u1ef1c, gi\u00fap gi\u1ea3m thi\u1ec3u kh\u1ea3 n\u0103ng ch\u1eadm tr\u1ec5 v\u00e0 nguy hi\u1ec3m cho ng\u01b0\u1eddi ti\u00eau d\u00f9ng. C\u00e1c cu\u1ed9c ki\u1ec3m nghi\u1ec7m n\u00e0y \u0111\u01b0\u1ee3c th\u1ef1c hi\u1ec7n th\u00f4ng qua t\u1ea5t c\u1ea3 c\u00e1c giai \u0111o\u1ea1n c\u1ee7a chu\u1ed7i cung \u1ee9ng, t\u1eeb khi s\u1ea3n xu\u1ea5t \u0111\u1ebfn khi v\u1eadn chuy\u1ec3n v\u00e0 x\u00e1c nh\u1eadn h\u00e0ng h\u00f3a c\u00f3 ph\u00f9 h\u1ee3p v\u1edbi ti\u00eau chu\u1ea9n qu\u1ed1c gia v\u00e0 qu\u1ed1c t\u1ebf hay kh\u00f4ng.<\/p>\n<p><strong>C\u00e1c th\u1eed nghi\u1ec7m ch\u00fang t\u00f4i th\u1ef1c hi\u1ec7n bao g\u1ed3m:<\/strong><\/p>\n<ul>\n<li>Th\u1eed nghi\u1ec7m v\u1eadt l\u00fd<\/li>\n<li>Ph\u00e2n t\u00edch th\u00e0nh ph\u1ea7n h\u00f3a h\u1ecdc<\/li>\n<li>Ki\u1ec3m \u0111\u1ecbnh vi sinh<\/li>\n<li>Ki\u1ec3m tra c\u1ea3m quan<\/li>\n<li>Ki\u1ec3m nghi\u1ec7m dinh d\u01b0\u1ee1ng<\/li>\n<li>Ti\u1ebfp x\u00fac th\u1ef1c ph\u1ea9m v\u00e0 ki\u1ec3m tra bao b\u00ec<\/li>\n<\/ul>\n<h2><strong>D\u1ecbch v\u1ee5 gi\u00e1m s\u00e1t<\/strong><\/h2>\n<p>C\u0169ng nh\u01b0 \u0111\u00e1nh gi\u00e1 v\u00e0 th\u1eed nghi\u1ec7m, ch\u00fang t\u00f4i cung c\u1ea5p d\u1ecbch v\u1ee5 gi\u00e1m s\u00e1t trong chu\u1ed7i cung \u1ee9ng c\u1ee7a b\u1ea1n, gi\u00fap \u0111\u1ea3m b\u1ea3o th\u1ef1c h\u00e0nh an to\u00e0n th\u1ef1c ph\u1ea9m \u0111\u01b0\u1ee3c duy tr\u00ec \u1edf m\u1ecdi giai \u0111o\u1ea1n. \u0110i\u1ec1u n\u00e0y bao g\u1ed3m l\u01b0u tr\u1eef, v\u1eadn chuy\u1ec3n v\u00e0 ti\u00eau h\u1ee7y s\u1ea3n ph\u1ea9m, cho ph\u00e9p chu\u1ed7i cung \u1ee9ng ho\u1ea1t \u0111\u1ed9ng tr\u01a1n tru, an to\u00e0n v\u00e0 hi\u1ec7u qu\u1ea3.<\/p>\n<p><strong>D\u1ecbch v\u1ee5 gi\u00e1m s\u00e1t c\u1ee7a ch\u00fang t\u00f4i bao g\u1ed3m:<\/strong><\/p>\n<ul>\n<li>Gi\u00e1m s\u00e1t kho h\u00e0ng<\/li>\n<li>Gi\u00e1m s\u00e1t Giao th\u00f4ng v\u1eadn t\u1ea3i<\/li>\n<li>Gi\u00e1m s\u00e1t kh\u1eed tr\u00f9ng<\/li>\n<\/ul>\n<p>H\u00e3y li\u00ean h\u1ec7 v\u1edbi HQTS ngay h\u00f4m nay \u0111\u1ec3 t\u00ecm hi\u1ec3u th\u00eam v\u1ec1 chuy\u00ean m\u00f4n to\u00e0n di\u1ec7n c\u1ee7a ch\u00fang t\u00f4i trong l\u0129nh v\u1ef1c th\u1ecbt v\u00e0 gia c\u1ea7m.<\/p>\n","protected":false},"excerpt":{"rendered":"<p>Gi\u00e1m \u0110\u1ecbnh Ch\u1ea5t L\u01b0\u1ee3ng Th\u1ecbt V\u00e0 Gia C\u1ea7m Th\u1ecbt s\u1ed1ng \u0111\u01b0\u1ee3c x\u1ebfp v\u00e0o nh\u00f3m c\u00e1c s\u1ea3n ph\u1ea9m c\u00f3 nguy c\u01a1 cao do t\u00ednh ch\u1ea5t nguy hi\u1ec3m c\u1ee7a n\u00f3 n\u1ebfu \u0111\u01b0\u1ee3c qu\u1ea3n l\u00fd kh\u00f4ng \u0111\u00fang c\u00e1ch. Do \u0111\u00f3, th\u1ef1c h\u00e0nh an to\u00e0n th\u1ef1c ph\u1ea9m ph\u1ea3i \u0111\u01b0\u1ee3c duy tr\u00ec v\u00e0 ph\u00e1t tri\u1ec3n. C\u00e1c quy \u0111\u1ecbnh, lu\u1eadt l\u1ec7 [&hellip;]<\/p>\n","protected":false},"author":12,"featured_media":77846,"parent":79815,"menu_order":0,"comment_status":"closed","ping_status":"closed","template":"","meta":{"_acf_changed":false,"footnotes":""},"class_list":["post-79849","page","type-page","status-publish","has-post-thumbnail","hentry"],"acf":[],"_links":{"self":[{"href":"https:\/\/www.hqts.com\/vi\/wp-json\/wp\/v2\/pages\/79849","targetHints":{"allow":["GET"]}}],"collection":[{"href":"https:\/\/www.hqts.com\/vi\/wp-json\/wp\/v2\/pages"}],"about":[{"href":"https:\/\/www.hqts.com\/vi\/wp-json\/wp\/v2\/types\/page"}],"author":[{"embeddable":true,"href":"https:\/\/www.hqts.com\/vi\/wp-json\/wp\/v2\/users\/12"}],"replies":[{"embeddable":true,"href":"https:\/\/www.hqts.com\/vi\/wp-json\/wp\/v2\/comments?post=79849"}],"version-history":[{"count":2,"href":"https:\/\/www.hqts.com\/vi\/wp-json\/wp\/v2\/pages\/79849\/revisions"}],"predecessor-version":[{"id":79851,"href":"https:\/\/www.hqts.com\/vi\/wp-json\/wp\/v2\/pages\/79849\/revisions\/79851"}],"up":[{"embeddable":true,"href":"https:\/\/www.hqts.com\/vi\/wp-json\/wp\/v2\/pages\/79815"}],"wp:featuredmedia":[{"embeddable":true,"href":"https:\/\/www.hqts.com\/vi\/wp-json\/wp\/v2\/media\/77846"}],"wp:attachment":[{"href":"https:\/\/www.hqts.com\/vi\/wp-json\/wp\/v2\/media?parent=79849"}],"curies":[{"name":"wp","href":"https:\/\/api.w.org\/{rel}","templated":true}]}}