{"id":79854,"date":"2021-07-28T09:54:37","date_gmt":"2021-07-28T09:54:37","guid":{"rendered":"https:\/\/www.hqts.com\/?page_id=79854"},"modified":"2021-08-06T09:29:38","modified_gmt":"2021-08-06T09:29:38","slug":"hat-va-ngu-coc","status":"publish","type":"page","link":"https:\/\/www.hqts.com\/vi\/linh-vuc\/thuc-pham-va-nong-nghiep\/hat-va-ngu-coc\/","title":{"rendered":"GI\u00c1M \u0110\u1ecaNH CH\u1ea4T L\u01af\u1ee2NG C\u00c1C LO\u1ea0I H\u1ea0T V\u00c0 NG\u0168 C\u1ed0C"},"content":{"rendered":"<h2><strong>Th\u1eed nghi\u1ec7m, gi\u00e1m \u0111\u1ecbnh v\u00e0 \u0111\u00e1nh gi\u00e1 c\u00e1c lo\u1ea1i h\u1ea1t v\u00e0 ng\u0169 c\u1ed1c<\/strong><\/h2>\n<p>HQTS l\u00e0 t\u1ed5 ch\u1ee9c gi\u00e1m \u0111\u1ecbnh h\u00e0ng \u0111\u1ea7u th\u1ebf gi\u1edbi. V\u1edbi nhi\u1ec1u kinh nghi\u1ec7m, ch\u00fang t\u00f4i \u0111\u1ea3m b\u1ea3o th\u1eed nghi\u1ec7m m\u1ed9t c\u00e1ch nhanh ch\u00f3ng v\u00e0 \u0111\u00e1ng tin c\u1eady \u0111\u1ed1i v\u1edbi ng\u0169 c\u1ed1c, l\u00faa m\u00ec, \u0111\u1eadu t\u01b0\u01a1ng, ng\u00f4 v\u00e0 g\u1ea1o,v..v Ch\u00fang t\u00f4i s\u1eed d\u1ee5ng c\u00e1c ph\u01b0\u01a1ng ph\u00e1p th\u1eed nghi\u1ec7m hi\u1ec7n \u0111\u1ea1i v\u00e0 c\u00f3 s\u1ef1 t\u01b0 v\u1ea5n t\u1eeb c\u00e1c chuy\u00ean gia \u0111\u1ea7u ng\u00e0nh \u0111\u1ec3 cung c\u1ea5p m\u1ed9t lo\u1ea1t c\u00e1c d\u1ecbch v\u1ee5 cao c\u1ea5p cho doanh nghi\u1ec7p.<\/p>\n<h2><strong>D\u1ecbch v\u1ee5 gi\u00e1m \u0111\u1ecbnh ch\u1ea5t l\u01b0\u1ee3ng h\u1ea1t v\u00e0 ng\u0169 c\u1ed1c<\/strong><\/h2>\n<p>Ch\u00fang t\u00f4i th\u1ef1c hi\u1ec7n d\u1ecbch v\u1ee5 d\u1ef1a tr\u00ean t\u00ecnh tr\u1ea1ng s\u1ea3n xu\u1ea5t c\u1ee7a h\u00e0ng h\u00f3a, nh\u1eb1m ng\u0103n ng\u1eeba m\u1ecdi r\u1ee7i ro v\u00e0 s\u1ef1 ch\u1eadm tr\u1ec5. \u0110i\u1ec1u n\u00e0y mang l\u1ea1i nhi\u1ec1u th\u1eddi gian cho k\u1ebft qu\u1ea3 gi\u00e1m \u0111\u1ecbnh ch\u1ea5t l\u01b0\u1ee3ng \u0111\u1ec3 h\u00e0ng h\u00f3a c\u1ee7a doanh nghi\u1ec7p c\u00f3 th\u1ec3 \u0111\u00e1p \u1ee9ng th\u1eddi gian, v\u00e0 \u0111i\u1ec1u ki\u1ec7n c\u1ee7a c\u00e1c \u0111\u01a1n \u0111\u1eb7t h\u00e0ng.<\/p>\n<p><strong>D\u1ecbch v\u1ee5 gi\u00e1m \u0111\u1ecbnh c\u1ee7a ch\u00fang t\u00f4i bao g\u1ed3m:<\/strong><\/p>\n<ul>\n<li>Gi\u00e1m \u0111\u1ecbnh tr\u01b0\u1edbc khi xu\u1ea5t h\u00e0ng<\/li>\n<li>D\u1ecbch v\u1ee5 l\u1ea5y m\u1eabu<\/li>\n<li>Gi\u00e1m s\u00e1t t\u1ea3i \/ Gi\u00e1m s\u00e1t b\u1ed1c d\u1ee1<\/li>\n<li>Kh\u1ea3o s\u00e1t \/ \u0110\u00e1nh gi\u00e1 Thi\u1ec7t h\u1ea1i<\/li>\n<\/ul>\n<h2><strong>\u0110\u00e1nh gi\u00e1 nh\u00e0 cung c\u1ea5p <\/strong><\/h2>\n<p>D\u1ecbch v\u1ee5 \u0111\u00e1nh gi\u00e1 nh\u00e0 m\u00e1y t\u1ea1i ch\u1ed7 c\u1ee7a HQTS gi\u00fap ng\u01b0\u1eddi mua c\u00f3 c\u00e1i nh\u00ecn s\u00e2u s\u1eafc v\u1ec1 nhu c\u1ea7u c\u1ee7a ch\u00ednh h\u1ecd. Ch\u00fang t\u00f4i cung c\u1ea5p th\u00f4ng tin chi ti\u1ebft c\u00f3 gi\u00e1 tr\u1ecb v\u1ec1 nh\u00e0 cung c\u1ea5p n\u00e0o ph\u00f9 h\u1ee3p nh\u1ea5t \u0111\u1ec3 \u0111\u1ea1t \u0111\u01b0\u1ee3c c\u00e1c m\u1ee5c ti\u00eau kinh doanh. HQTS c\u0169ng \u0111\u00e1nh gi\u00e1 c\u00e1c nh\u00e0 cung c\u1ea5p d\u1ef1a tr\u00ean c\u00e1c ti\u00eau ch\u00ed \u0111\u01b0\u1ee3c y\u00eau c\u1ea7u.<\/p>\n<p>C\u00e1c ti\u00eau ch\u00ed nh\u01b0:<\/p>\n<ul>\n<li>\u0110\u00e1nh gi\u00e1 Tu\u00e2n th\u1ee7 X\u00e3 h\u1ed9i<\/li>\n<li>\u0110\u00e1nh gi\u00e1 n\u0103ng l\u1ef1c k\u1ef9 thu\u1eadt c\u1ee7a nh\u00e0 m\u00e1y<\/li>\n<li>Ki\u1ec3m tra v\u1ec7 sinh th\u1ef1c ph\u1ea9m<\/li>\n<\/ul>\n<h2><strong>Ki\u1ec3m nghi\u1ec7m h\u1ea1t<\/strong><\/h2>\n<p>Ch\u00fang t\u00f4i cung c\u1ea5p c\u00e1c d\u1ecbch v\u1ee5 \u0111\u00e1nh gi\u00e1 ch\u1ea5t l\u01b0\u1ee3ng ng\u0169 c\u1ed1c ph\u00f9 h\u1ee3p v\u1edbi c\u00e1c ti\u00eau chu\u1ea9n qu\u1ed1c t\u1ebf v\u00e0 qu\u1ed1c gia, x\u00e1c nh\u1eadn xem c\u00e1c s\u1ea3n ph\u1ea9m n\u00e0y c\u00f3 tu\u00e2n th\u1ee7 c\u00e1c h\u1ee3p \u0111\u1ed3ng v\u00e0 quy \u0111\u1ecbnh hay kh\u00f4ng. \u0110\u1ec3 l\u00e0m \u0111\u01b0\u1ee3c \u0111i\u1ec1u n\u00e0y, ch\u00fang t\u00f4i cung c\u1ea5p d\u1ecbch v\u1ee5 ki\u1ec3m nghi\u1ec7m chuy\u00ean s\u00e2u c\u00e1c s\u1ea3n ph\u1ea9m t\u1eeb h\u1ea1t, nh\u1eb1m ph\u00e1t hi\u1ec7n c\u00e1c ch\u1ea5t nhi\u1ec5m b\u1ea9n ho\u1eb7c kh\u00f4ng \u0111\u01b0\u1ee3c ph\u00e9p s\u1eed d\u1ee5ng trong s\u1ea3n xu\u1ea5t.<\/p>\n<p>D\u1ecbch v\u1ee5 th\u1eed nghi\u1ec7m c\u1ee7a ch\u00fang t\u00f4i bao g\u1ed3m:<\/p>\n<ul>\n<li>Th\u1eed nghi\u1ec7m KH\u00d4NG GMO<\/li>\n<li>Th\u1eed nghi\u1ec7m v\u1eadt l\u00fd<\/li>\n<li>Ph\u00e2n t\u00edch th\u00e0nh ph\u1ea7n h\u00f3a h\u1ecdc<\/li>\n<li>Ki\u1ec3m nghi\u1ec7m vi sinh<\/li>\n<li>Ki\u1ec3m tra c\u1ea3m quan<\/li>\n<li>Ki\u1ec3m nghi\u1ec7m dinh d\u01b0\u1ee1ng<\/li>\n<\/ul>\n<h2><strong>D\u1ecbch v\u1ee5 gi\u00e1m s\u00e1t cho s\u1ea3n ph\u1ea9m h\u1ea1t v\u00e0 ng\u0169 c\u1ed1c<\/strong><\/h2>\n<p>C\u0169ng nh\u01b0 gi\u00e1m \u0111\u1ecbnh, ch\u00fang t\u00f4i cung c\u1ea5p d\u1ecbch v\u1ee5 n\u00e0y nh\u1eb1m gi\u00e1m s\u00e1t h\u00e0ng h\u00f3a, s\u1ea3n ph\u1ea9m qua t\u1eebng quy tr\u00ecnh, t\u1eeb s\u1ea3n xu\u1ea5t cho \u0111\u1ebfn v\u1eadn chuy\u1ec3n v\u00e0 ti\u00eau h\u1ee7y, \u0111\u1ea3m b\u1ea3o m\u1ecdi th\u1ee9 \u0111\u00fang quy tr\u00ecnh v\u00e0 \u0111\u01b0\u1ee3c tri\u1ec3n khai t\u1ed1t nh\u1ea5t \u1edf m\u1ecdi giai \u0111o\u1ea1n.<\/p>\n<p><strong>D\u1ecbch v\u1ee5 gi\u00e1m s\u00e1t bao g\u1ed3m:<\/strong><\/p>\n<p>Gi\u00e1m s\u00e1t kho h\u00e0ng<\/p>\n<p>Gi\u00e1m s\u00e1t Giao th\u00f4ng v\u1eadn t\u1ea3i<\/p>\n<p>Gi\u00e1m s\u00e1t kh\u1eed tr\u00f9ng<\/p>\n<p>HQTS cung c\u1ea5p d\u1ecbch v\u1ee5 ch\u1ea5t l\u01b0\u1ee3ng ho\u00e0n h\u1ea3o, \u0111\u1ea3m b\u1ea3o s\u1ea3n ph\u1ea9m c\u1ee7a b\u1ea1n an to\u00e0n, tu\u00e2n th\u1ee7 v\u00e0 ph\u00f9 h\u1ee3p v\u1edbi c\u00e1c quy \u0111\u1ecbnh c\u1ee7a ng\u00e0nh.<\/p>\n","protected":false},"excerpt":{"rendered":"<p>Th\u1eed nghi\u1ec7m, gi\u00e1m \u0111\u1ecbnh v\u00e0 \u0111\u00e1nh gi\u00e1 c\u00e1c lo\u1ea1i h\u1ea1t v\u00e0 ng\u0169 c\u1ed1c HQTS l\u00e0 t\u1ed5 ch\u1ee9c gi\u00e1m \u0111\u1ecbnh h\u00e0ng \u0111\u1ea7u th\u1ebf gi\u1edbi. V\u1edbi nhi\u1ec1u kinh nghi\u1ec7m, ch\u00fang t\u00f4i \u0111\u1ea3m b\u1ea3o th\u1eed nghi\u1ec7m m\u1ed9t c\u00e1ch nhanh ch\u00f3ng v\u00e0 \u0111\u00e1ng tin c\u1eady \u0111\u1ed1i v\u1edbi ng\u0169 c\u1ed1c, l\u00faa m\u00ec, \u0111\u1eadu t\u01b0\u01a1ng, ng\u00f4 v\u00e0 g\u1ea1o,v..v Ch\u00fang t\u00f4i s\u1eed [&hellip;]<\/p>\n","protected":false},"author":12,"featured_media":77853,"parent":79815,"menu_order":0,"comment_status":"closed","ping_status":"closed","template":"","meta":{"_acf_changed":false,"footnotes":""},"class_list":["post-79854","page","type-page","status-publish","has-post-thumbnail","hentry"],"acf":[],"_links":{"self":[{"href":"https:\/\/www.hqts.com\/vi\/wp-json\/wp\/v2\/pages\/79854","targetHints":{"allow":["GET"]}}],"collection":[{"href":"https:\/\/www.hqts.com\/vi\/wp-json\/wp\/v2\/pages"}],"about":[{"href":"https:\/\/www.hqts.com\/vi\/wp-json\/wp\/v2\/types\/page"}],"author":[{"embeddable":true,"href":"https:\/\/www.hqts.com\/vi\/wp-json\/wp\/v2\/users\/12"}],"replies":[{"embeddable":true,"href":"https:\/\/www.hqts.com\/vi\/wp-json\/wp\/v2\/comments?post=79854"}],"version-history":[{"count":1,"href":"https:\/\/www.hqts.com\/vi\/wp-json\/wp\/v2\/pages\/79854\/revisions"}],"predecessor-version":[{"id":79855,"href":"https:\/\/www.hqts.com\/vi\/wp-json\/wp\/v2\/pages\/79854\/revisions\/79855"}],"up":[{"embeddable":true,"href":"https:\/\/www.hqts.com\/vi\/wp-json\/wp\/v2\/pages\/79815"}],"wp:featuredmedia":[{"embeddable":true,"href":"https:\/\/www.hqts.com\/vi\/wp-json\/wp\/v2\/media\/77853"}],"wp:attachment":[{"href":"https:\/\/www.hqts.com\/vi\/wp-json\/wp\/v2\/media?parent=79854"}],"curies":[{"name":"wp","href":"https:\/\/api.w.org\/{rel}","templated":true}]}}