{"id":79856,"date":"2021-07-28T09:58:15","date_gmt":"2021-07-28T09:58:15","guid":{"rendered":"https:\/\/www.hqts.com\/?page_id=79856"},"modified":"2021-08-06T09:29:38","modified_gmt":"2021-08-06T09:29:38","slug":"giam-dinh-chat-luong-thuc-pham-che-bien","status":"publish","type":"page","link":"https:\/\/www.hqts.com\/vi\/linh-vuc\/thuc-pham-va-nong-nghiep\/giam-dinh-chat-luong-thuc-pham-che-bien\/","title":{"rendered":"GI\u00c1M \u0110\u1ecaNH CH\u1ea4T L\u01af\u1ee2NG TH\u1ef0C PH\u1ea8M CH\u1ebe BI\u1ebeN"},"content":{"rendered":"<h2><strong>Gi\u00e1m \u0110\u1ecbnh Ch\u1ea5t L\u01b0\u1ee3ng Th\u1ef1c Ph\u1ea9m Ch\u1ebf Bi\u1ebfn<\/strong><\/h2>\n<p>Th\u1ef1c ph\u1ea9m ch\u1ebf bi\u1ebfn l\u00e0 m\u1ed9t thu\u1eadt ng\u1eef \u0111\u01b0\u1ee3c s\u1eed d\u1ee5ng chung cho h\u00e0ng ng\u00e0n s\u1ea3n ph\u1ea9m kh\u00e1c nhau, t\u1eeb th\u1ee9c \u0103n ch\u1ebf bi\u1ebfn s\u1eb5n cho \u0111\u1ebfn s\u1eefa. Do s\u1ea3n ph\u1ea9m n\u00e0y li\u00ean t\u1ee5c \u0111\u01b0\u1ee3c ph\u00e1t tri\u1ec3n v\u00e0 thay \u0111\u1ed5i n\u00ean HQTS lu\u00f4n s\u1eb5n s\u00e0ng c\u1eadp nh\u1eadt v\u00e0 cung c\u1ea5p m\u1ed9t lo\u1ea1t c\u00e1c d\u1ecbch v\u1ee5 ph\u00f9 h\u1ee3p v\u1edbi nhu c\u1ea7u c\u1ee7a doanh nghi\u1ec7p, d\u00f9 trong giai \u0111o\u1ea1n s\u1ea3n xu\u1ea5t n\u00e0o. Vi\u1ec7c \u0111\u00e1nh gi\u00e1 v\u00e0 gi\u00e1m \u0111\u1ecbnh nh\u1eb1m xem x\u00e9t GMP (Th\u1ef1c h\u00e0nh s\u1ea3n xu\u1ea5t t\u1ed1t) v\u00e0 GHP (Th\u1ef1c h\u00e0nh v\u1ec7 sinh t\u1ed1t) gi\u00fap h\u1ed7 tr\u1ee3 chu\u1ed7i cung \u1ee9ng c\u1ee7a doanh nghi\u1ec7p, cho ph\u00e9p quy tr\u00ecnh di\u1ec5n ra su\u00f4n s\u1ebb, an to\u00e0n v\u00e0 nhanh ch\u00f3ng.<\/p>\n<p><strong>C\u00e1c d\u1ecbch v\u1ee5 Gi\u00e1m \u0110\u1ecbnh Ch\u1ea5t L\u01b0\u1ee3ng Th\u1ef1c Ph\u1ea9m Ch\u1ebf Bi\u1ebfn c\u1ee7a HQTS bao g\u1ed3m:<\/strong><\/p>\n<ul>\n<li>Gi\u00e1m \u0111\u1ecbnh tr\u01b0\u1edbc khi s\u1ea3n xu\u1ea5t<\/li>\n<li>Gi\u00e1m \u0111\u1ecbnh trong qu\u00e1 tr\u00ecnh s\u1ea3n xu\u1ea5t<\/li>\n<li>Gi\u00e1m \u0111\u1ecbnh tr\u01b0\u1edbc khi xu\u1ea5t h\u00e0ng<\/li>\n<li>D\u1ecbch v\u1ee5 l\u1ea5y m\u1eabu<\/li>\n<li>Gi\u00e1m s\u00e1t t\u1ea3i \/ Gi\u00e1m s\u00e1t b\u1ed1c d\u1ee1<\/li>\n<li>Kh\u1ea3o s\u00e1t \/ \u0110\u00e1nh gi\u00e1 Thi\u1ec7t h\u1ea1i<\/li>\n<li>Gi\u00e1m s\u00e1t quy tr\u00ecnh s\u1ea3n xu\u1ea5t<\/li>\n<li>D\u1ecbch v\u1ee5 ki\u1ec3m \u0111\u1ebfm<\/li>\n<\/ul>\n<h2><strong>\u0110\u00e1nh gi\u00e1 ch\u1ea5t l\u01b0\u1ee3ng th\u1ef1c ph\u1ea9m ch\u1ebf bi\u1ebfn<\/strong><\/h2>\n<p>HQTS hi\u1ec3u \u0111\u01b0\u1ee3c t\u1ea7m quan tr\u1ecdng c\u1ee7a vi\u1ec7c l\u1ef1a ch\u1ecdn nh\u00e0 cung c\u1ea5p. \u0110\u00e2y l\u00e0 l\u00fd do t\u1ea1i sao ch\u00fang t\u00f4i cung c\u1ea5p d\u1ecbch v\u1ee5 nghi\u00ean c\u1ee9u chuy\u00ean s\u00e2u v\u00e0 \u0111\u00e1nh gi\u00e1 \u0111\u1ec3 h\u1ed7 tr\u1ee3 vi\u1ec7c l\u1ef1a ch\u1ecdn nh\u00e0 cung c\u1ea5p. C\u00e1c cu\u1ed9c \u0111\u00e1nh gi\u00e1 n\u00e0y gi\u00fap hi\u1ec3u \u0111\u01b0\u1ee3c kh\u1ea3 n\u0103ng t\u01b0\u01a1ng th\u00edch c\u1ee7a c\u00e1c \u0111\u01a1n v\u1ecb n\u00e0y v\u1edbi chu\u1ed7i cung \u1ee9ng c\u1ee7a doanh nghi\u1ec7p. T\u1eeb \u0111\u00f3 x\u00e1c nh\u1eadn xem h\u1ecd c\u00f3 c\u1eadp nh\u1eadt c\u00e1c th\u1ef1c h\u00e0nh an to\u00e0n t\u1ed1t nh\u1ea5t v\u00e0 chi\u1ebfn l\u01b0\u1ee3c qu\u1ea3n l\u00fd trong t\u1ea5t c\u1ea3 c\u00e1c kh\u00eda c\u1ea1nh s\u1ea3n xu\u1ea5t hay kh\u00f4ng.<\/p>\n<p><strong>D\u1ecbch v\u1ee5 \u0111\u00e1nh gi\u00e1 bao g\u1ed3m:<\/strong><\/p>\n<ul>\n<li>\u0110\u00e1nh gi\u00e1 Tu\u00e2n th\u1ee7 X\u00e3 h\u1ed9i<\/li>\n<li>\u0110\u00e1nh gi\u00e1 n\u0103ng l\u1ef1c k\u1ef9 thu\u1eadt c\u1ee7a nh\u00e0 m\u00e1y<\/li>\n<li>Ki\u1ec3m tra v\u1ec7 sinh th\u1ef1c ph\u1ea9m<\/li>\n<li>\u0110\u00e1nh gi\u00e1 kho b\u00e3i<\/li>\n<\/ul>\n<h2><strong>Th\u1eed nghi\u1ec7m th\u1ef1c ph\u1ea9m \u0111\u00e3 qua ch\u1ebf bi\u1ebfn<\/strong><\/h2>\n<p>Ch\u00fang t\u00f4i cung c\u1ea5p m\u1ed9t lo\u1ea1t c\u00e1c th\u1eed nghi\u1ec7m cho th\u1ef1c ph\u1ea9m ch\u1ebf bi\u1ebfn s\u1eb5n, nh\u1eb1m xem x\u00e9t ch\u1ea5t l\u01b0\u1ee3ng ph\u00f9 h\u1ee3p v\u1edbi c\u00e1c quy \u0111\u1ecbnh qu\u1ed1c t\u1ebf v\u00e0 qu\u1ed1c gia, gi\u00fap doanh nghi\u1ec7p gi\u1ea3m thi\u1ec3u m\u1ecdi r\u1ee7i ro ti\u1ec1m \u1ea9n \u0111\u1ed1i v\u1edbi chu\u1ed7i cung \u1ee9ng.<\/p>\n<p><strong>D\u1ecbch v\u1ee5 th\u1eed nghi\u1ec7m bao g\u1ed3m:<\/strong><\/p>\n<ul>\n<li>Th\u1eed nghi\u1ec7m v\u1eadt l\u00fd<\/li>\n<li>Ph\u00e2n t\u00edch th\u00e0nh ph\u1ea7n h\u00f3a h\u1ecdc<\/li>\n<li>Th\u1eed nghi\u1ec7m vi sinh<\/li>\n<li>Th\u1eed nghi\u1ec7m c\u1ea3m quan<\/li>\n<li>Ki\u1ec3m \u0111\u1ecbnh dinh d\u01b0\u1ee1ng<\/li>\n<li>Ti\u1ebfp x\u00fac th\u1ef1c ph\u1ea9m v\u00e0 ki\u1ec3m \u0111\u1ecbnh bao b\u00ec<\/li>\n<\/ul>\n<h2><strong>D\u1ecbch v\u1ee5 gi\u00e1m s\u00e1t<\/strong><\/h2>\n<p>C\u0169ng nh\u01b0 th\u1eed nghi\u1ec7m, ch\u00fang t\u00f4i cung c\u1ea5p d\u1ecbch v\u1ee5 gi\u00e1m s\u00e1t \u0111\u1ec3 h\u1ed7 tr\u1ee3 gi\u00e1m s\u00e1t h\u00e0ng h\u00f3a \u0111\u00e3 qua x\u1eed l\u00fd c\u1ee7a doanh nghi\u1ec7p trong su\u1ed1t t\u1eebng qu\u00e1 tr\u00ecnh t\u1eeb s\u1ea3n xu\u1ea5t, v\u1eadn chuy\u1ec3n, gi\u00e1m s\u00e1t hun tr\u00f9ng v\u00e0 ti\u00eau h\u1ee7y. Ch\u00fang t\u00f4i \u0111\u1ea3m b\u1ea3o m\u1ecdi ho\u1ea1t \u0111\u1ed9ng \u0111\u01b0\u1ee3c th\u1ef1c hi\u1ec7n ch\u00ednh x\u00e1c v\u00e0 c\u00e1c ph\u01b0\u01a1ng ph\u00e1p s\u1ea3n xu\u1ea5t t\u1ed1t nh\u1ea5t \u0111\u01b0\u1ee3c duy tr\u00ec \u1edf m\u1ecdi giai \u0111o\u1ea1n.<\/p>\n<p><strong>D\u1ecbch v\u1ee5 gi\u00e1m s\u00e1t bao g\u1ed3m:<\/strong><\/p>\n<p>Gi\u00e1m s\u00e1t kho h\u00e0ng<\/p>\n<p>Gi\u00e1m s\u00e1t Giao th\u00f4ng v\u1eadn t\u1ea3i<\/p>\n<p>Gi\u00e1m s\u00e1t kh\u1eed tr\u00f9ng<\/p>\n<h2><strong>Ch\u1ee9ng nh\u1eadn B\u1eaft bu\u1ed9c c\u1ee7a Ch\u00ednh ph\u1ee7<\/strong><\/h2>\n<p>M\u1ed9t s\u1ed1 c\u01a1 quan qu\u1ea3n l\u00fd c\u00f3 c\u00e1c quy \u0111\u1ecbnh v\u00e0 ch\u1ee9ng nh\u1eadn ch\u1eb7t ch\u1ebd, b\u1eaft bu\u1ed9c doanh nghi\u1ec7p ph\u1ea3i \u0111\u1ea1t \u0111\u01b0\u1ee3c \u0111\u1ec3 c\u00f3 th\u1ec3 l\u01b0u th\u00f4ng s\u1ea3n ph\u1ea9m tr\u00ean th\u1ecb tr\u01b0\u1eddng. Li\u00ean h\u1ec7 v\u1edbi ch\u00fang t\u00f4i \u0111\u1ec3 \u0111\u1ea3m b\u1ea3o h\u00e0ng h\u00f3a c\u1ee7a b\u1ea1n \u0111\u1ea1t \u0111\u01b0\u1ee3c nh\u1eefng ch\u1ee9ng nh\u1eadn c\u1ee5 th\u1ec3 n\u00e0y. C\u00e1c ch\u1ee9ng ch\u1ec9 c\u00f3 th\u1ec3 k\u1ec3 \u0111\u1ebfn:<\/p>\n<p>Ch\u1ee9ng nh\u1eadn h\u1ee3p quy COC \/ COI c\u1ee7a Iraq<\/p>\n<p>&nbsp;<\/p>\n","protected":false},"excerpt":{"rendered":"<p>Gi\u00e1m \u0110\u1ecbnh Ch\u1ea5t L\u01b0\u1ee3ng Th\u1ef1c Ph\u1ea9m Ch\u1ebf Bi\u1ebfn Th\u1ef1c ph\u1ea9m ch\u1ebf bi\u1ebfn l\u00e0 m\u1ed9t thu\u1eadt ng\u1eef \u0111\u01b0\u1ee3c s\u1eed d\u1ee5ng chung cho h\u00e0ng ng\u00e0n s\u1ea3n ph\u1ea9m kh\u00e1c nhau, t\u1eeb th\u1ee9c \u0103n ch\u1ebf bi\u1ebfn s\u1eb5n cho \u0111\u1ebfn s\u1eefa. Do s\u1ea3n ph\u1ea9m n\u00e0y li\u00ean t\u1ee5c \u0111\u01b0\u1ee3c ph\u00e1t tri\u1ec3n v\u00e0 thay \u0111\u1ed5i n\u00ean HQTS lu\u00f4n s\u1eb5n s\u00e0ng c\u1eadp nh\u1eadt [&hellip;]<\/p>\n","protected":false},"author":12,"featured_media":77860,"parent":79815,"menu_order":0,"comment_status":"closed","ping_status":"closed","template":"","meta":{"_acf_changed":false,"footnotes":""},"class_list":["post-79856","page","type-page","status-publish","has-post-thumbnail","hentry"],"acf":[],"_links":{"self":[{"href":"https:\/\/www.hqts.com\/vi\/wp-json\/wp\/v2\/pages\/79856","targetHints":{"allow":["GET"]}}],"collection":[{"href":"https:\/\/www.hqts.com\/vi\/wp-json\/wp\/v2\/pages"}],"about":[{"href":"https:\/\/www.hqts.com\/vi\/wp-json\/wp\/v2\/types\/page"}],"author":[{"embeddable":true,"href":"https:\/\/www.hqts.com\/vi\/wp-json\/wp\/v2\/users\/12"}],"replies":[{"embeddable":true,"href":"https:\/\/www.hqts.com\/vi\/wp-json\/wp\/v2\/comments?post=79856"}],"version-history":[{"count":2,"href":"https:\/\/www.hqts.com\/vi\/wp-json\/wp\/v2\/pages\/79856\/revisions"}],"predecessor-version":[{"id":79858,"href":"https:\/\/www.hqts.com\/vi\/wp-json\/wp\/v2\/pages\/79856\/revisions\/79858"}],"up":[{"embeddable":true,"href":"https:\/\/www.hqts.com\/vi\/wp-json\/wp\/v2\/pages\/79815"}],"wp:featuredmedia":[{"embeddable":true,"href":"https:\/\/www.hqts.com\/vi\/wp-json\/wp\/v2\/media\/77860"}],"wp:attachment":[{"href":"https:\/\/www.hqts.com\/vi\/wp-json\/wp\/v2\/media?parent=79856"}],"curies":[{"name":"wp","href":"https:\/\/api.w.org\/{rel}","templated":true}]}}