{"id":79859,"date":"2021-07-28T10:00:35","date_gmt":"2021-07-28T10:00:35","guid":{"rendered":"https:\/\/www.hqts.com\/?page_id=79859"},"modified":"2021-08-06T09:29:38","modified_gmt":"2021-08-06T09:29:38","slug":"thuoc-tru-sau-va-khu-khuan","status":"publish","type":"page","link":"https:\/\/www.hqts.com\/vi\/linh-vuc\/thuc-pham-va-nong-nghiep\/thuoc-tru-sau-va-khu-khuan\/","title":{"rendered":"GI\u00c1M \u0110\u1ecaNH CH\u1ea4T L\u01af\u1ee2NG THU\u1ed0C TR\u1eea S\u00c2U V\u00c0 KH\u1eec KHU\u1ea8N"},"content":{"rendered":"<h2><strong>D\u1ecbch v\u1ee5 gi\u00e1m \u0111\u1ecbnh thu\u1ed1c tr\u1eeb s\u00e2u<\/strong><\/h2>\n<p>C\u00e1c s\u1ea3n ph\u1ea9m kh\u1eed tr\u00f9ng v\u00e0 thu\u1ed1c tr\u1eeb s\u00e2u ph\u1ea3i tu\u00e2n theo c\u00e1c quy \u0111\u1ecbnh nghi\u00eam ng\u1eb7t \u0111\u1ec3 b\u1ea3o v\u1ec7 ng\u01b0\u1eddi ti\u00eau d\u00f9ng. Do \u0111\u00f3, doanh nghi\u1ec7p c\u1ea7n ph\u1ea3i tu\u00e2n th\u1ee7 c\u00e1c quy \u0111\u1ecbnh v\u1ec1 c\u00e1c ch\u1ea5t \u0111\u01b0\u1ee3c s\u1eed d\u1ee5ng v\u00e0 tu\u00e2n theo c\u00e1c quy t\u1eafc b\u1ea3o qu\u1ea3n an to\u00e0n. Vi\u1ec7c ki\u1ec3m tra nghi\u00eam ng\u1eb7t c\u0169ng \u0111\u01b0\u1ee3c y\u00eau c\u1ea7u nh\u1eb1m \u0111\u1ea3m b\u1ea3o th\u1ef1c ph\u1ea9m kh\u00f4ng c\u00f2n d\u01b0 l\u01b0\u1ee3ng thu\u1ed1c tr\u1eeb s\u00e2u, an to\u00e0n cho ng\u01b0\u1eddi s\u1eed d\u1ee5ng. HQTS cung c\u1ea5p c\u00e1c d\u1ecbch v\u1ee5 gi\u00fap doanh nghi\u1ec7p \u0111\u1ea3m b\u1ea3o c\u00e1c s\u1ea3n ph\u1ea9m hun tr\u00f9ng \u0111\u01b0\u1ee3c qu\u1ea3n l\u00fd m\u1ed9t c\u00e1ch an to\u00e0n v\u00e0 th\u1ef1c ph\u1ea9m \u0111\u01b0\u1ee3c ki\u1ec3m tra thu\u1ed1c tr\u1eeb s\u00e2u, tu\u00e2n th\u1ee7 c\u00e1c quy \u0111\u1ecbnh c\u1ee7a \u0111\u1ecba ph\u01b0\u01a1ng.<\/p>\n<p>Vi\u1ec7c gi\u00e1m \u0111\u1ecbnh v\u00e0 th\u1eed nghi\u1ec7m \u0111\u01b0\u1ee3c th\u1ef1c hi\u1ec7n b\u1eb1ng c\u00e1ch s\u1eed d\u1ee5ng c\u00f4ng ngh\u1ec7 hi\u1ec7n \u0111\u1ea1i. B\u00ean c\u1ea1nh \u0111\u00f3, vi\u1ec7c th\u1ef1c h\u00e0nh gi\u00e1m \u0111\u1ecbnh \u0111\u01b0\u1ee3c th\u1ef1c hi\u1ec7n chuy\u00ean nghi\u1ec7p, k\u1ecbp th\u1eddi, cho ph\u00e9p qu\u00e1 tr\u00ecnh kinh doanh di\u1ec5n ra su\u00f4n s\u1ebb, tr\u00e1nh s\u1ef1 c\u1ed1 giao h\u00e0ng ch\u1eadm hay l\u1ed7i s\u1ea3n xu\u1ea5t.<\/p>\n<p><strong>C\u00e1c d\u1ecbch v\u1ee5 gi\u00e1m \u0111\u1ecbnh ch\u00ednh bao g\u1ed3m:<\/strong><\/p>\n<ul>\n<li>Gi\u00e1m \u0111\u1ecbnh tr\u01b0\u1edbc khi xu\u1ea5t h\u00e0ng<\/li>\n<li>D\u1ecbch v\u1ee5 l\u1ea5y m\u1eabu<\/li>\n<li>Gi\u00e1m s\u00e1t t\u1ea3i h\u00e0ng\/ b\u1ed1c d\u1ee1<\/li>\n<\/ul>\n<h2><strong>\u0110\u00e1nh gi\u00e1 thu\u1ed1c tr\u1eeb s\u00e2u<\/strong><\/h2>\n<p>L\u1ef1a ch\u1ecdn nh\u00e0 m\u00e1y ph\u00f9 h\u1ee3p l\u00e0 m\u1ed9t ph\u1ea7n thi\u1ebft y\u1ebfu c\u1ee7a vi\u1ec7c t\u00ecm ki\u1ebfm m\u1ed9t nh\u00e0 cung c\u1ea5p an to\u00e0n v\u00e0 hi\u1ec7u qu\u1ea3 \u0111\u1ec3 h\u1ee3p t\u00e1c. Ch\u00fang t\u00f4i s\u1ebd ti\u1ebfn h\u00e0nh \u0111\u00e1nh gi\u00e1 chuy\u00ean s\u00e2u v\u1ec1 c\u00e1c kh\u00eda c\u1ea1nh x\u00e3 h\u1ed9i v\u00e0 c\u00f4ng ngh\u1ec7 \u0111\u1ec3 \u0111\u00e1nh gi\u00e1 kh\u1ea3 n\u0103ng t\u01b0\u01a1ng th\u00edch c\u1ee7a h\u1ecd.<\/p>\n<p><strong>Vi\u1ec7c \u0111\u00e1nh gi\u00e1 n\u00e0y bao g\u1ed3m:<\/strong><\/p>\n<ul>\n<li>Tu\u00e2n th\u1ee7 x\u00e3 h\u1ed9i<\/li>\n<li>N\u0103ng l\u1ef1c k\u1ef9 thu\u1eadt c\u1ee7a nh\u00e0 m\u00e1y<\/li>\n<\/ul>\n<h2><strong>Th\u1eed nghi\u1ec7m thu\u1ed1c tr\u1eeb s\u00e2u<\/strong><\/h2>\n<p>C\u00e1c s\u1ea3n ph\u1ea9m n\u00f4ng nghi\u1ec7p t\u01b0\u01a1i s\u1ed1ng c\u00f3 kh\u1ea3 n\u0103ng ch\u1ee9a nhi\u1ec1u d\u01b0 l\u01b0\u1ee3ng thu\u1ed1c b\u1ea3o v\u1ec7 th\u1ef1c v\u1eadt nh\u1ea5t. Do \u0111\u00f3, ch\u00fang t\u00f4i cung c\u1ea5p d\u1ecbch v\u1ee5 th\u1eed nghi\u1ec7m chuy\u00ean s\u00e2u b\u1eb1ng c\u00e1ch s\u1eed d\u1ee5ng c\u00e1c c\u00f4ng ngh\u1ec7 hi\u1ec7n \u0111\u1ea1i nh\u01b0 ni\u00ean \u0111\u1ea1i ch\u1ea5t l\u1ecfng v\u00e0 kh\u00ed \u0111\u1ec3 ph\u00e2n t\u00edch th\u1ef1c ph\u1ea9m nh\u1eb1m x\u00e1c \u0111\u1ecbnh d\u01b0 l\u01b0\u1ee3ng thu\u1ed1c tr\u1eeb s\u00e2u.<\/p>\n<p><strong>D\u1ecbch v\u1ee5 n\u00e0y bao g\u1ed3m:<\/strong><\/p>\n<ul>\n<li>Th\u1eed nghi\u1ec7m v\u1eadt l\u00fd<\/li>\n<li>Ph\u00e2n t\u00edch th\u00e0nh ph\u1ea7n h\u00f3a h\u1ecdc<\/li>\n<li>Th\u1eed nghi\u1ec7m vi sinh<\/li>\n<li>Ki\u1ec3m tra c\u1ea3m quan<\/li>\n<li>Ki\u1ec3m \u0111\u1ecbnh dinh d\u01b0\u1ee1ng<\/li>\n<\/ul>\n<h2><strong>D\u1ecbch v\u1ee5 B\u1eaft bu\u1ed9c c\u1ee7a Ch\u00ednh ph\u1ee7<\/strong><\/h2>\n<p>M\u1ed9t s\u1ed1 c\u01a1 quan do ch\u00ednh ph\u1ee7 qu\u1ea3n l\u00fd c\u00f3 c\u00e1c quy \u0111\u1ecbnh ch\u1eb7t ch\u1ebd v\u00e0 y\u00eau c\u1ea7u doanh nghi\u1ec7p ph\u1ea3i tu\u00e2n th\u1ee7. Ch\u00fang t\u00f4i lu\u00f4n n\u1ed7 l\u1ef1c \u0111\u1ec3 \u0111\u1ea3m b\u1ea3o h\u00e0ng h\u00f3a c\u1ee7a doanh nghi\u1ec7p c\u00f3 c\u00e1c ch\u1ee9ng nh\u1eadn theo quy \u0111\u1ecbnh, gi\u00fap h\u00e0ng h\u00f3a \u0111\u01b0\u1ee3c nh\u1eadp kh\u1ea9u an to\u00e0n v\u00e0o qu\u1ed1c gia n\u00e0y.<\/p>\n<p>C\u00e1c d\u1ecbch v\u1ee5 b\u1eaft bu\u1ed9c c\u1ee7a ch\u00ednh ph\u1ee7 nh\u01b0:<\/p>\n<p><strong>Pakistan PSI cho thu\u1ed1c tr\u1eeb s\u00e2u n\u00f4ng nghi\u1ec7p<\/strong><\/p>\n<p>HQTS t\u1ef1 h\u00e0o l\u00e0 m\u1ed9t trong nh\u1eefng \u0111\u01a1n v\u1ecb cung c\u1ea5p d\u1ecbch v\u1ee5 th\u1eed nghi\u1ec7m v\u00e0 \u0111\u00e1nh gi\u00e1 ch\u1ea5t l\u01b0\u1ee3ng li\u00ean quan \u0111\u1ebfn thu\u1ed1c tr\u1eeb s\u00e2u v\u00e0 kh\u1eed tr\u00f9ng t\u1ed1t nh\u1ea5t tr\u00ean th\u1ecb tr\u01b0\u1eddng!<\/p>\n","protected":false},"excerpt":{"rendered":"<p>D\u1ecbch v\u1ee5 gi\u00e1m \u0111\u1ecbnh thu\u1ed1c tr\u1eeb s\u00e2u C\u00e1c s\u1ea3n ph\u1ea9m kh\u1eed tr\u00f9ng v\u00e0 thu\u1ed1c tr\u1eeb s\u00e2u ph\u1ea3i tu\u00e2n theo c\u00e1c quy \u0111\u1ecbnh nghi\u00eam ng\u1eb7t \u0111\u1ec3 b\u1ea3o v\u1ec7 ng\u01b0\u1eddi ti\u00eau d\u00f9ng. Do \u0111\u00f3, doanh nghi\u1ec7p c\u1ea7n ph\u1ea3i tu\u00e2n th\u1ee7 c\u00e1c quy \u0111\u1ecbnh v\u1ec1 c\u00e1c ch\u1ea5t \u0111\u01b0\u1ee3c s\u1eed d\u1ee5ng v\u00e0 tu\u00e2n theo c\u00e1c quy t\u1eafc b\u1ea3o qu\u1ea3n [&hellip;]<\/p>\n","protected":false},"author":12,"featured_media":77867,"parent":79815,"menu_order":0,"comment_status":"closed","ping_status":"closed","template":"","meta":{"_acf_changed":false,"footnotes":""},"class_list":["post-79859","page","type-page","status-publish","has-post-thumbnail","hentry"],"acf":[],"_links":{"self":[{"href":"https:\/\/www.hqts.com\/vi\/wp-json\/wp\/v2\/pages\/79859","targetHints":{"allow":["GET"]}}],"collection":[{"href":"https:\/\/www.hqts.com\/vi\/wp-json\/wp\/v2\/pages"}],"about":[{"href":"https:\/\/www.hqts.com\/vi\/wp-json\/wp\/v2\/types\/page"}],"author":[{"embeddable":true,"href":"https:\/\/www.hqts.com\/vi\/wp-json\/wp\/v2\/users\/12"}],"replies":[{"embeddable":true,"href":"https:\/\/www.hqts.com\/vi\/wp-json\/wp\/v2\/comments?post=79859"}],"version-history":[{"count":1,"href":"https:\/\/www.hqts.com\/vi\/wp-json\/wp\/v2\/pages\/79859\/revisions"}],"predecessor-version":[{"id":79860,"href":"https:\/\/www.hqts.com\/vi\/wp-json\/wp\/v2\/pages\/79859\/revisions\/79860"}],"up":[{"embeddable":true,"href":"https:\/\/www.hqts.com\/vi\/wp-json\/wp\/v2\/pages\/79815"}],"wp:featuredmedia":[{"embeddable":true,"href":"https:\/\/www.hqts.com\/vi\/wp-json\/wp\/v2\/media\/77867"}],"wp:attachment":[{"href":"https:\/\/www.hqts.com\/vi\/wp-json\/wp\/v2\/media?parent=79859"}],"curies":[{"name":"wp","href":"https:\/\/api.w.org\/{rel}","templated":true}]}}