{"id":79864,"date":"2021-07-28T10:09:20","date_gmt":"2021-07-28T10:09:20","guid":{"rendered":"https:\/\/www.hqts.com\/?page_id=79864"},"modified":"2021-08-06T09:29:39","modified_gmt":"2021-08-06T09:29:39","slug":"van-tai","status":"publish","type":"page","link":"https:\/\/www.hqts.com\/vi\/linh-vuc\/van-tai\/","title":{"rendered":"V\u1eacN T\u1ea2I"},"content":{"rendered":"<h2><strong>Chu\u1ed7i cung \u1ee9ng v\u1eadn t\u1ea3i<\/strong><\/h2>\n<p><strong>D\u00f9 l\u00e0 ng\u00e0nh \u0111\u01b0\u1eddng s\u1eaft, \u00f4 t\u00f4, v\u1eadn t\u1ea3i \u0111\u01b0\u1eddng b\u1ed9 hay h\u00e0ng kh\u00f4ng v\u0169 tr\u1ee5, HQTS \u0111\u1ec1u c\u00f3 gi\u1ea3i ph\u00e1p cho nhu c\u1ea7u ch\u1ea5t l\u01b0\u1ee3ng c\u1ee7a doanh nghi\u1ec7p. Ch\u00fang t\u00f4i c\u00f3 kinh nghi\u1ec7m l\u00e2u n\u0103m trong ng\u00e0nh v\u00e0 cung c\u1ea5p c\u00e1c gi\u1ea3i ph\u00e1p thi\u1ebft th\u1ef1c nh\u1eb1m \u0111\u1ea3m b\u1ea3o ch\u1ea5t l\u01b0\u1ee3ng c\u1ee7a thi\u1ebft b\u1ecb, v\u1eadt li\u1ec7u v\u00e0 s\u1ea3n ph\u1ea9m trong chu\u1ed7i cung \u1ee9ng v\u1eadn t\u1ea3i.<\/strong><\/p>\n<h2><strong>Ph\u1ee5 t\u00f9ng \u00f4 t\u00f4<\/strong><\/h2>\n<p>Ch\u1ea5t l\u01b0\u1ee3ng c\u1ee7a c\u00e1c b\u1ed9 ph\u1eadn \u00f4 t\u00f4 t\u1ef7 l\u1ec7 thu\u1eadn v\u1edbi s\u1ef1 an to\u00e0n v\u00e0 hi\u1ec7u su\u1ea5t c\u1ee7a m\u1ed9t chi\u1ebfc \u00f4 t\u00f4. Ch\u1ea5t l\u01b0\u1ee3ng c\u1ee7a c\u00e1c b\u1ed9 ph\u1eadn \u00f4 t\u00f4 c\u1ea7n \u0111\u01b0\u1ee3c ch\u00fa tr\u1ecdng \u0111\u1ec3 c\u1ea3i thi\u1ec7n \u0111\u1ed9 an to\u00e0n v\u00e0 kh\u1ea3 n\u0103ng s\u1eed d\u1ee5ng, t\u1eeb \u0111\u00f3 n\u00e2ng cao gi\u00e1 tr\u1ecb th\u01b0\u01a1ng hi\u1ec7u c\u1ee7a b\u1ea1n.<\/p>\n<p>Quy tr\u00ecnh mua ph\u1ee5 t\u00f9ng \u00f4 t\u00f4 c\u00f3 th\u1ec3 tr\u1edf n\u00ean ph\u1ee9c t\u1ea1p do c\u00e1c th\u00f4ng s\u1ed1 k\u1ef9 thu\u1eadt kh\u00e1c nhau, v\u00e0 do kh\u1ea3 n\u0103ng c\u1ee7a nh\u00e0 cung c\u1ea5p c\u0169ng \u0111a d\u1ea1ng. HQTS \u0111\u00e3 ti\u1ebfn h\u00e0nh c\u00e1c d\u1ecbch v\u1ee5 \u0111\u1ea3m b\u1ea3o ch\u1ea5t l\u01b0\u1ee3ng cho ng\u00e0nh c\u00f4ng nghi\u1ec7p \u00f4 t\u00f4 trong nhi\u1ec1u n\u0103m, th\u00f4ng qua c\u00e1c \u0111\u1ecba \u0111i\u1ec3m d\u1ecbch v\u1ee5 tr\u00ean to\u00e0n c\u1ea7u.<\/p>\n<p>Ch\u00fang t\u00f4i s\u1eb5n s\u00e0ng \u0111\u00e1p \u1ee9ng c\u00e1c y\u00eau c\u1ea7u c\u1ee7a doanh nghi\u1ec7p v\u1ec1 ch\u1ea5t l\u01b0\u1ee3ng, \u0111\u1ed9 tin c\u1eady v\u00e0 an to\u00e0n cho c\u00e1c s\u1ea3n ph\u1ea9m \u00f4 t\u00f4, t\u1eeb \u0111\u00f3 gi\u00fap n\u00e2ng cao kh\u1ea3 n\u0103ng c\u1ea1nh tranh tr\u00ean th\u1ecb tr\u01b0\u1eddng. C\u00e1c chuy\u00ean vi\u00ean gi\u00e0u kinh nghi\u1ec7m c\u1ee7a ch\u00fang t\u00f4i l\u01b0\u01a1n th\u1ef1c hi\u1ec7n t\u1ed1t quy tr\u00ecnh PPAP v\u00e0 gi\u00fap doanh nghi\u1ec7p ki\u1ec3m so\u00e1t ch\u1ea5t l\u01b0\u1ee3ng s\u1ea3n ph\u1ea9m trong t\u1eebng giai \u0111o\u1ea1n c\u1ee7a qu\u00e1 tr\u00ecnh s\u1ea3n xu\u1ea5t.<\/p>\n<h2><strong>M\u1ed9t s\u1ed1 b\u1ed9 ph\u1eadn \u00f4 t\u00f4 m\u00e0 ch\u00fang t\u00f4i cung c\u1ea5p d\u1ecbch v\u1ee5 bao g\u1ed3m:<\/strong><\/h2>\n<p>B\u1ed9 ph\u1eadn \u0111\u1ed9ng c\u01a1, n\u1ed9i th\u1ea5t \u00f4 t\u00f4, ngo\u1ea1i th\u1ea5t \u00f4 t\u00f4, ph\u1ee5 ki\u1ec7n h\u1ec7 th\u1ed1ng truy\u1ec1n l\u1ef1c, ph\u1ee5 ki\u1ec7n phanh, ph\u1ee5 ki\u1ec7n l\u00e1i, h\u1ec7 th\u1ed1ng b\u00e1nh xe, h\u1ec7 th\u1ed1ng g\u1ea7m, ph\u1ee5 ki\u1ec7n th\u00e2n xe, h\u1ec7 th\u1ed1ng l\u00e1i, ph\u1ee5 ki\u1ec7n du l\u1ecbch, ph\u1ee5 ki\u1ec7n thi\u1ebft b\u1ecb \u0111i\u1ec7n, s\u1eeda \u0111\u1ed5i \u00f4 t\u00f4, h\u1ec7 th\u1ed1ng an ninh, ph\u1ee5 ki\u1ec7n to\u00e0n di\u1ec7n, thi\u1ebft b\u1ecb \u00e2m thanh v\u00e0 video , ch\u0103m s\u00f3c h\u00f3a ch\u1ea5t, thi\u1ebft b\u1ecb b\u1ea3o tr\u00ec, d\u1ee5ng c\u1ee5 \u0111i\u1ec7n, v.v.<\/p>\n<h2><strong>D\u1ecbch v\u1ee5 c\u1ee7a ch\u00fang t\u00f4i<\/strong><\/h2>\n<ul>\n<li>\u0110\u00e1nh gi\u00e1 Nh\u00e0 m\u00e1y<\/li>\n<li>Gi\u00e1m \u0111\u1ecbnh<\/li>\n<li>Gi\u00e1m \u0111\u1ecbnh tr\u01b0\u1edbc khi s\u1ea3n xu\u1ea5t<\/li>\n<li>Quy tr\u00ecnh PPAP<\/li>\n<li>Gi\u00e1m \u0111\u1ecbnh tr\u01b0\u1edbc khi xu\u1ea5t h\u00e0ng<\/li>\n<li>L\u1ef1a ch\u1ecdn v\u00e0 s\u1eeda ch\u1eefa<\/li>\n<li>Th\u1eed nghi\u1ec7m<\/li>\n<li>D\u1ecbch v\u1ee5 t\u1ea3i \/ b\u1ed1c d\u1ee1 h\u00e0ng<\/li>\n<\/ul>\n<h2><strong>D\u1ecbch v\u1ee5 gi\u00e1m \u0111\u1ecbnh<\/strong><\/h2>\n<p>\u0110\u1ed9i ng\u0169 chuy\u00ean vi\u00ean kinh nghi\u1ec7m c\u1ee7a ch\u00fang t\u00f4i \u0111\u00e1nh gi\u00e1 d\u1ef1a tr\u00ean c\u00e1c quy tr\u00ecnh PPAP d\u1ef1a tr\u00ean:<\/p>\n<ul>\n<li>Gi\u00e1m \u0111\u1ecbnh tr\u01b0\u1edbc khi s\u1ea3n xu\u1ea5t<\/li>\n<li>Gi\u00e1m \u0111\u1ecbnh t\u1ed5ng qu\u00e1t v\u1ec1 h\u00ecnh th\u1ee9c, hi\u1ec7u su\u1ea5t v\u00e0 ch\u1ee9c n\u0103ng \u0111\u1ec3 ph\u00e1t hi\u1ec7n c\u00e1c b\u1ed9 ph\u1eadn kh\u00f4ng tu\u00e2n th\u1ee7 tr\u01b0\u1edbc khi s\u1ea3n xu\u1ea5t h\u00e0ng lo\u1ea1t PPAP; cho ph\u00e9p c\u00e1c nh\u00e0 cung c\u1ea5p ph\u00e2n t\u00edch c\u00e1c v\u1ea5n \u0111\u1ec1 v\u00e0 th\u1ef1c hi\u1ec7n c\u00e1c \u0111i\u1ec1u ch\u1ec9nh li\u00ean quan \u0111\u1ec3 tr\u00e1nh r\u1ee7i ro ch\u1eadm tr\u1ec5 s\u1ea3n xu\u1ea5t v\u00e0 \/ ho\u1eb7c chi ph\u00ed b\u1ed5 sung do c\u00e1c b\u1ed9 ph\u1eadn k\u00e9m ch\u1ea5t l\u01b0\u1ee3ng.<\/li>\n<li>Quy tr\u00ecnh PPAP<\/li>\n<li>\u0110\u1ec3 gi\u1ea3m thi\u1ec3u c\u00e1c b\u1ed9 ph\u1eadn kh\u00f4ng tu\u00e2n th\u1ee7 quy \u0111\u1ecbnh, ch\u00fang t\u00f4i gi\u00e1m s\u00e1t c\u00e1c ch\u1ec9 s\u1ed1 c\u1ee7a thi\u1ebft b\u1ecb trong qu\u00e1 tr\u00ecnh s\u1ea3n xu\u1ea5t, bao g\u1ed3m:\n<ul>\n<li>Tr\u01b0\u1edbc khi s\u1ea3n xu\u1ea5t, gi\u00e1m s\u00e1t ch\u1ea5t l\u01b0\u1ee3ng v\u00e0 s\u1ed1 l\u01b0\u1ee3ng nguy\u00ean v\u1eadt li\u1ec7u \u0111\u1ec3 xem ch\u00fang c\u00f3 \u0111\u00e1p \u1ee9ng c\u00e1c y\u00eau c\u1ea7u c\u1ee7a k\u1ebf ho\u1ea1ch thu mua hay kh\u00f4ng;<\/li>\n<li>Th\u1ef1c hi\u1ec7n ki\u1ec3m tra k\u00edch th\u01b0\u1edbc, h\u00ecnh th\u1ee9c v\u00e0 ch\u1ee9c n\u0103ng trong qu\u00e1 tr\u00ecnh s\u1ea3n xu\u1ea5t theo y\u00eau c\u1ea7u;<\/li>\n<li>Ghi l\u1ea1i c\u00e1c th\u00f4ng s\u1ed1 qu\u00e1 tr\u00ecnh c\u1ee7a nh\u00e0 m\u00e1y \u0111\u1ec3 xem n\u00f3 c\u00f3 ch\u1ea1y theo k\u1ebf ho\u1ea1ch hay kh\u00f4ng;<\/li>\n<li>Ki\u1ec3m tra ch\u1ee9c n\u0103ng c\u1ee7a thi\u1ebft b\u1ecb \u0111\u1ec3 \u0111\u1ea3m b\u1ea3o ho\u1ea1t \u0111\u1ed9ng t\u1ed1t;<\/li>\n<li>Gi\u1ea3m thi\u1ec3u t\u1ef7 l\u1ec7 c\u00e1c s\u1ea3n ph\u1ea9m kh\u00f4ng tu\u00e2n th\u1ee7: ki\u1ec3m \u0111\u1ecbnh xem h\u1ecd c\u00f3 gian l\u1eadn v\u1ec1 lao \u0111\u1ed9ng v\u00e0 nguy\u00ean v\u1eadt li\u1ec7u hay kh\u00f4ng; ki\u1ec3m tra qu\u00e1 tr\u00ecnh th\u1ee7 c\u00f4ng c\u00f3 \u0111\u1ee7 ti\u00eau chu\u1ea9n v\u00e0 vi\u1ec7c b\u1ed1 tr\u00ed m\u00f4i tr\u01b0\u1eddng c\u00f3 ph\u00f9 h\u1ee3p v\u1edbi s\u1ea3n xu\u1ea5t hay kh\u00f4ng.<\/li>\n<\/ul>\n<\/li>\n<li>Gi\u00e1m \u0111\u1ecbnh tr\u01b0\u1edbc khi xu\u1ea5t h\u00e0ng<\/li>\n<li>Th\u1ef1c hi\u1ec7n ki\u1ec3m tra m\u1eabu v\u1ec1 s\u1ed1 l\u01b0\u1ee3ng, k\u00edch th\u01b0\u1edbc, h\u00ecnh th\u1ee9c, ch\u1ee9c n\u0103ng v\u00e0 \u0111\u00f3ng g\u00f3i tr\u01b0\u1edbc khi giao h\u00e0ng theo b\u1ea3n thi\u1ebft k\u1ebf v\u00e0 \u0111\u01a1n \u0111\u1eb7t h\u00e0ng.<\/li>\n<li>L\u1ea5y m\u1eabu v\u00e0 l\u00e0m l\u1ea1i ho\u1eb7c s\u1eeda ch\u1eefa<\/li>\n<li>Khi ph\u00e1t hi\u1ec7n c\u00e1c s\u1ea3n ph\u1ea9m kh\u00f4ng tu\u00e2n th\u1ee7 trong qu\u00e1 tr\u00ecnh s\u1ea3n xu\u1ea5t, ch\u00fang t\u00f4i c\u00f3 th\u1ec3 cung c\u1ea5p l\u1ef1a ch\u1ecdn kh\u1ea9n c\u1ea5p c\u00e1c s\u1ea3n ph\u1ea9m kh\u00f4ng \u0111\u1ee7 ti\u00eau chu\u1ea9n \u0111\u1ec3 lo\u1ea1i b\u1ecf ho\u1eb7c l\u00e0m l\u1ea1i.<\/li>\n<\/ul>\n<h2><strong>Th\u1eed nghi\u1ec7m<\/strong><\/h2>\n<p>HQTS cung c\u1ea5p d\u1ecbch v\u1ee5 ki\u1ec3m tra c\u00e1c b\u1ed9 ph\u1eadn \u00f4 t\u00f4, \u0111\u1ec3 gi\u00fap doanh nghi\u1ec7p \u0111\u00e1p \u1ee9ng c\u00e1c y\u00eau c\u1ea7u cho t\u1eebng giai \u0111o\u1ea1n s\u1ea3n xu\u1ea5t, nh\u1eb1m gi\u1ea3m thi\u1ec3u r\u1ee7i ro v\u00e0 n\u00e2ng cao v\u1ecb th\u1ebf tr\u00ean th\u1ecb tr\u01b0\u1eddng.<\/p>\n<h2><strong>M\u1ed9t s\u1ed1 d\u1ecbch v\u1ee5 th\u1eed nghi\u1ec7m ch\u00fang t\u00f4i cung c\u1ea5p:<\/strong><\/h2>\n<p>Ph\u00e2n t\u00edch th\u00e0nh ph\u1ea7n h\u00f3a h\u1ecdc, ph\u00e2n t\u00edch kim lo\u1ea1i h\u1ecdc, ki\u1ec3m tra \u0111\u1ed9 c\u1ee9ng, \u0111\u1ed9 b\u1ec1n k\u00e9o, \u0111\u1ed9 b\u1ec1n n\u0103ng su\u1ea5t, kh\u1ea3 n\u0103ng m\u1edf r\u1ed9ng, \u0111\u1ed9 nh\u00e1m c\u1ee7a b\u1ec1 m\u1eb7t, \u0111\u1ed9 d\u00e0y l\u1edbp ph\u1ee7, ki\u1ec3m tra b\u1ed9t t\u1eeb, ph\u00e1t hi\u1ec7n l\u1ed7 h\u1ed5ng si\u00eau \u00e2m, ki\u1ec3m tra \u0111\u1ed9 b\u1ec1n \u00e1p su\u1ea5t tia X, ki\u1ec3m tra \u0111\u1ed9 k\u00edn kh\u00ed, Ki\u1ec3m tra v\u1eadt li\u1ec7u ch\u1ed1ng ch\u00e1y xe , Ki\u1ec3m tra ch\u1ea5t \u0111\u1ed9c h\u1ea1i b\u00ean trong xe, Ki\u1ec3m tra l\u00e3o h\u00f3a v\u1eadt li\u1ec7u, Ki\u1ec3m tra \u0111i\u1ec1u h\u00f2a, Ki\u1ec3m tra nhi\u1ec7t \u0111\u1ed9 v\u00e0 \u0111\u1ed9 \u1ea9m, Ki\u1ec3m tra ch\u1ed1ng th\u1ea5m n\u01b0\u1edbc v\u00e0 l\u00e3o h\u00f3a, Ki\u1ec3m tra va \u0111\u1eadp, Ki\u1ec3m tra u\u1ed1n, Ki\u1ec3m tra qu\u00e1 \u00e1p, Ki\u1ec3m tra xung \u0111\u00e1nh l\u1eeda, Ki\u1ec3m tra \u0111\u1ed9 b\u1ec1n c\u00e1ch \u0111i\u1ec7n, Ki\u1ec3m tra ng\u1eafn m\u1ea1ch, Ki\u1ec3m tra r\u01a1i, Ki\u1ec3m tra \u0111\u1ed9 c\u1ee9ng , th\u1eed nghi\u1ec7m va ch\u1ea1m, th\u1eed nghi\u1ec7m va \u0111\u1eadp c\u01a1 h\u1ecdc, th\u1eed nghi\u1ec7m kh\u1ea3 n\u0103ng ch\u1ed1ng \u0103n m\u00f2n kh\u00ed, th\u1eed nghi\u1ec7m \u0111\u1ed9 b\u1ec1n thu\u1ed1c th\u1eed h\u00f3a h\u1ecdc, th\u1eed nghi\u1ec7m gia t\u1ed1c cao, th\u1eed nghi\u1ec7m \u0111i\u1ec7n \u00e1p l\u00e0m vi\u1ec7c, th\u1eed nghi\u1ec7m d\u00f2ng \u0111i\u1ec7n.<\/p>\n<h2><strong>Ch\u00fang t\u00f4i \u0111\u1ed9c l\u1eadp quan s\u00e1t v\u00e0 x\u00e1c nh\u1eadn c\u00e1c k\u1ebft qu\u1ea3 th\u1eed nghi\u1ec7m t\u1ea1i nh\u00e0 m\u00e1y, ch\u1eb3ng h\u1ea1n nh\u01b0:<\/strong><\/h2>\n<p>L\u01b0\u1ee3ng m\u01b0a, x\u00e2m nh\u1eadp v\u00e0 r\u00f2 r\u1ec9 n\u01b0\u1edbc, xuy\u00ean \u0111i\u1ec1u ch\u1ebf, rung \u0111\u1ed9ng, phun mu\u1ed1i, ph\u1ea3n \u1ee9ng v\u1edbi \u0111i\u1ec1u ki\u1ec7n m\u00f4i tr\u01b0\u1eddng, h\u1ec7 th\u1ed1ng v\u00e0 quy tr\u00ecnh th\u1eed nghi\u1ec7m n\u1ed9i b\u1ed9 c\u1ee7a nh\u00e0 m\u00e1y, t\u00ecnh tr\u1ea1ng thi\u1ebft b\u1ecb th\u1eed nghi\u1ec7m v\u00e0 hi\u1ec7u chu\u1ea9n.<\/p>\n<h2><strong>\u0110\u01b0\u1eddng s\u1eaft<\/strong><\/h2>\n<p>N\u1ebfu doanh nghi\u1ec7p l\u00e0 \u0111\u01a1n v\u1ecb s\u1ea3n xu\u1ea5t linh ki\u1ec7n hay nh\u00e0 cung c\u1ea5p cho ng\u00e0nh \u0111\u1ea7u m\u00e1y toa xe, h\u1ecd ph\u1ea3i tu\u00e2n th\u1ee7 m\u1ed9t lo\u1ea1t c\u00e1c y\u00eau c\u1ea7u v\u1ec1 an to\u00e0n v\u00e0 quy \u0111\u1ecbnh. Ch\u00fang t\u00f4i cung c\u1ea5p c\u00e1c d\u1ecbch v\u1ee5 \u0111\u01b0\u1eddng s\u1eaft h\u1ed7 tr\u1ee3 c\u00e1c nhu c\u1ea7u trong chu\u1ed7i cung \u1ee9ng.<\/p>\n<h2><strong>D\u1ecbch v\u1ee5 ch\u00fang t\u00f4i cung c\u1ea5p<\/strong><\/h2>\n<ul>\n<li>Chu\u1ea9n b\u1ecb ch\u1ee9ng nh\u1eadn cung c\u1ea5p \u0111\u1ea7u m\u00e1y toa xe cho ng\u00e0nh<\/li>\n<li>Cung c\u1ea5p ki\u1ec3m tra v\u00e0 th\u1eed nghi\u1ec7m \u0111\u1ed9c l\u1eadp \u0111\u1ed1i v\u1edbi \u0111\u1ea7u m\u00e1y ho\u1eb7c linh ki\u1ec7n<\/li>\n<li>X\u00e1c nh\u1eadn ch\u1ea5t l\u01b0\u1ee3ng v\u00e0 hi\u1ec7u su\u1ea5t c\u1ee7a v\u1eadt li\u1ec7u v\u00e0 th\u00e0nh ph\u1ea7n<\/li>\n<li>\u0110\u1ea3m b\u1ea3o tu\u00e2n th\u1ee7 c\u00e1c quy \u0111\u1ecbnh hi\u1ec7n h\u00e0nh<\/li>\n<li>K\u1ef9 n\u0103ng v\u00e0 chuy\u00ean m\u00f4n doanh nghi\u1ec7p y\u00eau c\u1ea7u cho c\u00e1c d\u1ef1 \u00e1n c\u1ee5 th\u1ec3<\/li>\n<\/ul>\n<h2><strong>H\u00e0ng kh\u00f4ng &amp; V\u0169 tr\u1ee5<\/strong><\/h2>\n<p>C\u00e1c s\u1ea3n ph\u1ea9m \u0111\u01b0\u1ee3c s\u1ea3n xu\u1ea5t v\u00e0 b\u00e1n cho ng\u00e0nh h\u00e0ng kh\u00f4ng &amp; v\u0169 tr\u1ee5 ph\u1ea3i tu\u00e2n th\u1ee7 c\u00e1c quy \u0111\u1ecbnh v\u00e0 ti\u00eau chu\u1ea9n v\u00f4 c\u00f9ng nghi\u00eam ng\u1eb7t. T\u1eeb c\u00e1c nh\u00e0 s\u1ea3n xu\u1ea5t v\u00e0 nh\u00e0 cung c\u1ea5p \u0111\u1ebfn c\u00e1c c\u00f4ng ty b\u00e1n l\u1ebb sau th\u1ecb tr\u01b0\u1eddng, HQTS cung c\u1ea5p cho doanh nghi\u1ec7p m\u1ed9t lo\u1ea1t c\u00e1c d\u1ecbch v\u1ee5 chuy\u00ean bi\u1ec7t \u0111\u1ec3 \u0111\u1ea3m b\u1ea3o s\u1ea3n ph\u1ea9m lu\u00f4n tu\u00e2n th\u1ee7 c\u00e1c ti\u00eau chu\u1ea9n quy \u0111\u1ecbnh v\u00e0 k\u1ef9 thu\u1eadt, c\u0169ng nh\u01b0 c\u00e1c y\u00eau c\u1ea7u kh\u1eaft khe t\u1eeb th\u1ecb tr\u01b0\u1eddng.<\/p>\n<h2>D\u1ecbch v\u1ee5 ch\u00fang t\u00f4i cung c\u1ea5p:<\/h2>\n<ul>\n<li>Gi\u00e1m \u0111\u1ecbnh tr\u01b0\u1edbc khi s\u1ea3n xu\u1ea5t<\/li>\n<li>Gi\u00e1m \u0111\u1ecbnh trong qu\u00e1 tr\u00ecnh s\u1ea3n xu\u1ea5t<\/li>\n<li>Gi\u00e1m \u0111\u1ecbnh tr\u01b0\u1edbc khi xu\u1ea5t h\u00e0ng<\/li>\n<li>Qu\u1ea3n l\u00fd s\u1ea3n ph\u1ea9m<\/li>\n<\/ul>\n","protected":false},"excerpt":{"rendered":"<p>Chu\u1ed7i cung \u1ee9ng v\u1eadn t\u1ea3i D\u00f9 l\u00e0 ng\u00e0nh \u0111\u01b0\u1eddng s\u1eaft, \u00f4 t\u00f4, v\u1eadn t\u1ea3i \u0111\u01b0\u1eddng b\u1ed9 hay h\u00e0ng kh\u00f4ng v\u0169 tr\u1ee5, HQTS \u0111\u1ec1u c\u00f3 gi\u1ea3i ph\u00e1p cho nhu c\u1ea7u ch\u1ea5t l\u01b0\u1ee3ng c\u1ee7a doanh nghi\u1ec7p. Ch\u00fang t\u00f4i c\u00f3 kinh nghi\u1ec7m l\u00e2u n\u0103m trong ng\u00e0nh v\u00e0 cung c\u1ea5p c\u00e1c gi\u1ea3i ph\u00e1p thi\u1ebft th\u1ef1c nh\u1eb1m \u0111\u1ea3m b\u1ea3o ch\u1ea5t [&hellip;]<\/p>\n","protected":false},"author":12,"featured_media":77878,"parent":78121,"menu_order":3,"comment_status":"closed","ping_status":"closed","template":"","meta":{"_acf_changed":false,"footnotes":""},"class_list":["post-79864","page","type-page","status-publish","has-post-thumbnail","hentry"],"acf":[],"_links":{"self":[{"href":"https:\/\/www.hqts.com\/vi\/wp-json\/wp\/v2\/pages\/79864","targetHints":{"allow":["GET"]}}],"collection":[{"href":"https:\/\/www.hqts.com\/vi\/wp-json\/wp\/v2\/pages"}],"about":[{"href":"https:\/\/www.hqts.com\/vi\/wp-json\/wp\/v2\/types\/page"}],"author":[{"embeddable":true,"href":"https:\/\/www.hqts.com\/vi\/wp-json\/wp\/v2\/users\/12"}],"replies":[{"embeddable":true,"href":"https:\/\/www.hqts.com\/vi\/wp-json\/wp\/v2\/comments?post=79864"}],"version-history":[{"count":1,"href":"https:\/\/www.hqts.com\/vi\/wp-json\/wp\/v2\/pages\/79864\/revisions"}],"predecessor-version":[{"id":79865,"href":"https:\/\/www.hqts.com\/vi\/wp-json\/wp\/v2\/pages\/79864\/revisions\/79865"}],"up":[{"embeddable":true,"href":"https:\/\/www.hqts.com\/vi\/wp-json\/wp\/v2\/pages\/78121"}],"wp:featuredmedia":[{"embeddable":true,"href":"https:\/\/www.hqts.com\/vi\/wp-json\/wp\/v2\/media\/77878"}],"wp:attachment":[{"href":"https:\/\/www.hqts.com\/vi\/wp-json\/wp\/v2\/media?parent=79864"}],"curies":[{"name":"wp","href":"https:\/\/api.w.org\/{rel}","templated":true}]}}