{"id":79867,"date":"2021-07-28T10:11:45","date_gmt":"2021-07-28T10:11:45","guid":{"rendered":"https:\/\/www.hqts.com\/?page_id=79867"},"modified":"2021-08-06T09:29:39","modified_gmt":"2021-08-06T09:29:39","slug":"giam-dinh-va-quan-ly-chat-luong-phu-tung-o-to","status":"publish","type":"page","link":"https:\/\/www.hqts.com\/vi\/linh-vuc\/giam-dinh-va-quan-ly-chat-luong-phu-tung-o-to\/","title":{"rendered":"GI\u00c1M \u0110\u1ecaNH V\u00c0 QU\u1ea2N L\u00dd CH\u1ea4T L\u01af\u1ee2NG PH\u1ee4 T\u00d9NG \u00d4 T\u00d4"},"content":{"rendered":"<h2><strong>Gi\u00e1m \u0111\u1ecbnh v\u00e0 ki\u1ec3m so\u00e1t ch\u1ea5t l\u01b0\u1ee3ng ph\u1ee5 t\u00f9ng \u00f4 t\u00f4<\/strong><\/h2>\n<p><strong>Ch\u1ea5t l\u01b0\u1ee3ng c\u1ee7a c\u00e1c b\u1ed9 ph\u1eadn \u00f4 t\u00f4 t\u1ef7 l\u1ec7 thu\u1eadn v\u1edbi s\u1ef1 an to\u00e0n v\u00e0 hi\u1ec7u su\u1ea5t c\u1ee7a m\u1ed9t chi\u1ebfc \u00f4 t\u00f4. Ch\u1ea5t l\u01b0\u1ee3ng c\u1ee7a c\u00e1c b\u1ed9 ph\u1eadn \u00f4 t\u00f4 c\u1ea7n \u0111\u01b0\u1ee3c ch\u00fa tr\u1ecdng \u0111\u1ec3 c\u1ea3i thi\u1ec7n \u0111\u1ed9 an to\u00e0n v\u00e0 kh\u1ea3 n\u0103ng s\u1eed d\u1ee5ng, t\u1eeb \u0111\u00f3 n\u00e2ng cao gi\u00e1 tr\u1ecb th\u01b0\u01a1ng hi\u1ec7u. Quy tr\u00ecnh mua ph\u1ee5 t\u00f9ng \u00f4 t\u00f4 c\u00f3 th\u1ec3 tr\u1edf n\u00ean ph\u1ee9c t\u1ea1p do c\u00e1c th\u00f4ng s\u1ed1 k\u1ef9 thu\u1eadt kh\u00e1c nhau, v\u00e0 do kh\u1ea3 n\u0103ng c\u1ee7a nh\u00e0 cung c\u1ea5p c\u0169ng \u0111a d\u1ea1ng.<\/strong><\/p>\n<p>HQTS \u0111\u00e3 ti\u1ebfn h\u00e0nh c\u00e1c d\u1ecbch v\u1ee5 \u0111\u1ea3m b\u1ea3o ch\u1ea5t l\u01b0\u1ee3ng cho ng\u00e0nh c\u00f4ng nghi\u1ec7p \u00f4 t\u00f4 trong nhi\u1ec1u n\u0103m, th\u00f4ng qua c\u00e1c \u0111\u1ecba \u0111i\u1ec3m d\u1ecbch v\u1ee5 tr\u00ean to\u00e0n c\u1ea7u. Ch\u00fang t\u00f4i s\u1eb5n s\u00e0ng \u0111\u00e1p \u1ee9ng c\u00e1c y\u00eau c\u1ea7u c\u1ee7a doanh nghi\u1ec7p v\u1ec1 ch\u1ea5t l\u01b0\u1ee3ng, \u0111\u1ed9 tin c\u1eady v\u00e0 an to\u00e0n cho c\u00e1c s\u1ea3n ph\u1ea9m \u00f4 t\u00f4, t\u1eeb \u0111\u00f3 gi\u00fap n\u00e2ng cao kh\u1ea3 n\u0103ng c\u1ea1nh tranh tr\u00ean th\u1ecb tr\u01b0\u1eddng. C\u00e1c chuy\u00ean vi\u00ean gi\u00e0u kinh nghi\u1ec7m c\u1ee7a ch\u00fang t\u00f4i l\u01b0\u01a1n th\u1ef1c hi\u1ec7n t\u1ed1t quy tr\u00ecnh PPAP v\u00e0 gi\u00fap doanh nghi\u1ec7p ki\u1ec3m so\u00e1t ch\u1ea5t l\u01b0\u1ee3ng s\u1ea3n ph\u1ea9m trong t\u1eebng giai \u0111o\u1ea1n c\u1ee7a qu\u00e1 tr\u00ecnh s\u1ea3n xu\u1ea5t.<\/p>\n<h2><strong>M\u1ed9t s\u1ed1 b\u1ed9 ph\u1eadn \u00f4 t\u00f4 m\u00e0 ch\u00fang t\u00f4i cung c\u1ea5p d\u1ecbch v\u1ee5 bao g\u1ed3m:<\/strong><\/h2>\n<p>B\u1ed9 ph\u1eadn \u0111\u1ed9ng c\u01a1, n\u1ed9i th\u1ea5t \u00f4 t\u00f4, ngo\u1ea1i th\u1ea5t \u00f4 t\u00f4, ph\u1ee5 ki\u1ec7n h\u1ec7 th\u1ed1ng truy\u1ec1n l\u1ef1c, ph\u1ee5 ki\u1ec7n phanh, ph\u1ee5 ki\u1ec7n l\u00e1i, h\u1ec7 th\u1ed1ng b\u00e1nh xe, h\u1ec7 th\u1ed1ng g\u1ea7m, ph\u1ee5 ki\u1ec7n th\u00e2n xe, h\u1ec7 th\u1ed1ng l\u00e1i, ph\u1ee5 ki\u1ec7n du l\u1ecbch, ph\u1ee5 ki\u1ec7n thi\u1ebft b\u1ecb \u0111i\u1ec7n, s\u1eeda \u0111\u1ed5i \u00f4 t\u00f4, h\u1ec7 th\u1ed1ng an ninh, ph\u1ee5 ki\u1ec7n to\u00e0n di\u1ec7n, thi\u1ebft b\u1ecb \u00e2m thanh v\u00e0 video , ch\u0103m s\u00f3c h\u00f3a ch\u1ea5t, thi\u1ebft b\u1ecb b\u1ea3o tr\u00ec, d\u1ee5ng c\u1ee5 \u0111i\u1ec7n, v.v..<\/p>\n<h2><strong>D\u1ecbch v\u1ee5 c\u1ee7a ch\u00fang t\u00f4i<\/strong><\/h2>\n<ul>\n<li>\u0110\u00e1nh gi\u00e1 Nh\u00e0 m\u00e1y<\/li>\n<li>Th\u1eed nghi\u1ec7m<\/li>\n<li>Gi\u00e1m \u0111\u1ecbnh\n<ul>\n<li>Gi\u00e1m \u0111\u1ecbnh tr\u01b0\u1edbc khi s\u1ea3n xu\u1ea5t<\/li>\n<li>Quy tr\u00ecnh PPAP<\/li>\n<li>Gi\u00e1m \u0111\u1ecbnh tr\u01b0\u1edbc khi xu\u1ea5t h\u00e0ng<\/li>\n<li>D\u1ecbch v\u1ee5 t\u1ea3i \/ b\u1ed1c d\u1ee1 h\u00e0ng<\/li>\n<li>Gi\u00e1m s\u00e1t quy tr\u00ecnh s\u1ea3n xu\u1ea5t<\/li>\n<li>Ki\u1ec3m tra m\u1eabu<\/li>\n<li>L\u1ef1a ch\u1ecdn v\u00e0 s\u1eeda ch\u1eefa<\/li>\n<\/ul>\n<\/li>\n<\/ul>\n<p>&nbsp;<\/p>\n","protected":false},"excerpt":{"rendered":"<p>Gi\u00e1m \u0111\u1ecbnh v\u00e0 ki\u1ec3m so\u00e1t ch\u1ea5t l\u01b0\u1ee3ng ph\u1ee5 t\u00f9ng \u00f4 t\u00f4 Ch\u1ea5t l\u01b0\u1ee3ng c\u1ee7a c\u00e1c b\u1ed9 ph\u1eadn \u00f4 t\u00f4 t\u1ef7 l\u1ec7 thu\u1eadn v\u1edbi s\u1ef1 an to\u00e0n v\u00e0 hi\u1ec7u su\u1ea5t c\u1ee7a m\u1ed9t chi\u1ebfc \u00f4 t\u00f4. Ch\u1ea5t l\u01b0\u1ee3ng c\u1ee7a c\u00e1c b\u1ed9 ph\u1eadn \u00f4 t\u00f4 c\u1ea7n \u0111\u01b0\u1ee3c ch\u00fa tr\u1ecdng \u0111\u1ec3 c\u1ea3i thi\u1ec7n \u0111\u1ed9 an to\u00e0n v\u00e0 kh\u1ea3 n\u0103ng [&hellip;]<\/p>\n","protected":false},"author":12,"featured_media":79868,"parent":78121,"menu_order":21,"comment_status":"closed","ping_status":"closed","template":"","meta":{"_acf_changed":false,"footnotes":""},"class_list":["post-79867","page","type-page","status-publish","has-post-thumbnail","hentry"],"acf":[],"_links":{"self":[{"href":"https:\/\/www.hqts.com\/vi\/wp-json\/wp\/v2\/pages\/79867","targetHints":{"allow":["GET"]}}],"collection":[{"href":"https:\/\/www.hqts.com\/vi\/wp-json\/wp\/v2\/pages"}],"about":[{"href":"https:\/\/www.hqts.com\/vi\/wp-json\/wp\/v2\/types\/page"}],"author":[{"embeddable":true,"href":"https:\/\/www.hqts.com\/vi\/wp-json\/wp\/v2\/users\/12"}],"replies":[{"embeddable":true,"href":"https:\/\/www.hqts.com\/vi\/wp-json\/wp\/v2\/comments?post=79867"}],"version-history":[{"count":1,"href":"https:\/\/www.hqts.com\/vi\/wp-json\/wp\/v2\/pages\/79867\/revisions"}],"predecessor-version":[{"id":79869,"href":"https:\/\/www.hqts.com\/vi\/wp-json\/wp\/v2\/pages\/79867\/revisions\/79869"}],"up":[{"embeddable":true,"href":"https:\/\/www.hqts.com\/vi\/wp-json\/wp\/v2\/pages\/78121"}],"wp:featuredmedia":[{"embeddable":true,"href":"https:\/\/www.hqts.com\/vi\/wp-json\/wp\/v2\/media\/79868"}],"wp:attachment":[{"href":"https:\/\/www.hqts.com\/vi\/wp-json\/wp\/v2\/media?parent=79867"}],"curies":[{"name":"wp","href":"https:\/\/api.w.org\/{rel}","templated":true}]}}