{"id":79870,"date":"2021-07-28T10:14:53","date_gmt":"2021-07-28T10:14:53","guid":{"rendered":"https:\/\/www.hqts.com\/?page_id=79870"},"modified":"2022-01-12T04:55:57","modified_gmt":"2022-01-12T04:55:57","slug":"thuong-mai-dien-tu","status":"publish","type":"page","link":"https:\/\/www.hqts.com\/vi\/linh-vuc\/thuong-mai-dien-tu\/","title":{"rendered":"GI\u00c1M \u0110\u1ecaNH V\u00c0 \u0110\u1ea2M B\u1ea2O CH\u1ea4T L\u01af\u1ee2NG TH\u01af\u01a0NG M\u1ea0I \u0110I\u1ec6N T\u1eec"},"content":{"rendered":"<h2><strong>Gi\u00e1m \u0110\u1ecbnh V\u00e0 \u0110\u1ea3m B\u1ea3o Ch\u1ea5t L\u01b0\u1ee3ng Th\u01b0\u01a1ng M\u1ea1i \u0110i\u1ec7n T\u1eed<\/strong><\/h2>\n<p><strong>HQTS l\u00e0 \u0111\u1ed1i t\u00e1c v\u1edbi nhi\u1ec1u n\u1ec1n t\u1ea3ng Th\u01b0\u01a1ng m\u1ea1i \u0111i\u1ec7n t\u1eed kh\u00e1c nhau \u1edf Ch\u00e2u \u00c1. Ch\u00fang t\u00f4i cung c\u1ea5p m\u1ed9t s\u1ed1 <a href=\"https:\/\/www.hqts.com\/vi\/dich-vu\/giam-dinh\/\">d\u1ecbch v\u1ee5 gi\u00e1m \u0111\u1ecbnh<\/a> v\u00e0 \u0111\u1ea3m b\u1ea3o ch\u1ea5t l\u01b0\u1ee3ng nh\u1eb1m \u0111\u1ea3m b\u1ea3o s\u1ef1 an to\u00e0n v\u00e0 ch\u1ea5t l\u01b0\u1ee3ng c\u1ee7a c\u00e1c s\u1ea3n ph\u1ea9m m\u00e0 c\u00e1c \u0111\u1ed1i t\u00e1c n\u00e0y cung c\u1ea5p cho ng\u01b0\u1eddi ti\u00eau d\u00f9ng tr\u1ef1c tuy\u1ebfn trong n\u01b0\u1edbc.<\/strong><\/p>\n<h2><strong>Gi\u00e1m \u0111\u1ecbnh ch\u1ea5t l\u01b0\u1ee3ng trong th\u01b0\u01a1ng m\u1ea1i \u0111i\u1ec7n t\u1eed l\u00e0 g\u00ec?<\/strong><\/h2>\n<p>Gi\u00e1m \u0111\u1ecbnh ch\u1ea5t l\u01b0\u1ee3ng trong th\u01b0\u01a1ng m\u1ea1i \u0111i\u1ec7n t\u1eed l\u00e0 ho\u1ea1t \u0111\u1ed9ng ki\u1ec3m tra v\u00e0 gi\u00e1m s\u00e1t h\u00e0ng h\u00f3a \u0111\u01b0\u1ee3c b\u00e1n th\u00f4ng qua k\u00eanh th\u01b0\u01a1ng m\u1ea1i \u0111i\u1ec7n t\u1eed. Th\u01b0\u01a1ng m\u1ea1i \u0111i\u1ec7n t\u1eed \u0111\u01b0\u1ee3c coi l\u00e0 m\u1ed9t gi\u1ea3i ph\u00e1p thay th\u1ebf tuy\u1ec7t v\u1eddi \u0111\u1ec3 c\u00e1c c\u00f4ng ty ti\u1ebfp c\u1eadn kh\u00e1ch h\u00e0ng v\u00e0 th\u1ecb tr\u01b0\u1eddng m\u1edbi.<\/p>\n<p>Tuy nhi\u00ean, ch\u1ea5t l\u01b0\u1ee3ng l\u00e0 v\u1ea5n \u0111\u1ec1 quan tr\u1ecdng c\u1ee7a th\u01b0\u01a1ng m\u1ea1i \u0111i\u1ec7n t\u1eed. T\u1ea7m quan tr\u1ecdng c\u1ee7a vi\u1ec7c \u0111o l\u01b0\u1eddng v\u00e0 gi\u00e1m s\u00e1t ch\u1ea5t l\u01b0\u1ee3ng trong th\u01b0\u01a1ng m\u1ea1i \u0111i\u1ec7n t\u1eed l\u00e0 kh\u00f4ng th\u1ec3 ch\u1ed1i c\u00e3i. Gi\u00e1m \u0111\u1ecbnh ch\u1ea5t l\u01b0\u1ee3ng trong Th\u01b0\u01a1ng m\u1ea1i \u0111i\u1ec7n t\u1eed s\u1ebd l\u00e0m t\u0103ng \u0111\u00e1ng k\u1ec3 c\u01a1 h\u1ed9i c\u1ee7a m\u1ed9t d\u1ef1 \u00e1n th\u01b0\u01a1ng m\u1ea1i \u0111i\u1ec7n t\u1eed, gi\u00fap th\u1ecfa m\u00e3n c\u00e1c y\u00eau c\u1ea7u v\u1ec1 hi\u1ec7u su\u1ea5t c\u1ee7a ng\u01b0\u1eddi d\u00f9ng.<\/p>\n<h2><strong>T\u1ea1i sao \u0110\u1ea3m b\u1ea3o Ch\u1ea5t l\u01b0\u1ee3ng trong Th\u01b0\u01a1ng m\u1ea1i \u0110i\u1ec7n t\u1eed l\u1ea1i quan tr\u1ecdng trong khu v\u1ef1c Ch\u00e2u \u00c1?<\/strong><\/h2>\n<p>\u0110\u00e2y l\u00e0 m\u1ed9t ho\u1ea1t \u0111\u1ed9ng kinh doanh \u0111ang ph\u00e1t tri\u1ec3n c\u1ee7a HQTS khi ng\u01b0\u1eddi ti\u00eau d\u00f9ng Ch\u00e2u \u00c1 ng\u00e0y c\u00e0ng y\u00eau c\u1ea7u ch\u1ea5t l\u01b0\u1ee3ng v\u00e0 \u0111\u1ed9 an to\u00e0n s\u1ea3n ph\u1ea9m tr\u00ean n\u1ec1n t\u1ea3ng \u0111i\u1ec7n t\u1eed ph\u1ea3i t\u01b0\u01a1ng t\u1ef1 v\u1edbi c\u00e1c s\u1ea3n ph\u1ea9m ph\u1ee5c v\u1ee5 th\u1ecb tr\u01b0\u1eddng xu\u1ea5t kh\u1ea9u. T\u1ea7ng l\u1edbp trung l\u01b0u ng\u00e0y c\u00e0ng t\u0103ng c\u00f3 thu nh\u1eadp kh\u1ea3 d\u1ee5ng nhi\u1ec1u h\u01a1n v\u00e0 c\u00f3 y\u00eau c\u1ea7u cao \u0111\u1ed1i v\u1edbi ch\u1ea5t l\u01b0\u1ee3ng v\u00e0 \u0111\u1ed9 an to\u00e0n c\u1ee7a s\u1ea3n ph\u1ea9m t\u1eeb n\u1ec1n t\u1ea3ng tr\u1ef1c tuy\u1ebfn.<\/p>\n<p>C\u00f9ng v\u1edbi s\u1ef1 t\u1ee9c gi\u1eadn v\u1ec1 s\u1ef1 gia t\u0103ng c\u1ee7a c\u00e1c s\u1ea3n ph\u1ea9m gi\u1ea3 m\u1ea1o v\u00e0 c\u00e1c ch\u1ea5t \u0111\u1ed9c h\u1ea1i trong s\u1ea3n ph\u1ea9m, \u0111ang c\u00f3 m\u1ed9t s\u1ef1 thay \u0111\u1ed5i \u0111\u00e1ng k\u1ec3 trong nh\u1eadn th\u1ee9c v\u00e0 k\u1ef3 v\u1ecdng v\u1ec1 ch\u1ea5t l\u01b0\u1ee3ng c\u1ee7a ng\u01b0\u1eddi ti\u00eau d\u00f9ng.<\/p>\n<h2><strong>L\u00e0m th\u1ebf n\u00e0o \u0111\u1ec3 ti\u1ebfn h\u00e0nh th\u1eed nghi\u1ec7m Gi\u00e1m \u0111\u1ecbnh ch\u1ea5t l\u01b0\u1ee3ng trong Th\u01b0\u01a1ng m\u1ea1i \u0111i\u1ec7n t\u1eed?<\/strong><\/h2>\n<h4><strong>Y\u00eau c\u1ea7u ph\u00e1t tri\u1ec3n<\/strong><\/h4>\n<p>Th\u1ee9 nh\u1ea5t, HQTS s\u1ebd gi\u00fap kh\u00e1ch h\u00e0ng x\u00e1c \u0111\u1ecbnh nh\u1eefng s\u1ea3n ph\u1ea9m n\u00e0o c\u1ea7n \u0111\u01b0\u1ee3c ki\u1ec3m tra v\u00e0 nh\u1eefng kh\u00eda c\u1ea1nh n\u00e0o c\u1ee7a s\u1ea3n ph\u1ea9m c\u1ea7n \u0111\u01b0\u1ee3c \u0111\u00e1nh gi\u00e1 theo y\u00eau c\u1ea7u c\u1ee7a n\u1ec1n t\u1ea3ng th\u01b0\u01a1ng m\u1ea1i \u0111i\u1ec7n t\u1eed.<\/p>\n<h4><strong>Ph\u00e1t tri\u1ec3n k\u1ebf ho\u1ea1ch th\u1eed nghi\u1ec7m<\/strong><\/h4>\n<p>Ti\u1ebfp theo, HQTS s\u1ebd t\u1ea1o m\u1ed9t k\u1ebf ho\u1ea1ch th\u1eed nghi\u1ec7m, cung c\u1ea5p m\u1ed9t t\u00e0i li\u1ec7u m\u00f4 t\u1ea3 chi\u1ebfn l\u01b0\u1ee3c s\u1ebd \u0111\u01b0\u1ee3c s\u1eed d\u1ee5ng \u0111\u1ec3 th\u1eed nghi\u1ec7m. K\u1ebf ho\u1ea1ch n\u00e0y s\u1ebd bao g\u1ed3m ph\u1ea1m vi c\u1ee7a c\u00e1c th\u1eed nghi\u1ec7m, c\u00e1c k\u1ef9 thu\u1eadt s\u1ebd \u0111\u01b0\u1ee3c s\u1eed d\u1ee5ng, thi\u1ebft b\u1ecb v\u00e0 c\u00e1c ngu\u1ed3n l\u1ef1c kh\u00e1c c\u1ea7n thi\u1ebft v\u00e0 l\u1ecbch tr\u00ecnh th\u1eed nghi\u1ec7m.<\/p>\n<h4><strong>Th\u1eed nghi\u1ec7m<\/strong><\/h4>\n<p>Sau \u0111\u00f3, HQTS s\u1ebd thi\u1ebft l\u1eadp m\u00f4i tr\u01b0\u1eddng th\u1eed nghi\u1ec7m theo h\u01b0\u1edbng d\u1eabn th\u1eed nghi\u1ec7m s\u1ea3n ph\u1ea9m trong k\u1ebf ho\u1ea1ch. Khi \u0111\u00e3 chu\u1ea9n b\u1ecb xong m\u00f4i tr\u01b0\u1eddng th\u1eed nghi\u1ec7m v\u00e0 c\u00f3 c\u00e1c thi\u1ebft b\u1ecb c\u1ea7n thi\u1ebft, ch\u00fang t\u00f4i s\u1ebd b\u1eaft \u0111\u1ea7u ch\u1ea1y th\u1eed nghi\u1ec7m theo chi\u1ebfn l\u01b0\u1ee3c \u0111\u00e3 x\u00e1c \u0111\u1ecbnh tr\u01b0\u1edbc.<\/p>\n<h4><strong>\u0110\u00e1nh gi\u00e1 k\u1ebft qu\u1ea3<\/strong><\/h4>\n<p>Sau khi ki\u1ec3m tra, HQTS s\u1ebd \u0111\u00e1nh gi\u00e1 k\u1ebft qu\u1ea3 th\u1eed nghi\u1ec7m v\u00e0 l\u1eadp b\u1ea3n b\u00e1o c\u00e1o. Ch\u00fang t\u00f4i s\u1ebd ph\u00e2n t\u00edch c\u00e1c l\u1ed7i s\u1ea3n ph\u1ea9m ho\u1eb7c v\u1ea5n \u0111\u1ec1 hi\u1ec7u su\u1ea5t x\u1ea3y ra trong s\u1ea3n ph\u1ea9m \u0111\u1ec3 x\u00e1c \u0111\u1ecbnh nguy\u00ean nh\u00e2n, sau \u0111\u00f3 th\u1ea3o lu\u1eadn v\u1edbi kh\u00e1ch h\u00e0ng \u0111\u1ec3 c\u1ea3i thi\u1ec7n hi\u1ec7u su\u1ea5t s\u1ea3n ph\u1ea9m ho\u1eb7c ng\u0103n ch\u1eb7n l\u1ed7i s\u1ea3n ph\u1ea9m<\/p>\n<p>HQTS t\u1ef1 h\u00e0o \u0111\u01b0\u1ee3c ph\u1ee5c v\u1ee5 nhu c\u1ea7u d\u1ecbch v\u1ee5 n\u00e0y th\u00f4ng qua vi\u1ec7c \u0111\u1ea3m b\u1ea3o ch\u1ea5t l\u01b0\u1ee3ng v\u00e0 th\u1eed nghi\u1ec7m cho c\u00e1c nh\u00e0 cung c\u1ea5p l\u00e0 \u0111\u1ed1i t\u00e1c Th\u01b0\u01a1ng m\u1ea1i \u0111i\u1ec7n t\u1eed c\u1ee7a ch\u00fang t\u00f4i tr\u00ean kh\u1eafp Ch\u00e2u \u00c1. M\u1ed9t s\u1ed1 d\u1ecbch v\u1ee5 n\u00e0y bao g\u1ed3m gi\u00e1m \u0111\u1ecbnh v\u00e0 ki\u1ec3m so\u00e1t ch\u1ea5t l\u01b0\u1ee3ng, <a href=\"https:\/\/www.hqts.com\/vi\/dich-vu\/thu-nghiem\/\">th\u1eed nghi\u1ec7m s\u1ea3n ph\u1ea9m ti\u00eau d\u00f9ng<\/a>, <a href=\"https:\/\/www.hqts.com\/vi\/dich-vu\/thu-nghiem\/ista\/\">ki\u1ec3m tra bao b\u00ec ISTA,<\/a> <a href=\"https:\/\/www.hqts.com\/vi\/dich-vu\/danh-gia-nha-may-nha-cung-cap\/\">\u0111\u00e1nh gi\u00e1 nh\u00e0 m\u00e1y<\/a>, x\u00e1c minh v\u00e0 \u0111\u00e1nh gi\u00e1 nh\u00e0 cung c\u1ea5p, \u0111i\u1ec1u tra v\u00e0 gi\u1ea3m thi\u1ec3u h\u00e0ng gi\u1ea3, v.v.<\/p>\n","protected":false},"excerpt":{"rendered":"<p>Gi\u00e1m \u0110\u1ecbnh V\u00e0 \u0110\u1ea3m B\u1ea3o Ch\u1ea5t L\u01b0\u1ee3ng Th\u01b0\u01a1ng M\u1ea1i \u0110i\u1ec7n T\u1eed HQTS l\u00e0 \u0111\u1ed1i t\u00e1c v\u1edbi nhi\u1ec1u n\u1ec1n t\u1ea3ng Th\u01b0\u01a1ng m\u1ea1i \u0111i\u1ec7n t\u1eed kh\u00e1c nhau \u1edf Ch\u00e2u \u00c1. Ch\u00fang t\u00f4i cung c\u1ea5p m\u1ed9t s\u1ed1 d\u1ecbch v\u1ee5 gi\u00e1m \u0111\u1ecbnh v\u00e0 \u0111\u1ea3m b\u1ea3o ch\u1ea5t l\u01b0\u1ee3ng nh\u1eb1m \u0111\u1ea3m b\u1ea3o s\u1ef1 an to\u00e0n v\u00e0 ch\u1ea5t l\u01b0\u1ee3ng c\u1ee7a c\u00e1c s\u1ea3n [&hellip;]<\/p>\n","protected":false},"author":12,"featured_media":77942,"parent":78121,"menu_order":5,"comment_status":"closed","ping_status":"closed","template":"","meta":{"_acf_changed":false,"footnotes":""},"class_list":["post-79870","page","type-page","status-publish","has-post-thumbnail","hentry"],"acf":[],"_links":{"self":[{"href":"https:\/\/www.hqts.com\/vi\/wp-json\/wp\/v2\/pages\/79870","targetHints":{"allow":["GET"]}}],"collection":[{"href":"https:\/\/www.hqts.com\/vi\/wp-json\/wp\/v2\/pages"}],"about":[{"href":"https:\/\/www.hqts.com\/vi\/wp-json\/wp\/v2\/types\/page"}],"author":[{"embeddable":true,"href":"https:\/\/www.hqts.com\/vi\/wp-json\/wp\/v2\/users\/12"}],"replies":[{"embeddable":true,"href":"https:\/\/www.hqts.com\/vi\/wp-json\/wp\/v2\/comments?post=79870"}],"version-history":[{"count":2,"href":"https:\/\/www.hqts.com\/vi\/wp-json\/wp\/v2\/pages\/79870\/revisions"}],"predecessor-version":[{"id":115086,"href":"https:\/\/www.hqts.com\/vi\/wp-json\/wp\/v2\/pages\/79870\/revisions\/115086"}],"up":[{"embeddable":true,"href":"https:\/\/www.hqts.com\/vi\/wp-json\/wp\/v2\/pages\/78121"}],"wp:featuredmedia":[{"embeddable":true,"href":"https:\/\/www.hqts.com\/vi\/wp-json\/wp\/v2\/media\/77942"}],"wp:attachment":[{"href":"https:\/\/www.hqts.com\/vi\/wp-json\/wp\/v2\/media?parent=79870"}],"curies":[{"name":"wp","href":"https:\/\/api.w.org\/{rel}","templated":true}]}}