{"id":80039,"date":"2021-07-29T08:16:00","date_gmt":"2021-07-29T08:16:00","guid":{"rendered":"https:\/\/www.hqts.com\/?page_id=80039"},"modified":"2022-01-12T07:04:08","modified_gmt":"2022-01-12T07:04:08","slug":"gioi-thieu-hqts","status":"publish","type":"page","link":"https:\/\/www.hqts.com\/vi\/ve-chung-toi\/gioi-thieu-hqts\/","title":{"rendered":"Gi\u1edbi thi\u1ec7u HQTS"},"content":{"rendered":"\t\t<div data-elementor-type=\"wp-page\" data-elementor-id=\"80039\" class=\"elementor elementor-80039 elementor-377\" data-elementor-post-type=\"page\">\n\t\t\t\t\t\t<section class=\"elementor-section elementor-top-section elementor-element elementor-element-6f6cd97c elementor-section-boxed elementor-section-height-default elementor-section-height-default\" data-id=\"6f6cd97c\" data-element_type=\"section\">\n\t\t\t\t\t\t<div class=\"elementor-container elementor-column-gap-no\">\n\t\t\t\t\t<div class=\"elementor-column elementor-col-100 elementor-top-column elementor-element elementor-element-34e26fb1\" data-id=\"34e26fb1\" data-element_type=\"column\">\n\t\t\t<div class=\"elementor-widget-wrap elementor-element-populated\">\n\t\t\t\t\t\t<div class=\"elementor-element elementor-element-23f7fad elementor-widget elementor-widget-image\" data-id=\"23f7fad\" data-element_type=\"widget\" data-widget_type=\"image.default\">\n\t\t\t\t<div class=\"elementor-widget-container\">\n\t\t\t\t\t\t\t\t\t\t\t\t\t\t\t<img fetchpriority=\"high\" decoding=\"async\" width=\"2035\" height=\"1151\" src=\"https:\/\/www.hqts.com\/wp-content\/uploads\/2021\/07\/hqts-map-1.jpg\" class=\"attachment-full size-full wp-image-77357\" alt=\"\" srcset=\"https:\/\/www.hqts.com\/wp-content\/uploads\/2021\/07\/hqts-map-1.jpg 2035w, https:\/\/www.hqts.com\/wp-content\/uploads\/2021\/07\/hqts-map-1-300x170.jpg 300w, https:\/\/www.hqts.com\/wp-content\/uploads\/2021\/07\/hqts-map-1-1024x579.jpg 1024w, https:\/\/www.hqts.com\/wp-content\/uploads\/2021\/07\/hqts-map-1-768x434.jpg 768w, https:\/\/www.hqts.com\/wp-content\/uploads\/2021\/07\/hqts-map-1-1536x869.jpg 1536w\" sizes=\"(max-width: 2035px) 100vw, 2035px\" \/>\t\t\t\t\t\t\t\t\t\t\t\t\t\t\t<\/div>\n\t\t\t\t<\/div>\n\t\t\t\t<div class=\"elementor-element elementor-element-6018cf30 elementor-widget elementor-widget-text-editor\" data-id=\"6018cf30\" data-element_type=\"widget\" data-widget_type=\"text-editor.default\">\n\t\t\t\t<div class=\"elementor-widget-container\">\n\t\t\t\t\t\t\t\t\t<h2><strong style=\"color: #9d3133; font-family: inherit; font-size: 1.5rem; text-align: justify; letter-spacing: -0.4px;\"><br \/>HQTS \u2013 Gi\u1ea3i ph\u00e1p cho ch\u1ea5t l\u01b0\u1ee3ng ho\u00e0n h\u1ea3o<br \/><\/strong><\/h2><p style=\"text-align: justify;\"><strong>HQTS cung c\u1ea5p d\u1ecbch v\u1ee5 <a href=\"https:\/\/www.hqts.com\/vi\/dich-vu\/giam-dinh\/\">gi\u00e1m \u0111\u1ecbnh<\/a> v\u00e0 qu\u1ea3n l\u00fd ch\u1ea5t l\u01b0\u1ee3ng, <a href=\"https:\/\/www.hqts.com\/vi\/dich-vu\/danh-gia-nha-may-nha-cung-cap\/\">\u0111\u00e1nh gi\u00e1 nh\u00e0 m\u00e1y v\u00e0 nh\u00e0 cung c\u1ea5p<\/a>,<a href=\"https:\/\/www.hqts.com\/vi\/dich-vu\/thu-nghiem\/\"> th\u1eed nghi\u1ec7m<\/a> s\u1ea3n ph\u1ea9m ti\u00eau d\u00f9ng, qu\u1ea3n l\u00fd s\u1ea3n xu\u1ea5t, v\u00e0<a href=\"https:\/\/www.hqts.com\/vi\/dich-vu\/tu-van\/\"> t\u01b0 v\u1ea5n<\/a> ki\u1ec3m \u0111\u1ecbnh ch\u1ea5t l\u01b0\u1ee3ng tr\u00ean to\u00e0n ch\u00e2u \u00c1.<\/strong><\/p><p>\u0110\u01b0\u1ee3c h\u1ed7 tr\u1ee3 b\u1edfi h\u00e0ng ngh\u00ecn chuy\u00ean gia tr\u00ean to\u00e0n c\u1ea7u v\u1edbi ki\u1ebfn \u200b\u200bth\u1ee9c v\u00e0 kinh nghi\u1ec7m phong ph\u00fa, HQTS l\u00e0 \u0111\u1ed1i t\u00e1c qu\u1ea3n l\u00fd ch\u1ea5t l\u01b0\u1ee3ng ho\u00e0n h\u1ea3o cho c\u00e1c doanh nghi\u1ec7p.<\/p><p>L\u00f2ng tin r\u1ea5t kh\u00f3 ki\u1ebfm \u0111\u01b0\u1ee3c v\u00e0 r\u1ea5t d\u1ec5 m\u1ea5t \u0111i! \u0110i\u1ec1u n\u00e0y ho\u00e0n to\u00e0n ch\u00ednh x\u00e1c trong th\u1ecb tr\u01b0\u1eddng h\u00e0ng ti\u00eau d\u00f9ng ng\u00e0y nay. Khi ng\u01b0\u1eddi ti\u00eau d\u00f9ng mua s\u1ea3n ph\u1ea9m c\u1ee7a doanh nghi\u1ec7p, m\u1ed9t l\u1eddi h\u1ee9a v\u1ec1 h\u00ecnh th\u1ee9c, ch\u1ee9c n\u0103ng v\u00e0 kh\u1ea3 n\u0103ng s\u1eed d\u1ee5ng \u0111\u00e3 \u0111\u01b0\u1ee3c \u0111\u01b0a ra. Gi\u1eef tr\u1ecdn l\u1eddi h\u1ee9a \u0111\u00f3 l\u00e0 n\u1ec1n t\u1ea3ng cho s\u1ef1 th\u00e0nh c\u00f4ng.<\/p><p>V\u1edbi t\u00ecnh tr\u1ea1ng vi\u1ec7c thu h\u1ed3i s\u1ea3n ph\u1ea9m v\u00e0 ch\u1ea5t l\u01b0\u1ee3ng b\u1ecb t\u1ed5n h\u1ea1i \u1edf m\u1ee9c cao trong l\u1ecbch s\u1eed, HQTS c\u00f3 th\u1ec3 gi\u00fap doanh nghi\u1ec7p n\u1ed5i b\u1eadt gi\u1eefa \u0111\u00e1m \u0111\u00f4ng b\u1eb1ng c\u00e1ch \u0111\u1ea3m b\u1ea3o s\u1ea3n ph\u1ea9m \u0111\u1ea1t ch\u1ea5t l\u01b0\u1ee3ng cao th\u00f4ng qua c\u00e1c gi\u1ea3i ph\u00e1p gi\u00e1m \u0111\u1ecbnh ch\u1ea5t l\u01b0\u1ee3ng to\u00e0n di\u1ec7n.<\/p><p>\u0110\u01b0\u1ee3c c\u00f4ng nh\u1eadn trong ng\u00e0nh v\u1ec1 ch\u1ea5t l\u01b0\u1ee3ng \u0111\u00e0o t\u1ea1o t\u1ed1t nh\u1ea5t v\u00e0 c\u00e1c ti\u00eau chu\u1ea9n \u0111\u1ea1o \u0111\u1ee9c m\u1ea1nh m\u1ebd, c\u00e1c gi\u1ea3i ph\u00e1p \u0111\u1ea3m b\u1ea3o ch\u1ea5t l\u01b0\u1ee3ng, th\u1eed nghi\u1ec7m v\u00e0 gi\u00e1m \u0111\u1ecbnh c\u1ee7a HQTS mang \u0111\u1ebfn cho doanh nghi\u1ec7p s\u1ef1 an t\u00e2m v\u00e0 tin t\u01b0\u1edfng r\u1eb1ng s\u1ea3n ph\u1ea9m c\u1ee7a h\u1ecd \u0111\u00e1p \u1ee9ng c\u00e1c ti\u00eau chu\u1ea9n ch\u1ea5t l\u01b0\u1ee3ng \u0111\u01b0a \u0111\u01b0a ra v\u00e0 ph\u00f9 h\u1ee3p v\u1edbi mong \u0111\u1ee3i c\u1ee7a kh\u00e1ch h\u00e0ng.<\/p><h2><strong>Ph\u00e2n ng\u00e0nh kinh doanh<\/strong><\/h2><p>HQTS c\u00f3 b\u1ed1n ph\u00e2n ng\u00e0nh kinh doanh:<\/p><p><em>Gi\u00e1m \u0111\u1ecbnh<\/em> \u2013 T\u1ed5 ch\u1ee9c gi\u00e1m \u0111\u1ecbnh, th\u1eed nghi\u1ec7m v\u00e0 \u0111\u00e1nh gi\u00e1 c\u00f3 tr\u1ee5 s\u1edf t\u1ea1i Ph\u00fac Ch\u00e2u, Trung Qu\u1ed1c v\u1edbi c\u00e1c v\u0103n ph\u00f2ng t\u1ea1i Th\u01b0\u1ee3ng H\u1ea3i, New Delhi, \u1ea4n \u0110\u1ed9, Brazil, \u0110\u1ee9c, Ba Lan, Nga v\u00e0 M\u1ef9.<\/p><p><em>Th\u1eed nghi\u1ec7m<\/em> &#8211; Ph\u00f2ng th\u1eed nghi\u1ec7m s\u1ea3n ph\u1ea9m ti\u00eau d\u00f9ng c\u00f3 tr\u1ee5 s\u1edf t\u1ea1i H\u00e0ng Ch\u00e2u. C\u00f4ng ty con n\u00e0y \u0111\u01b0\u1ee3c th\u00e0nh l\u1eadp nh\u01b0 m\u1ed9t li\u00ean doanh v\u1edbi QA International Inc. c\u00f3 tr\u1ee5 s\u1edf t\u1ea1i Hoa K\u1ef3. Ch\u00fang t\u00f4i th\u1ef1c hi\u1ec7n th\u1eed nghi\u1ec7m h\u00f3a ch\u1ea5t, ch\u1ee9c n\u0103ng, an to\u00e0n v\u00e0 \u0111\u00f3ng g\u00f3i cho h\u00e0ng ti\u00eau d\u00f9ng t\u1ea1i ph\u00f2ng th\u00ed nghi\u1ec7m r\u1ed9ng 80.000 m\u00e9t vu\u00f4ng. Ch\u00fang t\u00f4i c\u0169ng c\u00f3 ph\u00f2ng th\u00ed nghi\u1ec7m thu\u1ed9c s\u1edf h\u1eefu ri\u00eang d\u00e0nh ri\u00eang cho th\u1eed nghi\u1ec7m gi\u00e0y d\u00e9p \u1edf \u0110\u00f4ng Quan, Trung Qu\u1ed1c v\u00e0 Th\u00e0nh ph\u1ed1 H\u1ed3 Ch\u00ed Minh, Vi\u1ec7t Nam.<\/p><p><em>Gi\u00e1m \u0111\u1ecbnh ph\u00e2n lo\u1ea1i<\/em> &#8211; Th\u1ef1c hi\u1ec7n ki\u1ec3m tra ph\u00e2n lo\u1ea1, ph\u00e1t hi\u1ec7n kim lo\u1ea1i v\u00e0 \u0111\u00f3ng g\u00f3i l\u1ea1i cho nh\u1eefng kh\u00e1ch h\u00e0ng s\u1ea3n xu\u1ea5t c\u00e1c s\u1ea3n ph\u1ea9m cao c\u1ea5p. Ch\u00fang t\u00f4i v\u1eadn h\u00e0nh c\u00e1c c\u01a1 s\u1edf c\u1ee7a ri\u00eang m\u00ecnh \u1edf Th\u01b0\u1ee3ng H\u1ea3i v\u00e0 T\u1ea5n Giang, Trung Qu\u1ed1c, c\u0169ng nh\u01b0 Campuchia.<\/p><p><a href=\"https:\/\/www.hqts.com\/vi\/ve-chung-toi\/giam-dinh-chat-luong-tai-trung-quoc\/\"><em>Th\u1ecb tr\u01b0\u1eddng N\u1ed9i \u0111\u1ecba<\/em><\/a> &#8211; ch\u1ec9 t\u1eadp trung v\u00e0o vi\u1ec7c cung c\u1ea5p c\u00e1c d\u1ecbch v\u1ee5 \u0111\u1ea3m b\u1ea3o ch\u1ea5t l\u01b0\u1ee3ng cho c\u00e1c nh\u00e0 s\u1ea3n xu\u1ea5t, nh\u00e0 cung c\u1ea5p v\u00e0 ng\u01b0\u1eddi mua Trung Qu\u1ed1c. Ch\u00fang t\u00f4i h\u1ed7 tr\u1ee3 nhu c\u1ea7u ng\u00e0y c\u00e0ng t\u0103ng \u0111\u1ed1i v\u1edbi c\u00e1c s\u1ea3n ph\u1ea9m t\u1ea1i th\u1ecb tr\u01b0\u1eddng Trung Qu\u1ed1c v\u1edbi c\u00e1c d\u1ecbch v\u1ee5 k\u1ef9 thu\u1eadt \u0111\u1ec3 h\u1ed7 tr\u1ee3 c\u00e1c nh\u00e0 s\u1ea3n xu\u1ea5t cung c\u1ea5p c\u00e1c s\u1ea3n ph\u1ea9m ch\u1ea5t l\u01b0\u1ee3ng.<\/p><h2><strong>L\u1ecbch s\u1eed h\u00ecnh th\u00e0nh<\/strong><\/h2><p>HQTS \u0111\u01b0\u1ee3c th\u00e0nh l\u1eadp v\u00e0o n\u0103m 1987 v\u1edbi t\u01b0 c\u00e1ch l\u00e0 m\u1ed9t b\u1ed9 ph\u1eadn c\u1ee7a Vi\u1ec7n Ki\u1ec3m \u0111\u1ecbnh v\u00e0 Nghi\u00ean c\u1ee9u Ph\u00fac Ki\u1ebfn (FCII) v\u1ec1 Ch\u1ea5t l\u01b0\u1ee3ng S\u1ea3n ph\u1ea9m. FCII l\u00e0 m\u1ed9t c\u01a1 s\u1edf nghi\u00ean c\u1ee9u v\u00e0 th\u1eed nghi\u1ec7m \u0111\u01b0\u1ee3c c\u00f4ng nh\u1eadn \u0111\u1ec3 th\u1eed nghi\u1ec7m h\u01a1n 2.000 lo\u1ea1i s\u1ea3n ph\u1ea9m. B\u1ed9 ph\u1eadn n\u00e0y x\u1eed l\u00fd t\u1ea5t c\u1ea3 c\u00e1c c\u00f4ng vi\u1ec7c ki\u1ec3m \u0111\u1ecbnh ch\u1ea5t l\u01b0\u1ee3ng h\u1ee3p \u0111\u1ed3ng, c\u1ea3 trong n\u01b0\u1edbc v\u00e0 n\u01b0\u1edbc ngo\u00e0i, cho FCII.<\/p><p>Tr\u01b0\u1edbc khi Trung Qu\u1ed1c gia nh\u1eadp WTO, c\u00e1c c\u00f4ng ty n\u01b0\u1edbc ngo\u00e0i kh\u00f4ng th\u1ec3 ho\u1ea1t \u0111\u1ed9ng t\u1ea1i qu\u1ed1c gia n\u00e0y. V\u00ec v\u1eady, h\u1ecd \u0111\u00e3 k\u00fd h\u1ee3p \u0111\u1ed3ng ph\u1ee5 QC c\u1ee7a m\u00ecnh cho c\u00e1c c\u00f4ng ty \u0111\u1ecba ph\u01b0\u01a1ng \u1edf Trung Qu\u1ed1c, trong \u0111\u00f3 HQTS l\u00e0 m\u1ed9t trong nh\u1eefng c\u00f4ng ty l\u1edbn nh\u1ea5t. \u0110i\u1ec1u n\u00e0y d\u1eabn \u0111\u1ebfn vi\u1ec7c HQTS \u0111\u01b0\u1ee3c t\u00e1ch ra th\u00e0nh m\u1ed9t c\u00f4ng ty ho\u00e0n to\u00e0n ri\u00eang bi\u1ec7t v\u00e0o n\u0103m 1995, \u0111\u1ec3 t\u1eadp trung ho\u00e0n to\u00e0n v\u00e0o c\u00e1c d\u1ecbch v\u1ee5 ki\u1ec3m \u0111\u1ecbnh h\u1ee3p \u0111\u1ed3ng ph\u1ee5 cho c\u00e1c c\u00f4ng ty qu\u1ed1c t\u1ebf.<\/p><p>N\u0103m 2003, c\u00e1c gi\u00e1m \u0111\u1ed1c \u0111i\u1ec1u h\u00e0nh ch\u1ee7 ch\u1ed1t b\u1eaft \u0111\u1ea7u chuy\u1ec3n \u0111\u1ed5i t\u1eeb d\u1ecbch v\u1ee5 h\u1ee3p \u0111\u1ed3ng ph\u1ee5 sang l\u00e0m nh\u00e0 cung c\u1ea5p tr\u1ef1c ti\u1ebfp. V\u00e0o th\u1eddi \u0111i\u1ec3m n\u00e0y, ch\u00fang t\u00f4i c\u0169ng th\u00e0nh l\u1eadp ph\u00f2ng th\u1eed nghi\u1ec7m s\u1ea3n ph\u1ea9m ti\u00eau d\u00f9ng c\u1ee7a m\u00ecnh v\u1edbi t\u01b0 c\u00e1ch l\u00e0 m\u1ed9t li\u00ean doanh v\u1edbi QA International c\u00f3 tr\u1ee5 s\u1edf t\u1ea1i Hoa K\u1ef3.<\/p><p>\u0110\u1ebfn n\u0103m 2010, m\u1ed7i th\u00e1ng HQTS ho\u00e0n th\u00e0nh h\u00e0ng ngh\u00ecn cu\u1ed9c gi\u00e1m \u0111\u1ecbnh ch\u1ea5t l\u01b0\u1ee3ng. Ngo\u00e0i ra, ho\u1ea1t \u0111\u1ed9ng kinh doanh th\u1eed nghi\u1ec7m c\u1ee7a ch\u00fang t\u00f4i \u0111\u00e3 nhanh ch\u00f3ng \u0111\u01b0\u1ee3c m\u1edf r\u1ed9ng v\u00e0 \u0111\u01b0\u1ee3c c\u00f4ng nh\u1eadn \u0111\u1ec3 th\u1eed nghi\u1ec7m theo t\u1ea5t c\u1ea3 c\u00e1c quy \u0111\u1ecbnh nh\u1eadp kh\u1ea9u ch\u00ednh tr\u00ean to\u00e0n c\u1ea7u v\u00e0 th\u1eed nghi\u1ec7m g\u00f3i ISTA. K\u1ec3 t\u1eeb th\u1eddi \u0111i\u1ec3m \u0111\u00f3, s\u1ef1 ph\u00e1t tri\u1ec3n c\u1ee7a ch\u00fang t\u00f4i ng\u00e0y c\u00e0ng l\u1edbn m\u1ea1nh h\u01a1n v\u00e0 ch\u00fang t\u00f4i \u0111\u00e3 m\u1edf r\u1ed9ng ho\u1ea1t \u0111\u1ed9ng QC ra to\u00e0n Ch\u00e2u \u00c1. H\u00f4m nay, ch\u00fang t\u00f4i t\u1ef1 h\u00e0o l\u00e0 nh\u00e0 cung c\u1ea5p d\u1ecbch v\u1ee5 gi\u00e1m \u0111\u1ecbnh ch\u1ea5t l\u01b0\u1ee3ng cho m\u1ed9t s\u1ed1 th\u01b0\u01a1ng hi\u1ec7u n\u1ed5i ti\u1ebfng nh\u1ea5t tr\u00ean th\u1ebf gi\u1edbi.<\/p><h2><strong>S\u1ee9 m\u1ec7nh, T\u1ea7m nh\u00ecn v\u00e0 Gi\u00e1 tr\u1ecb c\u1ed1t l\u00f5i<\/strong><\/h2><p>S\u1ee9 m\u1ec7nh c\u1ee7a ch\u00fang t\u00f4i l\u00e0 tr\u1edf th\u00e0nh nh\u00e0 cung c\u1ea5p d\u1ecbch v\u1ee5 gi\u00e1m \u0111\u1ecbnh ch\u1ea5t l\u01b0\u1ee3ng c\u1ea1nh tranh v\u00e0 \u0111\u00e1ng tin c\u1eady nh\u1ea5t tr\u00ean th\u1ebf gi\u1edbi.<\/p><p>N\u0103ng l\u1ef1c c\u1ed1t l\u00f5i c\u1ee7a ch\u00fang t\u00f4i n\u1eb1m \u1edf vi\u1ec7c gi\u00e1m \u0111\u1ecbnh, \u0111\u00e1nh gi\u00e1 nh\u00e0 m\u00e1y v\u00e0 \u0111\u00e1nh gi\u00e1 nh\u00e0 cung c\u1ea5p c\u0169ng nh\u01b0 th\u1eed nghi\u1ec7m s\u1ea3n ph\u1ea9m ti\u00eau d\u00f9ng. D\u1ecbch v\u1ee5 c\u1ee7a HQTS li\u00ean t\u1ee5c \u0111\u01b0\u1ee3c c\u1ea3i thi\u1ec7n, \u0111\u1ea3m b\u1ea3o s\u1ef1 h\u00e0i l\u00f2ng tuy\u1ec7t \u0111\u1ed1i cho kh\u00e1ch h\u00e0ng. Ni\u1ec1m \u0111am m\u00ea c\u1ee7a ch\u00fang t\u00f4i l\u00e0 lu\u00f4n cung c\u1ea5p c\u00e1c ti\u00eau chu\u1ea9n d\u1ecbch v\u1ee5 cao nh\u1ea5t.<\/p><p>Ch\u00ednh tr\u1ef1c, \u0111am m\u00ea v\u00e0 \u0111\u1ed5i m\u1edbi l\u00e0 m\u1ed9t trong nh\u1eefng gi\u00e1 tr\u1ecb c\u1ed1t l\u00f5i m\u00e0 ch\u00fang t\u00f4i li\u00ean t\u1ee5c ph\u1ea5n \u0111\u1ea5u \u0111\u1ec3 \u0111\u1ea1t \u0111\u01b0\u1ee3c th\u00e0nh c\u00f4ng.<\/p>\t\t\t\t\t\t\t\t<\/div>\n\t\t\t\t<\/div>\n\t\t\t\t\t<\/div>\n\t\t<\/div>\n\t\t\t\t\t<\/div>\n\t\t<\/section>\n\t\t\t\t<\/div>\n\t\t","protected":false},"excerpt":{"rendered":"<p>HQTS \u2013 Gi\u1ea3i ph\u00e1p cho ch\u1ea5t l\u01b0\u1ee3ng ho\u00e0n h\u1ea3o HQTS cung c\u1ea5p d\u1ecbch v\u1ee5 gi\u00e1m \u0111\u1ecbnh v\u00e0 qu\u1ea3n l\u00fd ch\u1ea5t l\u01b0\u1ee3ng, \u0111\u00e1nh gi\u00e1 nh\u00e0 m\u00e1y v\u00e0 nh\u00e0 cung c\u1ea5p, th\u1eed nghi\u1ec7m s\u1ea3n ph\u1ea9m ti\u00eau d\u00f9ng, qu\u1ea3n l\u00fd s\u1ea3n xu\u1ea5t, v\u00e0 t\u01b0 v\u1ea5n ki\u1ec3m \u0111\u1ecbnh ch\u1ea5t l\u01b0\u1ee3ng tr\u00ean to\u00e0n ch\u00e2u \u00c1. \u0110\u01b0\u1ee3c h\u1ed7 tr\u1ee3 b\u1edfi h\u00e0ng [&hellip;]<\/p>\n","protected":false},"author":12,"featured_media":77349,"parent":77908,"menu_order":79,"comment_status":"closed","ping_status":"closed","template":"","meta":{"_acf_changed":false,"footnotes":""},"class_list":["post-80039","page","type-page","status-publish","has-post-thumbnail","hentry"],"acf":[],"_links":{"self":[{"href":"https:\/\/www.hqts.com\/vi\/wp-json\/wp\/v2\/pages\/80039","targetHints":{"allow":["GET"]}}],"collection":[{"href":"https:\/\/www.hqts.com\/vi\/wp-json\/wp\/v2\/pages"}],"about":[{"href":"https:\/\/www.hqts.com\/vi\/wp-json\/wp\/v2\/types\/page"}],"author":[{"embeddable":true,"href":"https:\/\/www.hqts.com\/vi\/wp-json\/wp\/v2\/users\/12"}],"replies":[{"embeddable":true,"href":"https:\/\/www.hqts.com\/vi\/wp-json\/wp\/v2\/comments?post=80039"}],"version-history":[{"count":5,"href":"https:\/\/www.hqts.com\/vi\/wp-json\/wp\/v2\/pages\/80039\/revisions"}],"predecessor-version":[{"id":115091,"href":"https:\/\/www.hqts.com\/vi\/wp-json\/wp\/v2\/pages\/80039\/revisions\/115091"}],"up":[{"embeddable":true,"href":"https:\/\/www.hqts.com\/vi\/wp-json\/wp\/v2\/pages\/77908"}],"wp:featuredmedia":[{"embeddable":true,"href":"https:\/\/www.hqts.com\/vi\/wp-json\/wp\/v2\/media\/77349"}],"wp:attachment":[{"href":"https:\/\/www.hqts.com\/vi\/wp-json\/wp\/v2\/media?parent=80039"}],"curies":[{"name":"wp","href":"https:\/\/api.w.org\/{rel}","templated":true}]}}