{"id":80047,"date":"2021-07-29T08:28:39","date_gmt":"2021-07-29T08:28:39","guid":{"rendered":"https:\/\/www.hqts.com\/?page_id=80047"},"modified":"2021-08-06T09:29:40","modified_gmt":"2021-08-06T09:29:40","slug":"tuan-thu-va-minh-bach","status":"publish","type":"page","link":"https:\/\/www.hqts.com\/vi\/ve-chung-toi\/tuan-thu-va-minh-bach\/","title":{"rendered":"TU\u00c2N TH\u1ee6 V\u00c0 MINH B\u1ea0CH"},"content":{"rendered":"<h2><strong>Quy t\u1eafc \u1ee9ng x\u1eed:<\/strong><\/h2>\n<p><strong>Ch\u00fang t\u00f4i t\u1eadn t\u00e2m tu\u00e2n th\u1ee7 c\u00e1c ti\u00eau chu\u1ea9n \u0111\u1ea1o \u0111\u1ee9c v\u00e0 ph\u00e1p lu\u1eadt cao nh\u1ea5t.<\/strong><\/p>\n<p>Quy t\u1eafc \u1ee8ng x\u1eed n\u00e0y (sau \u0111\u00e2y g\u1ecdi l\u00e0 \u201cQuy t\u1eafc\u201d) \u0111\u01b0\u1ee3c thi\u1ebft l\u1eadp \u0111\u1ec3 cung c\u1ea5p c\u00e1c \u0111\u1ecbnh h\u01b0\u1edbng r\u00f5 r\u00e0ng cho nh\u00e2n vi\u00ean trong c\u00e1c ho\u1ea1t \u0111\u1ed9ng kinh doanh h\u00e0ng ng\u00e0y.<\/p>\n<ul>\n<li>HQTS ho\u1ea1t \u0111\u1ed9ng tu\u00e2n th\u1ee7 c\u00e1c nguy\u00ean t\u1eafc li\u00eam ch\u00ednh, trung th\u1ef1c v\u00e0 chuy\u00ean nghi\u1ec7p.<\/li>\n<li>C\u00f4ng vi\u1ec7c c\u1ee7a ch\u00fang t\u00f4i s\u1ebd \u0111\u01b0\u1ee3c th\u1ef1c hi\u1ec7n m\u1ed9t c\u00e1ch trung th\u1ef1c, chuy\u00ean nghi\u1ec7p, \u0111\u1ed9c l\u1eadp v\u00e0 kh\u00e1ch quan, kh\u00f4ng dung th\u1ee9 \u0111\u1ed1i v\u1edbi b\u1ea5t k\u1ef3 sai ph\u1ea1m n\u00e0o \u0111\u1ed1i v\u1edbi c\u00e1c ph\u01b0\u01a1ng ph\u00e1p v\u00e0 quy tr\u00ecnh \u0111\u00e3 \u0111\u01b0\u1ee3c ph\u00ea duy\u1ec7t c\u1ee7a ch\u00ednh ch\u00fang t\u00f4i ho\u1eb7c vi\u1ec7c b\u00e1o c\u00e1o k\u1ebft qu\u1ea3 gi\u00e1m \u0111\u1ecbnh<\/li>\n<li>C\u00e1c b\u00e1o c\u00e1o v\u00e0 ch\u1ee9ng ch\u1ec9 c\u1ee7a ch\u00fang t\u00f4i ph\u1ea3i tr\u00ecnh b\u00e0y ch\u00ednh x\u00e1c nh\u1eefng ph\u00e1t hi\u1ec7n th\u1ef1c t\u1ebf, \u00fd ki\u1ebfn \u200b\u200bchuy\u00ean m\u00f4n ho\u1eb7c k\u1ebft qu\u1ea3 thu \u0111\u01b0\u1ee3c.<\/li>\n<li>D\u1eef li\u1ec7u, k\u1ebft qu\u1ea3 th\u1eed nghi\u1ec7m v\u00e0 c\u00e1c d\u1eef ki\u1ec7n quan tr\u1ecdng kh\u00e1c ph\u1ea3i \u0111\u01b0\u1ee3c b\u00e1o c\u00e1o m\u1ed9t c\u00e1ch trung th\u1ef1c v\u00e0 s\u1ebd kh\u00f4ng b\u1ecb thay \u0111\u1ed5i m\u1ed9t c\u00e1ch b\u1ea5t h\u1ee3p l\u00fd.<\/li>\n<li>Tuy nhi\u00ean, t\u1ea5t c\u1ea3 nh\u00e2n vi\u00ean ph\u1ea3i tr\u00e1nh m\u1ecdi t\u00ecnh hu\u1ed1ng c\u00f3 th\u1ec3 d\u1eabn \u0111\u1ebfn xung \u0111\u1ed9t l\u1ee3i \u00edch trong c\u00e1c giao d\u1ecbch kinh doanh v\u00e0 d\u1ecbch v\u1ee5 c\u1ee7a ch\u00fang t\u00f4i.<\/li>\n<li>Trong m\u1ecdi tr\u01b0\u1eddng h\u1ee3p, nh\u00e2n vi\u00ean kh\u00f4ng \u0111\u01b0\u1ee3c l\u1ea1m d\u1ee5ng v\u1ecb tr\u00ed, t\u00e0i s\u1ea3n ho\u1eb7c th\u00f4ng tin c\u1ee7a C\u00f4ng ty \u0111\u1ec3 tr\u1ee5c l\u1ee3i.<\/li>\n<\/ul>\n<p>Ch\u00fang t\u00f4i \u0111\u1ea5u tranh cho m\u1ed9t m\u00f4i tr\u01b0\u1eddng kinh doanh c\u00f4ng b\u1eb1ng v\u00e0 l\u00e0nh m\u1ea1nh v\u00e0 ch\u00fang t\u00f4i kh\u00f4ng ch\u1ea5p nh\u1eadn b\u1ea5t k\u1ef3 h\u00e0nh vi n\u00e0o vi ph\u1ea1m lu\u1eadt v\u00e0 quy \u0111\u1ecbnh hi\u1ec7n h\u00e0nh v\u1ec1 ch\u1ed1ng h\u1ed1i l\u1ed9 &amp; ch\u1ed1ng tham nh\u0169ng.<\/p>\n<h2><strong>Quy t\u1eafc c\u1ee7a ch\u00fang t\u00f4i l\u00e0:<\/strong><\/h2>\n<ul>\n<li>C\u1ea5m t\u1eb7ng ho\u1eb7c nh\u1eadn h\u1ed1i l\u1ed9 d\u01b0\u1edbi b\u1ea5t k\u1ef3 h\u00ecnh th\u1ee9c tr\u1ef1c ti\u1ebfp ho\u1eb7c gi\u00e1n ti\u1ebfp n\u00e0o, bao g\u1ed3m c\u1ea3 vi\u1ec7c \u0111\u1ea9y l\u1ea1i \u0111\u1ed1i v\u1edbi b\u1ea5t k\u1ef3 ph\u1ea7n n\u00e0o c\u1ee7a kho\u1ea3n thanh to\u00e1n h\u1ee3p \u0111\u1ed3ng.<\/li>\n<li>Kh\u00f4ng \u0111\u01b0\u1ee3c s\u1eed d\u1ee5ng ti\u1ec1n ho\u1eb7c t\u00e0i s\u1ea3n cho b\u1ea5t k\u1ef3 m\u1ee5c \u0111\u00edch phi \u0111\u1ea1o \u0111\u1ee9c n\u00e0o, Quy t\u1eafc n\u00e0y nh\u1eb1m c\u1ea5m s\u1eed d\u1ee5ng c\u00e1c ph\u01b0\u01a1ng th\u1ee9c cung c\u1ea5p c\u00e1c l\u1ee3i \u00edch kh\u00f4ng ch\u00ednh \u0111\u00e1ng ho\u1eb7c nh\u1eadn c\u00e1c l\u1ee3i \u00edch kh\u00f4ng ch\u00ednh \u0111\u00e1ng t\u1eeb kh\u00e1ch h\u00e0ng, \u0111\u1ea1i l\u00fd, nh\u00e0 th\u1ea7u, nh\u00e0 cung c\u1ea5p ho\u1eb7c nh\u00e2n vi\u00ean hay c\u00e1c quan ch\u1ee9c ch\u00ednh ph\u1ee7 .<\/li>\n<\/ul>\n<h2><strong>Ch\u00fang t\u00f4i cam k\u1ebft:<\/strong><\/h2>\n<ul>\n<li>Tu\u00e2n th\u1ee7 lu\u1eadt l\u01b0\u01a1ng t\u1ed1i thi\u1ec3u v\u00e0 c\u00e1c lu\u1eadt hi\u1ec7n h\u00e0nh kh\u00e1c v\u1ec1 ti\u1ec1n l\u01b0\u01a1ng v\u00e0 th\u1eddi gian l\u00e0m vi\u1ec7c.<\/li>\n<li>Nghi\u00eam c\u1ea5m lao \u0111\u1ed9ng tr\u1ebb em &#8211; nghi\u00eam c\u1ea5m s\u1eed d\u1ee5ng lao \u0111\u1ed9ng tr\u1ebb em.<\/li>\n<li>C\u1ea5m lao \u0111\u1ed9ng c\u01b0\u1ee1ng b\u1ee9c v\u00e0 b\u1eaft bu\u1ed9c.<\/li>\n<li>C\u1ea5m t\u1ea5t c\u1ea3 c\u00e1c h\u00ecnh th\u1ee9c lao \u0111\u1ed9ng c\u01b0\u1ee1ng b\u1ee9c, cho d\u00f9 d\u01b0\u1edbi h\u00ecnh th\u1ee9c lao \u0111\u1ed9ng t\u00f9, lao \u0111\u1ed9ng cam k\u1ebft, lao \u0111\u1ed9ng ngo\u1ea1i quan, lao \u0111\u1ed9ng n\u00f4 l\u1ec7 ho\u1eb7c b\u1ea5t k\u1ef3 h\u00ecnh th\u1ee9c lao \u0111\u1ed9ng kh\u00f4ng t\u1ef1 nguy\u1ec7n n\u00e0o.<\/li>\n<li>T\u00f4n tr\u1ecdng c\u00e1c c\u01a1 h\u1ed9i b\u00ecnh \u0111\u1eb3ng t\u1ea1i n\u01a1i l\u00e0m vi\u1ec7c<\/li>\n<li>Kh\u00f4ng khoan nh\u01b0\u1ee3ng \u0111\u1ed1i v\u1edbi h\u00e0nh vi l\u1ea1m d\u1ee5ng, b\u1eaft n\u1ea1t ho\u1eb7c qu\u1ea5y r\u1ed1i t\u1ea1i n\u01a1i l\u00e0m vi\u1ec7c.<\/li>\n<li>T\u1ea5t c\u1ea3 th\u00f4ng tin nh\u1eadn \u0111\u01b0\u1ee3c trong qu\u00e1 tr\u00ecnh cung c\u1ea5p d\u1ecbch v\u1ee5 c\u1ee7a ch\u00fang t\u00f4i s\u1ebd \u0111\u01b0\u1ee3c coi l\u00e0 b\u00ed m\u1eadt kinh doanh trong ph\u1ea1m vi th\u00f4ng tin \u0111\u00f3 ch\u01b0a \u0111\u01b0\u1ee3c c\u00f4ng b\u1ed1, th\u01b0\u1eddng c\u00f3 s\u1eb5n cho c\u00e1c b\u00ean th\u1ee9 ba ho\u1eb7c trong ph\u1ea1m vi c\u00f4ng c\u1ed9ng.<\/li>\n<li>T\u1ea5t c\u1ea3 nh\u00e2n vi\u00ean cam k\u1ebft c\u00e1 nh\u00e2n b\u1eb1ng ch\u1eef k\u00fd c\u1ee7a m\u1ed9t th\u1ecfa thu\u1eadn b\u1ea3o m\u1eadt, bao g\u1ed3m kh\u00f4ng ti\u1ebft l\u1ed9 b\u1ea5t k\u1ef3 th\u00f4ng tin b\u00ed m\u1eadt n\u00e0o li\u00ean quan \u0111\u1ebfn kh\u00e1ch h\u00e0ng n\u00e0y cho kh\u00e1ch h\u00e0ng kh\u00e1c v\u00e0 kh\u00f4ng c\u1ed1 g\u1eafng ki\u1ebfm l\u1ee3i nhu\u1eadn c\u00e1 nh\u00e2n t\u1eeb b\u1ea5t k\u1ef3 th\u00f4ng tin n\u00e0o thu \u0111\u01b0\u1ee3c trong qu\u00e1 tr\u00ecnh lao \u0111\u1ed9ng c\u1ee7a h\u1ecd t\u1ea1i HQTS, v\u00e0 kh\u00f4ng cho ph\u00e9p ho\u1eb7c t\u1ea1o \u0111i\u1ec1u ki\u1ec7n cho nh\u1eefng ng\u01b0\u1eddi kh\u00f4ng \u0111\u01b0\u1ee3c ph\u00e9p x\u00e2m nh\u1eadp v\u00e0o c\u01a1 s\u1edf d\u1eef li\u1ec7u c\u1ee7a doanh nghi\u1ec7p.<\/li>\n<\/ul>\n<p>HQTS duy tr\u00ec c\u00e1c ti\u00eau chu\u1ea9n qu\u1ea3ng c\u00e1o v\u00e0 c\u1ea1nh tranh c\u00f4ng b\u1eb1ng, tu\u00e2n th\u1ee7 c\u00e1c h\u00e0nh vi ch\u1ed1ng c\u1ea1nh tranh kh\u00f4ng l\u00e0nh m\u1ea1nh, bao g\u1ed3m nh\u01b0ng kh\u00f4ng gi\u1edbi h\u1ea1n: \u0111\u1ed9c quy\u1ec1n, bu\u00f4n b\u00e1n \u00e9p bu\u1ed9c, \u0111i\u1ec1u ki\u1ec7n r\u00e0ng bu\u1ed9c b\u1ea5t h\u1ee3p ph\u00e1p c\u1ee7a h\u00e0ng h\u00f3a, h\u1ed1i l\u1ed9 th\u01b0\u01a1ng m\u1ea1i, tuy\u00ean truy\u1ec1n sai s\u1ef1 th\u1eadt, b\u00e1n ph\u00e1 gi\u00e1, ph\u1ec9 b\u00e1ng, th\u00f4ng \u0111\u1ed3ng, gi\u00e1n \u0111i\u1ec7p th\u01b0\u01a1ng m\u1ea1i v\u00e0 \/ ho\u1eb7c \u0111\u00e1nh c\u1eafp d\u1eef li\u1ec7u.<\/p>\n<ul>\n<li>Ch\u00fang t\u00f4i kh\u00f4ng t\u00ecm ki\u1ebfm l\u1ee3i th\u1ebf c\u1ea1nh tranh th\u00f4ng qua c\u00e1c ho\u1ea1t \u0111\u1ed9ng kinh doanh b\u1ea5t h\u1ee3p ph\u00e1p ho\u1eb7c phi \u0111\u1ea1o \u0111\u1ee9c.<\/li>\n<li>T\u1ea5t c\u1ea3 nh\u00e2n vi\u00ean ph\u1ea3i c\u1ed1 g\u1eafng \u0111\u1ed1i x\u1eed c\u00f4ng b\u1eb1ng v\u1edbi kh\u00e1ch h\u00e0ng, nh\u00e0 cung c\u1ea5p d\u1ecbch v\u1ee5, nh\u00e0 cung c\u1ea5p, \u0111\u1ed1i th\u1ee7 c\u1ea1nh tranh.<\/li>\n<li>Kh\u00f4ng ai \u0111\u01b0\u1ee3c l\u1ee3i d\u1ee5ng b\u1ea5t k\u1ef3 ai th\u00f4ng qua thao t\u00fang, che gi\u1ea5u, l\u1ea1m d\u1ee5ng th\u00f4ng tin \u0111\u1eb7c quy\u1ec1n, tr\u00ecnh b\u00e0y sai s\u1ef1 th\u1eadt quan tr\u1ecdng ho\u1eb7c b\u1ea5t k\u1ef3 h\u00e0nh vi x\u1eed l\u00fd kh\u00f4ng c\u00f4ng b\u1eb1ng n\u00e0o.<\/li>\n<\/ul>\n<p>S\u1ee9c kh\u1ecfe, an to\u00e0n v\u00e0 h\u1ea1nh ph\u00fac l\u00e0 quan tr\u1ecdng \u0111\u1ed1i v\u1edbi HQTS.<\/p>\n<ul>\n<li>Ch\u00fang t\u00f4i cam k\u1ebft cung c\u1ea5p m\u1ed9t m\u00f4i tr\u01b0\u1eddng l\u00e0m vi\u1ec7c s\u1ea1ch s\u1ebd, an to\u00e0n v\u00e0 l\u00e0nh m\u1ea1nh.<\/li>\n<li>Ch\u00fang t\u00f4i \u0111\u1ea3m b\u1ea3o r\u1eb1ng nh\u00e2n vi\u00ean \u0111\u00e3 \u0111\u01b0\u1ee3c cung c\u1ea5p th\u00f4ng tin v\u00e0 \u0111\u00e0o t\u1ea1o an to\u00e0n th\u00edch h\u1ee3p, \u0111\u1ed3ng th\u1eddi tu\u00e2n th\u1ee7 c\u00e1c y\u00eau c\u1ea7u v\u00e0 th\u1ef1c h\u00e0nh an to\u00e0n \u0111\u00e3 \u0111\u01b0\u1ee3c thi\u1ebft l\u1eadp.<\/li>\n<li>M\u1ed7i nh\u00e2n vi\u00ean c\u00f3 tr\u00e1ch nhi\u1ec7m duy tr\u00ec m\u1ed9t n\u01a1i l\u00e0m vi\u1ec7c an to\u00e0n v\u00e0 l\u00e0nh m\u1ea1nh b\u1eb1ng c\u00e1ch tu\u00e2n theo c\u00e1c quy t\u1eafc v\u00e0 th\u1ef1c h\u00e0nh v\u1ec1 an to\u00e0n, s\u1ee9c kh\u1ecfe v\u00e0 b\u00e1o c\u00e1o c\u00e1c tai n\u1ea1n, th\u01b0\u01a1ng t\u00edch v\u00e0 c\u00e1c \u0111i\u1ec1u ki\u1ec7n, th\u1ee7 t\u1ee5c ho\u1eb7c h\u00e0nh vi kh\u00f4ng an to\u00e0n.<\/li>\n<\/ul>\n<p>T\u1ea5t c\u1ea3 nh\u00e2n vi\u00ean c\u00f3 tr\u00e1ch nhi\u1ec7m l\u00e0m cho vi\u1ec7c tu\u00e2n th\u1ee7 tr\u1edf th\u00e0nh m\u1ed9t ph\u1ea7n quan tr\u1ecdng trong quy tr\u00ecnh kinh doanh v\u00e0 th\u00e0nh c\u00f4ng trong t\u01b0\u01a1ng lai v\u00e0 ph\u1ea3i tu\u00e2n th\u1ee7 Quy t\u1eafc \u0111\u1ec3 b\u1ea3o v\u1ec7 b\u1ea3n th\u00e2n v\u00e0 c\u00f4ng ty.<\/p>\n<p>Kh\u00f4ng m\u1ed9t nh\u00e2n vi\u00ean n\u00e0o s\u1ebd b\u1ecb gi\u00e1ng ch\u1ee9c, b\u1ecb ph\u1ea1t ho\u1eb7c c\u00e1c h\u1eadu qu\u1ea3 b\u1ea5t l\u1ee3i kh\u00e1c n\u1ebfu th\u1ef1c hi\u1ec7n nghi\u00eam ch\u1ec9nh Quy t\u1eafc ngay c\u1ea3 khi \u0111i\u1ec1u \u0111\u00f3 c\u00f3 th\u1ec3 d\u1eabn \u0111\u1ebfn vi\u1ec7c kinh doanh b\u1ecb thua l\u1ed7.<\/p>\n<p>Tuy nhi\u00ean, ch\u00fang t\u00f4i s\u1ebd th\u1ef1c hi\u1ec7n h\u00e0nh \u0111\u1ed9ng k\u1ef7 lu\u1eadt th\u00edch h\u1ee3p \u0111\u1ed1i v\u1edbi b\u1ea5t k\u1ef3 h\u00e0nh vi vi ph\u1ea1m Quy t\u1eafc n\u00e0o ho\u1eb7c c\u00e1c h\u00e0nh vi sai tr\u00e1i kh\u00e1c, trong nh\u1eefng tr\u01b0\u1eddng h\u1ee3p nghi\u00eam tr\u1ecdng nh\u1ea5t c\u00f3 th\u1ec3 bao g\u1ed3m vi\u1ec7c ch\u1ea5m d\u1ee9t h\u1ee3p \u0111\u1ed3ng v\u00e0 c\u00f3 th\u1ec3 c\u00f3 h\u00e0nh \u0111\u1ed9ng ph\u00e1p l\u00fd.<\/p>\n<p>T\u1ea5t c\u1ea3 th\u00e0nh vi\u00ean c\u1ee7a HQTS \u0111\u1ec1u c\u00f3 tr\u00e1ch nhi\u1ec7m b\u00e1o c\u00e1o b\u1ea5t k\u1ef3 h\u00e0nh vi vi ph\u1ea1m th\u1ef1c t\u1ebf ho\u1eb7c nghi ng\u1edd n\u00e0o \u0111\u1ed1i v\u1edbi Quy t\u1eafc n\u00e0y. M\u1ed7i ng\u01b0\u1eddi trong ch\u00fang ta ph\u1ea3i c\u1ea3m th\u1ea5y tho\u1ea3i m\u00e1i khi n\u00eau l\u00ean m\u1ed1i quan t\u00e2m m\u00e0 kh\u00f4ng s\u1ee3 b\u1ecb tr\u1ea3 th\u00f9. HQTS kh\u00f4ng dung th\u1ee9 cho b\u1ea5t k\u1ef3 h\u00e0nh \u0111\u1ed9ng tr\u1ea3 \u0111\u0169a n\u00e0o \u0111\u1ed1i v\u1edbi b\u1ea5t k\u1ef3 ai \u0111\u01b0a ra b\u00e1o c\u00e1o trung th\u1ef1c v\u1ec1 h\u00e0nh vi sai tr\u00e1i th\u1ef1c t\u1ebf ho\u1eb7c b\u1ecb nghi ng\u1edd.<\/p>\n<p>N\u1ebfu c\u00f3 b\u1ea5t k\u1ef3 c\u00e2u h\u1ecfi ho\u1eb7c th\u1eafc m\u1eafc n\u00e0o li\u00ean quan \u0111\u1ebfn b\u1ea5t k\u1ef3 kh\u00eda c\u1ea1nh n\u00e0o c\u1ee7a Quy t\u1eafc n\u00e0y, b\u1ea1n c\u00f3 th\u1ec3 tr\u00ecnh b\u00e0y v\u1edbi tr\u01b0\u1edfng b\u1ed9 ph\u1eadn ho\u1eb7c b\u1ed9 ph\u1eadn tu\u00e2n th\u1ee7 c\u1ee7a ch\u00fang t\u00f4i.<\/p>\n<h2><strong>Li\u00ean h\u1ec7 B\u1ed9 ph\u1eadn Tu\u00e2n th\u1ee7:<\/strong><\/h2>\n<p>\u0110\u01b0\u1eddng d\u00e2y n\u00f3ng to\u00e0n c\u1ea7u: \uff08+ 86) 400-655-9659<\/p>\n<p>Email: compliance@hqts.com<\/p>\n","protected":false},"excerpt":{"rendered":"<p>Quy t\u1eafc \u1ee9ng x\u1eed: Ch\u00fang t\u00f4i t\u1eadn t\u00e2m tu\u00e2n th\u1ee7 c\u00e1c ti\u00eau chu\u1ea9n \u0111\u1ea1o \u0111\u1ee9c v\u00e0 ph\u00e1p lu\u1eadt cao nh\u1ea5t. Quy t\u1eafc \u1ee8ng x\u1eed n\u00e0y (sau \u0111\u00e2y g\u1ecdi l\u00e0 \u201cQuy t\u1eafc\u201d) \u0111\u01b0\u1ee3c thi\u1ebft l\u1eadp \u0111\u1ec3 cung c\u1ea5p c\u00e1c \u0111\u1ecbnh h\u01b0\u1edbng r\u00f5 r\u00e0ng cho nh\u00e2n vi\u00ean trong c\u00e1c ho\u1ea1t \u0111\u1ed9ng kinh doanh h\u00e0ng ng\u00e0y. HQTS ho\u1ea1t [&hellip;]<\/p>\n","protected":false},"author":12,"featured_media":80056,"parent":77908,"menu_order":80,"comment_status":"closed","ping_status":"closed","template":"","meta":{"_acf_changed":false,"footnotes":""},"class_list":["post-80047","page","type-page","status-publish","has-post-thumbnail","hentry"],"acf":[],"_links":{"self":[{"href":"https:\/\/www.hqts.com\/vi\/wp-json\/wp\/v2\/pages\/80047","targetHints":{"allow":["GET"]}}],"collection":[{"href":"https:\/\/www.hqts.com\/vi\/wp-json\/wp\/v2\/pages"}],"about":[{"href":"https:\/\/www.hqts.com\/vi\/wp-json\/wp\/v2\/types\/page"}],"author":[{"embeddable":true,"href":"https:\/\/www.hqts.com\/vi\/wp-json\/wp\/v2\/users\/12"}],"replies":[{"embeddable":true,"href":"https:\/\/www.hqts.com\/vi\/wp-json\/wp\/v2\/comments?post=80047"}],"version-history":[{"count":3,"href":"https:\/\/www.hqts.com\/vi\/wp-json\/wp\/v2\/pages\/80047\/revisions"}],"predecessor-version":[{"id":80059,"href":"https:\/\/www.hqts.com\/vi\/wp-json\/wp\/v2\/pages\/80047\/revisions\/80059"}],"up":[{"embeddable":true,"href":"https:\/\/www.hqts.com\/vi\/wp-json\/wp\/v2\/pages\/77908"}],"wp:featuredmedia":[{"embeddable":true,"href":"https:\/\/www.hqts.com\/vi\/wp-json\/wp\/v2\/media\/80056"}],"wp:attachment":[{"href":"https:\/\/www.hqts.com\/vi\/wp-json\/wp\/v2\/media?parent=80047"}],"curies":[{"name":"wp","href":"https:\/\/api.w.org\/{rel}","templated":true}]}}