{"id":80062,"date":"2021-07-29T09:11:43","date_gmt":"2021-07-29T09:11:43","guid":{"rendered":"https:\/\/www.hqts.com\/?page_id=80062"},"modified":"2021-08-06T09:29:40","modified_gmt":"2021-08-06T09:29:40","slug":"chung-nhan-cong-nhan","status":"publish","type":"page","link":"https:\/\/www.hqts.com\/vi\/ve-chung-toi\/chung-nhan-cong-nhan\/","title":{"rendered":"CH\u1ee8NG NH\u1eacN &#038; C\u00d4NG NH\u1eacN"},"content":{"rendered":"<h2><strong>Ch\u1ee9ng nh\u1eadn &amp; C\u00f4ng nh\u1eadn<\/strong><\/h2>\n<p><strong>M\u00f4i tr\u01b0\u1eddng ph\u00e1p l\u00fd \u0111ang thay \u0111\u1ed5i, v\u00e0 vi\u1ec7c b\u00e1m s\u00e1t nh\u1eefng thay \u0111\u1ed5i n\u00e0y ng\u00e0y c\u00e0ng tr\u1edf n\u00ean quan tr\u1ecdng nh\u1eb1m gi\u1ea3m thi\u1ec3u r\u1ee7i ro, gi\u1ea3m chi ph\u00ed, b\u1ea3o v\u1ec7 gi\u00e1 tr\u1ecb th\u01b0\u01a1ng hi\u1ec7u v\u00e0 duy tr\u00ec l\u00f2ng trung th\u00e0nh c\u1ee7a kh\u00e1ch h\u00e0ng. Cho d\u00f9 doanh nghi\u1ec7p ti\u1ebfp th\u1ecb s\u1ea3n ph\u1ea9m c\u1ee7a m\u00ecnh \u1edf n\u01a1i n\u00e0o tr\u00ean th\u1ebf gi\u1edbi, h\u1ecd \u0111\u1ec1u ph\u1ea3i \u0111\u00e1p \u1ee9ng c\u00e1c ti\u00eau chu\u1ea9n quy \u0111\u1ecbnh.<\/strong><\/p>\n<p>C\u00e1c d\u1ecbch v\u1ee5 gi\u00e1m \u0111\u1ecbnh ch\u1ea5t l\u01b0\u1ee3ng to\u00e0n di\u1ec7n c\u1ee7a HQTS v\u00e0 c\u00e1c gi\u1ea3i ph\u00e1p th\u1eed nghi\u1ec7m s\u1ea3n ph\u1ea9m ti\u00eau d\u00f9ng c\u00f3 th\u1ec3 gi\u00fap doanh nghi\u1ec7p \u0111\u1ea3m b\u1ea3o s\u1ea3n ph\u1ea9m \u0111\u00e1p \u1ee9ng c\u00e1c ti\u00eau chu\u1ea9n th\u1ecb tr\u01b0\u1eddng. Ch\u00fang t\u00f4i l\u00e0 m\u1ed9t t\u1ed5 ch\u1ee9c \u0111\u01b0\u1ee3c CNAS c\u00f4ng nh\u1eadn ISO v\u00e0 \u0111\u01b0\u1ee3c ch\u1ee9ng nh\u1eadn \u0111\u1ec3 th\u1ef1c hi\u1ec7n \u0111\u1ea3m b\u1ea3o ch\u1ea5t l\u01b0\u1ee3ng, ki\u1ec3m \u0111\u1ecbnh ISTA c\u0169ng nh\u01b0 ki\u1ec3m \u0111\u1ecbnh theo chu\u1ea9n RoHS, REACH, CPSIA, DMF, CA Prop 65, GB v\u00e0 nhi\u1ec1u ti\u00eau chu\u1ea9n to\u00e0n c\u1ea7u kh\u00e1c.<\/p>\n<p><strong>C\u00e1c c\u00f4ng nh\u1eadn v\u00e0 ch\u1ee9ng nh\u1eadn c\u1ee7a ch\u00fang t\u00f4i bao g\u1ed3m:<\/strong><\/p>\n<ul>\n<li>Ki\u1ec3m \u0111\u1ecbnh ch\u1ee9ng nh\u1eadn bao b\u00ec ISTA<\/li>\n<li>Ch\u1ea5p thu\u1eadn t\u1eeb CPSC Hoa K\u1ef3<\/li>\n<li>Ch\u1ea5p thu\u1eadn t\u1eeb CNAS<\/li>\n<li>Ch\u1ee9ng ch\u1ec9 AQSIQ<\/li>\n<li>Hi\u1ec7p h\u1ed9i \u0110o l\u01b0\u1eddng Trung Qu\u1ed1c.<\/li>\n<\/ul>\n<p><strong>Ch\u00fang t\u00f4i c\u0169ng ho\u1ea1t \u0111\u1ed9ng t\u00edch c\u1ef1c trong nhi\u1ec1u hi\u1ec7p h\u1ed9i th\u01b0\u01a1ng m\u1ea1i trong ng\u00e0nh bao g\u1ed3m:<\/strong><\/p>\n<ul>\n<li>Hi\u1ec7p h\u1ed9i c\u00f4ng nghi\u1ec7p \u0111\u1ed3 ch\u01a1i<\/li>\n<li>Li\u00ean \u0111o\u00e0n c\u00e1c c\u01a1 quan thanh tra qu\u1ed1c t\u1ebf<\/li>\n<li>Hi\u1ec7p h\u1ed9i may m\u1eb7c v\u00e0 gi\u00e0y d\u00e9p Hoa K\u1ef3<\/li>\n<li>Hi\u1ec7p h\u1ed9i \u0111\u1ed3 th\u1ec3 thao qu\u1ed1c gia<\/li>\n<\/ul>\n","protected":false},"excerpt":{"rendered":"<p>Ch\u1ee9ng nh\u1eadn &amp; C\u00f4ng nh\u1eadn M\u00f4i tr\u01b0\u1eddng ph\u00e1p l\u00fd \u0111ang thay \u0111\u1ed5i, v\u00e0 vi\u1ec7c b\u00e1m s\u00e1t nh\u1eefng thay \u0111\u1ed5i n\u00e0y ng\u00e0y c\u00e0ng tr\u1edf n\u00ean quan tr\u1ecdng nh\u1eb1m gi\u1ea3m thi\u1ec3u r\u1ee7i ro, gi\u1ea3m chi ph\u00ed, b\u1ea3o v\u1ec7 gi\u00e1 tr\u1ecb th\u01b0\u01a1ng hi\u1ec7u v\u00e0 duy tr\u00ec l\u00f2ng trung th\u00e0nh c\u1ee7a kh\u00e1ch h\u00e0ng. Cho d\u00f9 doanh nghi\u1ec7p ti\u1ebfp th\u1ecb [&hellip;]<\/p>\n","protected":false},"author":12,"featured_media":80053,"parent":77908,"menu_order":63,"comment_status":"closed","ping_status":"closed","template":"","meta":{"_acf_changed":false,"footnotes":""},"class_list":["post-80062","page","type-page","status-publish","has-post-thumbnail","hentry"],"acf":[],"_links":{"self":[{"href":"https:\/\/www.hqts.com\/vi\/wp-json\/wp\/v2\/pages\/80062","targetHints":{"allow":["GET"]}}],"collection":[{"href":"https:\/\/www.hqts.com\/vi\/wp-json\/wp\/v2\/pages"}],"about":[{"href":"https:\/\/www.hqts.com\/vi\/wp-json\/wp\/v2\/types\/page"}],"author":[{"embeddable":true,"href":"https:\/\/www.hqts.com\/vi\/wp-json\/wp\/v2\/users\/12"}],"replies":[{"embeddable":true,"href":"https:\/\/www.hqts.com\/vi\/wp-json\/wp\/v2\/comments?post=80062"}],"version-history":[{"count":4,"href":"https:\/\/www.hqts.com\/vi\/wp-json\/wp\/v2\/pages\/80062\/revisions"}],"predecessor-version":[{"id":80066,"href":"https:\/\/www.hqts.com\/vi\/wp-json\/wp\/v2\/pages\/80062\/revisions\/80066"}],"up":[{"embeddable":true,"href":"https:\/\/www.hqts.com\/vi\/wp-json\/wp\/v2\/pages\/77908"}],"wp:featuredmedia":[{"embeddable":true,"href":"https:\/\/www.hqts.com\/vi\/wp-json\/wp\/v2\/media\/80053"}],"wp:attachment":[{"href":"https:\/\/www.hqts.com\/vi\/wp-json\/wp\/v2\/media?parent=80062"}],"curies":[{"name":"wp","href":"https:\/\/api.w.org\/{rel}","templated":true}]}}