{"id":80068,"date":"2021-07-29T09:38:57","date_gmt":"2021-07-29T09:38:57","guid":{"rendered":"https:\/\/www.hqts.com\/?page_id=80068"},"modified":"2021-08-06T09:29:39","modified_gmt":"2021-08-06T09:29:39","slug":"giam-dinh-chat-luong-tai-viet-nam","status":"publish","type":"page","link":"https:\/\/www.hqts.com\/vi\/ve-chung-toi\/giam-dinh-chat-luong-tai-viet-nam\/","title":{"rendered":"D\u1ecaCH V\u1ee4 GI\u00c1M \u0110\u1ecaNH CH\u1ea4T L\u01af\u1ee2NG T\u1ea0I VI\u1ec6T NAM"},"content":{"rendered":"<h2><strong>D\u1ecaCH V\u1ee4 GI\u00c1M \u0110\u1ecaNH CH\u1ea4T L\u01af\u1ee2NG T\u1ea0I VI\u1ec6T NAM<\/strong><\/h2>\n<p>HQTS l\u00e0 C\u00f4ng ty Gi\u00e1m \u0111\u1ecbnh Ch\u1ea5t l\u01b0\u1ee3ng t\u1ed1t nh\u1ea5t cho Th\u1ecb tr\u01b0\u1eddng Vi\u1ec7t Nam!<\/p>\n<p><strong>K\u1ec3 t\u1eeb khi chuy\u1ec3n sang n\u1ec1n kinh t\u1ebf th\u1ecb tr\u01b0\u1eddng v\u00e0o gi\u1eefa nh\u1eefng n\u0103m 1980, Vi\u1ec7t Nam \u0111\u00e3 c\u00f3 t\u1ed1c \u0111\u1ed9 ph\u00e1t tri\u1ec3n nhanh ch\u00f3ng. Qu\u1ed1c gia n\u00e0y \u0111\u00e3 tr\u1edf th\u00e0nh n\u01b0\u1edbc xu\u1ea5t kh\u1ea9u n\u00f4ng s\u1ea3n h\u00e0ng \u0111\u1ea7u v\u00e0 ti\u1ebfp t\u1ee5c thu h\u00fat \u0111\u1ea7u t\u01b0 n\u01b0\u1edbc ngo\u00e0i t\u1eeb kh\u1eafp \u0110\u00f4ng Nam \u00c1. Theo d\u1ef1 b\u00e1o c\u1ee7a PricewaterhouseCoopers v\u00e0o th\u00e1ng 2 n\u0103m 2017, Vi\u1ec7t Nam c\u00f3 th\u1ec3 l\u00e0 n\u1ec1n kinh t\u1ebf ph\u00e1t tri\u1ec3n nhanh nh\u1ea5t trong s\u1ed1 c\u00e1c n\u1ec1n kinh t\u1ebf tr\u00ean th\u1ebf gi\u1edbi, v\u1edbi t\u1ed1c \u0111\u1ed9 t\u0103ng tr\u01b0\u1edfng GDP h\u00e0ng n\u0103m kho\u1ea3ng 5,1%, v\u00e0 \u0111i\u1ec1u n\u00e0y s\u1ebd gi\u00fap Vi\u1ec7t Nam tr\u1edf th\u00e0nh n\u1ec1n kinh t\u1ebf l\u1edbn th\u1ee9 20 tr\u00ean th\u1ebf gi\u1edbi v\u00e0o n\u0103m 2050.<\/strong><\/p>\n<h2><strong>D\u1ecbch v\u1ee5 \u0111\u1ea3m b\u1ea3o ch\u1ea5t l\u01b0\u1ee3ng to\u00e0n di\u1ec7n c\u1ee7a HQTS t\u1ea1i Vi\u1ec7t Nam<\/strong><\/h2>\n<p>HQTS l\u00e0 m\u1ed9t trong nh\u1eefng t\u1ed5 ch\u1ee9c gi\u00e1m \u0111\u1ecbnh ch\u1ea5t l\u01b0\u1ee3ng h\u00e0ng \u0111\u1ea7u t\u1ea1i Vi\u1ec7t Nam, cung c\u1ea5p d\u1ecbch v\u1ee5 gi\u00e1m \u0111\u1ecbnh t\u1ea1i x\u01b0\u1edfng\/nh\u00e0 m\u00e1y, gi\u00e1m \u0111\u1ecbnh t\u1ea1i ch\u1ed7, qu\u1ea3n l\u00fd ch\u1ea5t l\u01b0\u1ee3ng, gi\u00e1m s\u00e1t quy tr\u00ecnh s\u1ea3n xu\u1ea5t v\u00e0 t\u00ecm ngu\u1ed3n cung \u1ee9ng cho kh\u00e1ch h\u00e0ng.<\/p>\n<p>HQTS cung c\u1ea5p c\u00e1c d\u1ecbch v\u1ee5 \u0111\u1ea3m b\u1ea3o ch\u1ea5t l\u01b0\u1ee3ng to\u00e0n di\u1ec7n cho kh\u00e1ch h\u00e0ng tr\u00ean to\u00e0n th\u1ebf gi\u1edbi. C\u00e1c d\u1ecbch v\u1ee5 bao g\u1ed3m qu\u1ea3n l\u00fd ch\u1ea5t l\u01b0\u1ee3ng, \u0111\u00e1nh gi\u00e1 nh\u00e0 m\u00e1y \/ nh\u00e0 cung c\u1ea5p, th\u1eed nghi\u1ec7m h\u00e0ng ti\u00eau d\u00f9ng, ki\u1ec3m so\u00e1t v\u00e0 qu\u1ea3n l\u00fd s\u1ea3n xu\u1ea5t, t\u01b0 v\u1ea5n qu\u1ea3n l\u00fd ch\u1ea5t l\u01b0\u1ee3ng, \u0111\u00e0o t\u1ea1o, d\u1ecbch v\u1ee5 ch\u00ednh ph\u1ee7 \/ th\u01b0\u01a1ng m\u1ea1i, d\u1ecbch v\u1ee5 kinh doanh chuy\u00ean bi\u1ec7t, gi\u00e1m s\u00e1t x\u1ebfp h\u00e0ng, gi\u00e1m s\u00e1t h\u00e0ng h\u00f3a t\u1ea1i c\u1ea3ng v\u00e0 c\u00f4ng nghi\u1ec7p nghi\u1ec7m thu thi\u1ebft b\u1ecb \/ t\u00f2a nh\u00e0 tr\u00ean to\u00e0n Ch\u00e2u \u00c1.<\/p>\n<h2><strong>\u0110\u00e1nh gi\u00e1 nh\u00e0 m\u00e1y &amp; nh\u00e0 cung c\u1ea5p<\/strong><\/h2>\n<p>D\u1ecbch v\u1ee5 \u0111\u00e1nh gi\u00e1 nh\u00e0 m\u00e1y v\u00e0 nh\u00e0 cung c\u1ea5p c\u1ee7a HQTS \u0111\u01b0\u1ee3c th\u1ef1c hi\u1ec7n nh\u1eb1m \u0111\u00e1nh gi\u00e1 l\u00e0 c\u01a1 s\u1edf v\u1eadt ch\u1ea5t, ch\u00ednh s\u00e1ch, th\u1ee7 t\u1ee5c v\u00e0 h\u1ed3 s\u01a1 \u0111\u1ec3 x\u00e1c minh kh\u1ea3 n\u0103ng c\u1ee7a nh\u00e0 m\u00e1y trong vi\u1ec7c cung c\u1ea5p c\u00e1c s\u1ea3n ph\u1ea9m ch\u1ea5t l\u01b0\u1ee3ng nh\u1ea5t qu\u00e1n theo th\u1eddi gian, thay v\u00ec v\u00e0o m\u1ed9t ng\u00e0y nh\u1ea5t \u0111\u1ecbnh ho\u1eb7c ch\u1ec9 cho c\u00e1c s\u1ea3n ph\u1ea9m c\u1ee5 th\u1ec3.<\/p>\n<p>Ch\u00fang t\u00f4i th\u1ef1c hi\u1ec7n c\u00e1c h\u00ecnh th\u1ee9c \u0111\u00e1nh gi\u00e1 nh\u00e0 m\u00e1y nh\u01b0 sau:<\/p>\n<ul>\n<li>Th\u00f4ng tin v\u1ec1 t\u00ednh h\u1ee3p ph\u00e1p c\u1ee7a c\u00f4ng ty<\/li>\n<li>Th\u00f4ng tin ng\u00e2n h\u00e0ng<\/li>\n<li>Ngu\u1ed3n nh\u00e2n l\u1ef1c<\/li>\n<li>Kh\u1ea3 n\u0103ng xu\u1ea5t kh\u1ea9u<\/li>\n<li>Qu\u1ea3n l\u00fd \u0111\u01a1n h\u00e0ng<\/li>\n<\/ul>\n<p>\u0110\u00e1nh gi\u00e1 nh\u00e0 m\u00e1y ti\u00eau chu\u1ea9n bao g\u1ed3m:<\/p>\n<ul>\n<li>N\u1ec1n t\u1ea3ng c\u1ee7a nh\u00e0 s\u1ea3n xu\u1ea5t<\/li>\n<li>Nh\u00e2n l\u1ef1c<\/li>\n<li>N\u0103ng l\u1ef1c s\u1ea3n xu\u1ea5t<\/li>\n<li>M\u00e1y m\u00f3c, ph\u01b0\u01a1ng ti\u1ec7n &amp; thi\u1ebft b\u1ecb<\/li>\n<li>Quy tr\u00ecnh s\u1ea3n xu\u1ea5t &amp; d\u00e2y chuy\u1ec1n s\u1ea3n xu\u1ea5t<\/li>\n<li>H\u1ec7 th\u1ed1ng ch\u1ea5t l\u01b0\u1ee3ng n\u1ed9i b\u1ed9 nh\u01b0 th\u1eed nghi\u1ec7m v\u00e0 ki\u1ec3m tra<\/li>\n<li>H\u1ec7 th\u1ed1ng &amp; n\u0103ng l\u1ef1c qu\u1ea3n l\u00fd<\/li>\n<li>M\u00f4i tr\u01b0\u1eddng<\/li>\n<\/ul>\n<h2><strong>Gi\u00e1m \u0111\u1ecbnh v\u00e0 Qu\u1ea3n l\u00fd ch\u1ea5t l\u01b0\u1ee3ng<\/strong><\/h2>\n<p>Vi\u1ec7c gi\u1ea3m chu k\u1ef3 s\u1ed1ng c\u1ee7a s\u1ea3n ph\u1ea9m v\u00e0 th\u1eddi gian \u0111\u01b0a ra th\u1ecb tr\u01b0\u1eddng l\u00e0m t\u0103ng th\u00e1ch th\u1ee9c trong vi\u1ec7c cung c\u1ea5p c\u00e1c s\u1ea3n ph\u1ea9m ch\u1ea5t l\u01b0\u1ee3ng m\u1ed9t c\u00e1ch k\u1ecbp th\u1eddi. Khi s\u1ea3n ph\u1ea9m c\u1ee7a doanh nghi\u1ec7p kh\u00f4ng \u0111\u00e1p \u1ee9ng c\u00e1c th\u00f4ng s\u1ed1 k\u1ef9 thu\u1eadt ch\u1ea5t l\u01b0\u1ee3ng \u0111\u1ec3 \u0111\u01b0\u1ee3c th\u1ecb tr\u01b0\u1eddng ch\u1ea5p nh\u1eadn, h\u1eadu qu\u1ea3 c\u00f3 th\u1ec3 l\u00e0 m\u1ea5t thi\u1ec7n c\u1ea3m c\u1ee7a ng\u01b0\u1eddi ti\u00eau d\u00f9ng, gi\u1ea3m doanh thu, giao h\u00e0ng ch\u1eadm tr\u1ec5, nguy\u00ean li\u1ec7u b\u1ecb l\u00e3ng ph\u00ed v\u00e0 \u0111\u1ed1i m\u1eb7t nguy c\u01a1 thu h\u1ed3i s\u1ea3n ph\u1ea9m. C\u00e1c d\u1ecbch v\u1ee5 gi\u00e1m \u0111\u1ecbnh m\u00e0 ch\u00fang t\u00f4i cung c\u1ea5p t\u1ea1i \u1ea4n \u0110\u1ed9 bao g\u1ed3m:<\/p>\n<ul>\n<li>Gi\u00e1m \u0111\u1ecbnh tr\u01b0\u1edbc khi s\u1ea3n xu\u1ea5t<\/li>\n<li>Gi\u00e1m \u0111\u1ecbnh g qu\u00e1 tr\u00ecnh s\u1ea3n xu\u1ea5t<\/li>\n<li>Gi\u00e1m \u0111\u1ecbnh tr\u01b0\u1edbc khi xu\u1ea5t h\u00e0ng<\/li>\n<li>Gi\u00e1m \u0111\u1ecbnh ph\u00e2n lo\u1ea1i<\/li>\n<li>Gi\u00e1m s\u00e1t t\u1ea3i\/b\u1ed1c d\u1ee1<\/li>\n<\/ul>\n<h2><strong>Gi\u00e1m s\u00e1t quy tr\u00ecnh s\u1ea3n xu\u1ea5t<\/strong><\/h2>\n<p>D\u1ecbch v\u1ee5 Gi\u00e1m s\u00e1t quy tr\u00ecnh s\u1ea3n xu\u1ea5t gi\u00fap chu\u1ed7i cung \u1ee9ng c\u1ee7a doanh nghi\u1ec7p \u0111\u1ea1t hi\u1ec7u qu\u1ea3 t\u1ed1i \u01b0u. Gi\u00e1m s\u00e1t quy tr\u00ecnh s\u1ea3n xu\u1ea5t l\u00e0 m\u1ed9t d\u1ecbch v\u1ee5 gi\u00e1m s\u00e1t to\u00e0n di\u1ec7n qu\u00e1 tr\u00ecnh s\u1ea3n xu\u1ea5t, ung c\u1ea5p cho kh\u00e1ch h\u00e0ng kh\u1ea3 n\u0103ng ki\u1ec3m so\u00e1t chu\u1ed7i cung \u1ee9ng t\u1ed1t h\u01a1n v\u00e0 hi\u1ec3u r\u00f5 h\u01a1n v\u1ec1 to\u00e0n b\u1ed9 quy tr\u00ecnh s\u1ea3n xu\u1ea5t, tr\u00e1nh c\u00e1c v\u1ea5n \u0111\u1ec1 ph\u00e1t sinh ngo\u00e0i \u00fd mu\u1ed1n.<\/p>\n<p>Ch\u00fang t\u00f4i s\u1ebd th\u1ef1c hi\u1ec7n gi\u00e1m s\u00e1t v\u00e0 \u0111\u00e1nh gi\u00e1:<\/p>\n<ul>\n<li>V\u1eadt li\u1ec7u v\u00e0 th\u00e0nh ph\u1ea7n<\/li>\n<li>N\u0103ng l\u1ef1c s\u1ea3n xu\u1ea5t<\/li>\n<li>T\u00ecnh h\u00ecnh s\u1ea3n xu\u1ea5t<\/li>\n<li>\u0110\u01a1n v\u1ecb v\u1eadn h\u00e0nh s\u1eb5n c\u00f3<\/li>\n<li>Kh\u1ea3 n\u0103ng ki\u1ec3m so\u00e1t ch\u1ea5t l\u01b0\u1ee3ng<\/li>\n<\/ul>\n<p>T\u00ecm hi\u1ec3u th\u00eam v\u1ec1 ph\u01b0\u01a1ng ph\u00e1p ti\u1ebfp c\u1eadn ba giai \u0111o\u1ea1n \u00a0t\u1ea1i ch\u1ed7 c\u1ee7a ch\u00fang t\u00f4i.<\/p>\n<h2><strong>T\u00ecm ngu\u1ed3n cung \u1ee9ng<\/strong><\/h2>\n<p>Ngu\u1ed3n cung \u1ee9ng \u1edf ch\u00e2u \u00c1 \u0111\u00e3 tr\u1edf th\u00e0nh m\u1ed9t v\u1ea5n \u0111\u1ec1 quan tr\u1ecdng \u0111\u1ed1i v\u1edbi c\u00e1c c\u00f4ng ty tr\u00ean to\u00e0n th\u1ebf gi\u1edbi. \u0110\u1ed1i v\u1edbi m\u1ed9t s\u1ed1 c\u00f4ng ty, \u0111\u1ec3 \u0111\u1ea3m b\u1ea3o hi\u1ec7u qu\u1ea3 trong chu\u1ed7i cung \u1ee9ng trong khi v\u1eabn duy tr\u00ec ch\u1ea5t l\u01b0\u1ee3ng cao v\u1edbi chi ph\u00ed th\u1ea5p l\u00e0 v\u1ea5n \u0111\u1ec1 t\u1ed1i quan tr\u1ecdng. Do \u0111\u00f3, nhi\u1ec1u c\u00f4ng ty \u0111ang m\u1edf r\u1ed9ng ho\u1eb7c chuy\u1ec3n ho\u1ea1t \u0111\u1ed9ng t\u1eeb Trung Qu\u1ed1c sang Vi\u1ec7t Nam v\u00e0 c\u00e1c \u0111\u1ecba \u0111i\u1ec3m ASEAN kh\u00e1c. C\u00e1c qu\u1ed1c gia trong khu v\u1ef1c n\u00e0y s\u1ebd ti\u1ebfp t\u1ee5c \u0111\u00f3ng vai tr\u00f2 ng\u00e0y c\u00e0ng quan tr\u1ecdng trong vi\u1ec7c t\u00ecm ngu\u1ed3n cung \u1ee9ng \u1edf ch\u00e2u \u00c1.<\/p>\n<p>Nhu c\u1ea7u to\u00e0n c\u1ea7u v\u1ec1 h\u00e0ng d\u1ec7t may \u0111ang t\u0103ng l\u00ean c\u00f9ng v\u1edbi s\u1ef1 thay \u0111\u1ed5i c\u01a1 h\u1ed9i t\u00ecm ngu\u1ed3n cung \u1ee9ng cho ng\u00e0nh h\u00e0ng n\u00e0y. Vi\u1ec7t Nam \u0111\u00e3 ch\u1ee9ng minh kh\u1ea3 n\u0103ng s\u1ea3n xu\u1ea5t c\u00e1c s\u1ea3n ph\u1ea9m s\u1eed d\u1ee5ng nhi\u1ec1u lao \u0111\u1ed9ng, bao g\u1ed3m c\u1ea3 h\u00e0ng d\u1ec7t may, v\u1edbi chi ph\u00ed th\u1ea5p. Do \u0111\u00f3, Vi\u1ec7t Nam \u0111\u00e3 n\u1ed5i l\u00ean nh\u01b0 m\u1ed9t \u0111i\u1ec3m \u0111\u1ebfn t\u00ecm ngu\u1ed3n cung \u1ee9ng h\u00e0ng \u0111\u1ea7u cho h\u00e0ng d\u1ec7t may.<\/p>\n<p>H\u00e3y li\u00ean h\u1ec7 HQTS \u0111\u1ec3 t\u00ecm ngu\u1ed3n cung \u1ee9ng cho ho\u1ea1t \u0111\u1ed9ng kinh doanh, v\u00e0 t\u1eadn d\u1ee5ng th\u1eddi gian c\u00e1c ho\u1ea1t \u0111\u1ed9ng th\u01b0\u01a1ng m\u1ea1i c\u1ee7a m\u00ecnh. Xem x\u00e9t c\u00e1c g\u00f3i d\u1ecbch v\u1ee5 c\u1ee7a ch\u00fang t\u00f4i v\u00e0 l\u1ef1a ch\u1ecdn gi\u1ea3i ph\u00e1p ph\u00f9 h\u1ee3p cho ho\u1ea1t \u0111\u1ed9ng kinh doanh c\u1ee7a b\u1ea1n ngay h\u00f4m nay!<\/p>\n<h2><strong>Ch\u1ee9ng nh\u1eadn v\u00e0 ti\u00eau chu\u1ea9n qu\u1ea3n l\u00fd ch\u1ea5t l\u01b0\u1ee3ng cho c\u00e1c d\u1ecbch v\u1ee5 c\u1ee7a ch\u00fang t\u00f4i t\u1ea1i Vi\u1ec7t Nam<\/strong><\/h2>\n<p>Gi\u1ea3i ph\u00e1p \u0111\u1ea3m b\u1ea3o ch\u1ea5t l\u01b0\u1ee3ng to\u00e0n di\u1ec7n v\u00e0 c\u00e1c d\u1ecbch v\u1ee5 th\u1eed nghi\u1ec7m ph\u1ea9m ti\u00eau d\u00f9ng c\u00f3 th\u1ec3 gi\u00fap doanh nghi\u1ec7p \u0111\u1ea3m b\u1ea3o s\u1ea3n ph\u1ea9m c\u1ee7a h\u1ecd \u0111\u00e1p \u1ee9ng c\u00e1c ti\u00eau chu\u1ea9n v\u00e0 y\u00eau c\u1ea7u. Ch\u00fang t\u00f4i l\u00e0 m\u1ed9t t\u1ed5 ch\u1ee9c \u0111\u01b0\u1ee3c CNAS c\u00f4ng nh\u1eadn ISO v\u00e0 \u0111\u01b0\u1ee3c ch\u1ee9ng nh\u1eadn \u0111\u1ec3 th\u1ef1c hi\u1ec7n gi\u00e1m \u0111\u1ecbnh ch\u1ea5t l\u01b0\u1ee3ng, th\u1eed nghi\u1ec7m ISTA c\u0169ng nh\u01b0 th\u1eed nghi\u1ec7m theo chu\u1ea9n RoHS, REACH, CPSIA, DMF, Cl Prop 65, GB v\u00e0 nhi\u1ec1u ti\u00eau chu\u1ea9n to\u00e0n c\u1ea7u kh\u00e1c.<\/p>\n<h2><strong>HQTS \u0110\u01b0\u1ee3c c\u00f4ng nh\u1eadn b\u1edfi:<\/strong><\/h2>\n<p>CNAS theo chu\u1ea9n ISO 17020 &amp; 17025;<\/p>\n<p>Ch\u1ee9ng ch\u1ec9 CMA<\/p>\n<p>Ch\u1ee9ng ch\u1ec9 n\u0103ng l\u1ef1c c\u01a1 s\u1edf gi\u00e1m \u0111\u1ecbnh, kh\u1ea3o s\u00e1t h\u00e0ng h\u00f3a xu\u1ea5t nh\u1eadp kh\u1ea9u<\/p>\n<p>Hi\u1ec7p h\u1ed9i ki\u1ec3m d\u1ecbch v\u00e0 ki\u1ec3m d\u1ecbch xu\u1ea5t nh\u1eadp c\u1ea3nh Trung Qu\u1ed1c ki\u1ec3m tra v\u00e0 kh\u1ea3o s\u00e1t h\u00e0ng h\u00f3a xu\u1ea5t nh\u1eadp kh\u1ea9u v\u00e0 Gi\u1ea5y ch\u1ee9ng nh\u1eadn th\u00e0nh vi\u00ean chi nh\u00e1nh c\u1ee7a t\u1ed5 ch\u1ee9c<\/p>\n<p>Gi\u1ea5y ch\u1ee9ng nh\u1eadn doanh nghi\u1ec7p c\u00f4ng ngh\u1ec7 cao H\u00e0ng Ch\u00e2u<\/p>\n<p>Gi\u1ea5y ch\u1ee9ng nh\u1eadn th\u00e0nh vi\u00ean H\u1ed9i \u0111\u1ed3ng Hi\u1ec7p h\u1ed9i Th\u01b0\u01a1ng m\u1ea1i \u0111i\u1ec7n t\u1eed t\u1ec9nh Canton<\/p>\n<p>Gi\u1ea5y ch\u1ee9ng nh\u1eadn th\u00e0nh vi\u00ean Hi\u1ec7p h\u1ed9i ng\u00e0nh thi\u1ebft b\u1ecb y t\u1ebf t\u1ec9nh Chi\u1ebft Giang<\/p>\n<p>Gi\u1ea5y ch\u1ee9ng nh\u1eadn th\u00e0nh vi\u00ean Hi\u1ec7p h\u1ed9i th\u01b0\u01a1ng m\u1ea1i \u0111i\u1ec7n t\u1eed xuy\u00ean bi\u00ean gi\u1edbi Th\u00e2m Quy\u1ebfn<\/p>\n<p>\u1ee6y vi\u00ean \u1ee6y ban K\u1ef9 thu\u1eadt Ti\u00eau chu\u1ea9n h\u00f3a Li\u00ean \u0111o\u00e0n C\u00f4ng nghi\u1ec7p D\u1ec7t may<\/p>\n<p>&nbsp;<\/p>\n","protected":false},"excerpt":{"rendered":"<p>D\u1ecaCH V\u1ee4 GI\u00c1M \u0110\u1ecaNH CH\u1ea4T L\u01af\u1ee2NG T\u1ea0I VI\u1ec6T NAM HQTS l\u00e0 C\u00f4ng ty Gi\u00e1m \u0111\u1ecbnh Ch\u1ea5t l\u01b0\u1ee3ng t\u1ed1t nh\u1ea5t cho Th\u1ecb tr\u01b0\u1eddng Vi\u1ec7t Nam! K\u1ec3 t\u1eeb khi chuy\u1ec3n sang n\u1ec1n kinh t\u1ebf th\u1ecb tr\u01b0\u1eddng v\u00e0o gi\u1eefa nh\u1eefng n\u0103m 1980, Vi\u1ec7t Nam \u0111\u00e3 c\u00f3 t\u1ed1c \u0111\u1ed9 ph\u00e1t tri\u1ec3n nhanh ch\u00f3ng. Qu\u1ed1c gia n\u00e0y \u0111\u00e3 tr\u1edf th\u00e0nh [&hellip;]<\/p>\n","protected":false},"author":12,"featured_media":80069,"parent":77908,"menu_order":0,"comment_status":"closed","ping_status":"closed","template":"","meta":{"_acf_changed":false,"footnotes":""},"class_list":["post-80068","page","type-page","status-publish","has-post-thumbnail","hentry"],"acf":[],"_links":{"self":[{"href":"https:\/\/www.hqts.com\/vi\/wp-json\/wp\/v2\/pages\/80068","targetHints":{"allow":["GET"]}}],"collection":[{"href":"https:\/\/www.hqts.com\/vi\/wp-json\/wp\/v2\/pages"}],"about":[{"href":"https:\/\/www.hqts.com\/vi\/wp-json\/wp\/v2\/types\/page"}],"author":[{"embeddable":true,"href":"https:\/\/www.hqts.com\/vi\/wp-json\/wp\/v2\/users\/12"}],"replies":[{"embeddable":true,"href":"https:\/\/www.hqts.com\/vi\/wp-json\/wp\/v2\/comments?post=80068"}],"version-history":[{"count":3,"href":"https:\/\/www.hqts.com\/vi\/wp-json\/wp\/v2\/pages\/80068\/revisions"}],"predecessor-version":[{"id":80073,"href":"https:\/\/www.hqts.com\/vi\/wp-json\/wp\/v2\/pages\/80068\/revisions\/80073"}],"up":[{"embeddable":true,"href":"https:\/\/www.hqts.com\/vi\/wp-json\/wp\/v2\/pages\/77908"}],"wp:featuredmedia":[{"embeddable":true,"href":"https:\/\/www.hqts.com\/vi\/wp-json\/wp\/v2\/media\/80069"}],"wp:attachment":[{"href":"https:\/\/www.hqts.com\/vi\/wp-json\/wp\/v2\/media?parent=80068"}],"curies":[{"name":"wp","href":"https:\/\/api.w.org\/{rel}","templated":true}]}}