{"id":80095,"date":"2021-07-30T04:31:49","date_gmt":"2021-07-30T04:31:49","guid":{"rendered":"https:\/\/www.hqts.com\/?page_id=80095"},"modified":"2021-08-06T09:29:39","modified_gmt":"2021-08-06T09:29:39","slug":"giam-dinh-chat-luong-tai-trung-quoc","status":"publish","type":"page","link":"https:\/\/www.hqts.com\/vi\/ve-chung-toi\/giam-dinh-chat-luong-tai-trung-quoc\/","title":{"rendered":"D\u1ecaCH V\u1ee4 GI\u00c1M \u0110\u1ecaNH CH\u1ea4T L\u01af\u1ee2NG T\u1ea0I TRUNG QU\u1ed0C"},"content":{"rendered":"<h2><strong>GI\u00c1M \u0110\u1ecaNH CH\u1ea4T L\u01af\u1ee2NG T\u1ea0I TRUNG QU\u1ed0C<\/strong><\/h2>\n<p><strong>HQTS l\u00e0 C\u00f4ng ty Gi\u00e1m \u0111\u1ecbnh Ch\u1ea5t l\u01b0\u1ee3ng t\u1ed1t nh\u1ea5t cho Th\u1ecb tr\u01b0\u1eddng Trung Qu\u1ed1c!<\/strong><\/p>\n<p><strong>Trung Qu\u1ed1c t\u1ef1 h\u00e0o l\u00e0 m\u1ed9t trong nh\u1eefng n\u1ec1n kinh t\u1ebf ph\u00e1t tri\u1ec3n nhanh nh\u1ea5t tr\u00ean th\u1ebf gi\u1edbi v\u00e0 l\u00e0 qu\u1ed1c gia \u0111\u00f4ng d\u00e2n nh\u1ea5t. Trung Qu\u1ed1c ti\u1ebfp t\u1ee5c ph\u00e1t tri\u1ec3n v\u1edbi t\u1ed1c \u0111\u1ed9 nhanh ch\u00f3ng trong nh\u1eefng n\u0103m g\u1ea7n \u0111\u00e2y, trong \u0111\u00f3 s\u1ea3n xu\u1ea5t v\u00e0 th\u01b0\u01a1ng m\u1ea1i qu\u1ed1c t\u1ebf l\u00e0 \u0111i\u1ec1u c\u1ea7n thi\u1ebft cho s\u1ef1 t\u0103ng tr\u01b0\u1edfng b\u1ec1n v\u1eefng n\u00e0y. M\u1ed1i quan h\u1ec7 c\u1ee7a qu\u1ed1c gia n\u00e0y v\u1edbi ph\u1ea7n c\u00f2n l\u1ea1i c\u1ee7a th\u1ebf gi\u1edbi c\u0169ng l\u00e0 ch\u00eca kh\u00f3a cho s\u1ef1 ph\u00e1t tri\u1ec3n c\u1ee7a ch\u00ednh Trung Qu\u1ed1c, \u0111\u00f3 l\u00e0 l\u00fd do t\u1ea1i sao xu\u1ea5t kh\u1ea9u \u0111\u00f3ng vai tr\u00f2 v\u00f4 c\u00f9ng r\u1ea5t quan tr\u1ecdng trong n\u0103m 2021.<\/strong><\/p>\n<h2><strong>D\u1ecbch v\u1ee5 qu\u1ea3n l\u00fd ch\u1ea5t l\u01b0\u1ee3ng c\u1ee7a ch\u00fang t\u00f4i \u1edf Trung Qu\u1ed1c<\/strong><\/h2>\n<p>HQTS l\u00e0 m\u1ed9t trong nh\u1eefng t\u1ed5 ch\u1ee9c gi\u00e1m \u0111\u1ecbnh ch\u1ea5t l\u01b0\u1ee3ng h\u00e0ng \u0111\u1ea7u t\u1ea1i Trung Qu\u1ed1c. Ch\u00fang t\u00f4i cung c\u1ea5p d\u1ecbch v\u1ee5 gi\u00e1m \u0111\u1ecbnh t\u1ea1i nh\u00e0 m\u00e1y, gi\u00e1m \u0111\u1ecbnh t\u1ea1i ch\u1ed7, ki\u1ec3m tra ch\u1ea5t l\u01b0\u1ee3ng, th\u1eed nghi\u1ec7m s\u1ea3n ph\u1ea9m ti\u00eau d\u00f9ng, ki\u1ec3m so\u00e1t v\u00e0 qu\u1ea3n l\u00fd s\u1ea3n xu\u1ea5t, v\u00e0 t\u01b0 v\u1ea5n ki\u1ec3m so\u00e1t ch\u1ea5t l\u01b0\u1ee3ng t\u1ea1i Trung Qu\u1ed1c.<\/p>\n<p>HQTS cung c\u1ea5p c\u00e1c d\u1ecbch v\u1ee5 \u0111\u1ea3m b\u1ea3o ch\u1ea5t l\u01b0\u1ee3ng to\u00e0n di\u1ec7n cho kh\u00e1ch h\u00e0ng tr\u00ean to\u00e0n th\u1ebf gi\u1edbi. C\u00e1c d\u1ecbch v\u1ee5 bao g\u1ed3m qu\u1ea3n l\u00fd ch\u1ea5t l\u01b0\u1ee3ng, \u0111\u00e1nh gi\u00e1 nh\u00e0 m\u00e1y \/ nh\u00e0 cung c\u1ea5p, th\u1eed nghi\u1ec7m h\u00e0ng ti\u00eau d\u00f9ng, ki\u1ec3m so\u00e1t v\u00e0 qu\u1ea3n l\u00fd s\u1ea3n xu\u1ea5t, t\u01b0 v\u1ea5n ki\u1ec3m so\u00e1t ch\u1ea5t l\u01b0\u1ee3ng, \u0111\u00e0o t\u1ea1o, d\u1ecbch v\u1ee5 ch\u00ednh ph\u1ee7 \/ th\u01b0\u01a1ng m\u1ea1i, d\u1ecbch v\u1ee5 kinh doanh chuy\u00ean bi\u1ec7t, gi\u00e1m s\u00e1t x\u1ebfp h\u00e0ng, gi\u00e1m s\u00e1t h\u00e0ng h\u00f3a t\u1ea1i c\u1ea3ng v\u00e0 c\u00f4ng nghi\u1ec7p nghi\u1ec7m thu thi\u1ebft b\u1ecb \/ t\u00f2a nh\u00e0 tr\u00ean to\u00e0n Ch\u00e2u \u00c1.<\/p>\n<h2><strong>Gi\u00e1m \u0111\u1ecbnh ch\u1ea5t l\u01b0\u1ee3ng<\/strong><\/h2>\n<p>Vi\u1ec7c gi\u00e1m \u0111\u1ecbnh ch\u1ea5t l\u01b0\u1ee3ng t\u1ea1i c\u00e1c giai \u0111o\u1ea1n kh\u00e1c nhau c\u1ee7a quy tr\u00ecnh s\u1ea3n xu\u1ea5t c\u00f3 th\u1ec3 gi\u00fap doanh nghi\u1ec7p gi\u00e1m s\u00e1t ch\u1ea5t l\u01b0\u1ee3ng s\u1ea3n ph\u1ea9m nh\u1eb1m \u0111\u1ea3m b\u1ea3o \u0111\u00e1p \u1ee9ng c\u00e1c y\u00eau c\u1ea7u \u0111\u01b0\u1ee3c \u0111\u01b0a ra v\u00e0 tr\u00e1nh giao h\u00e0ng ch\u1eadm tr\u1ec5. HQTS cung c\u1ea5p d\u1ecbch v\u1ee5 gi\u00e1m \u0111\u1ecbnh t\u1ea1i nh\u00e0 m\u00e1y c\u0169ng nh\u01b0 gi\u00e1m s\u00e1t t\u1ea3i \u0111\u1ec3 \u0111\u1ea3m b\u1ea3o s\u1ea3n ph\u1ea9m c\u1ee7a doanh nghi\u1ec7p lu\u00f4n \u0111\u1ea1t c\u00e1c ti\u00eau chu\u1ea9n v\u00e0 y\u00eau c\u1ea7u. Ch\u00fang t\u00f4i cung c\u1ea5p c\u00e1c h\u00ecnh th\u1ee9c gi\u00e1m \u0111\u1ecbnh QC sau cho th\u1ecb tr\u01b0\u1eddng Trung Qu\u1ed1c:<\/p>\n<ul>\n<li>Gi\u00e1m \u0111\u1ecbnh tr\u01b0\u1edbc khi s\u1ea3n xu\u1ea5t<\/li>\n<li>Gi\u00e1m \u0111\u1ecbnh tr\u01b0\u1edbc khi xu\u1ea5t h\u00e0ng<\/li>\n<li>Gi\u00e1m \u0111\u1ecbnh qu\u00e1 tr\u00ecnh s\u1ea3n xu\u1ea5t<\/li>\n<li>Gi\u00e1m \u0111\u1ecbnh ph\u00e2n lo\u1ea1i<\/li>\n<li>Gi\u00e1m \u0111\u1ecbnh x\u1ebfp d\u1ee1 container<\/li>\n<li>Ki\u1ec3m tra m\u1eabu<\/li>\n<li>Ph\u00e1t hi\u1ec7n kim lo\u1ea1i<\/li>\n<li>Gi\u00e1m s\u00e1t t\u1ea3i \/ d\u1ee1 h\u00e0ng<\/li>\n<\/ul>\n<h2><strong>Th\u1eed nghi\u1ec7m S\u1ea3n ph\u1ea9m Ti\u00eau d\u00f9ng<\/strong><\/h2>\n<p>HQTS \u0111\u01b0\u1ee3c c\u00f4ng nh\u1eadn \u0111\u1ec3 th\u1eed nghi\u1ec7m theo t\u1ea5t c\u1ea3 c\u00e1c ti\u00eau chu\u1ea9n, quy \u0111\u1ecbnh \u0111\u1ed1i v\u1edbi vi\u1ec7c nh\u1eadp kh\u1ea9u c\u00e1c s\u1ea3n ph\u1ea9m ti\u00eau d\u00f9ng. Ch\u00fang t\u00f4i \u0111\u1ea3m b\u1ea3o s\u1ef1 tu\u00e2n th\u1ee7 v\u00e0 an to\u00e0n cho c\u00e1c s\u1ea3n ph\u1ea9m c\u1ee7a doanh nghi\u1ec7p b\u1eb1ng c\u00e1ch th\u1eed nghi\u1ec7m ch\u00fang trong ph\u00f2ng th\u00ed nghi\u1ec7m \u0111\u1eb7t t\u1ea1i Trung t\u00e2m H\u00e0ng Ch\u00e2u. Ch\u00fang t\u00f4i th\u1ef1c hi\u1ec7n c\u00e1c d\u1ecbch v\u1ee5 th\u1eed nghi\u1ec7m sau \u1edf Trung Qu\u1ed1c:<\/p>\n<ul>\n<li>Th\u1eed nghi\u1ec7m h\u00f3a h\u1ecdc<\/li>\n<li>Th\u1eed nghi\u1ec7m REACH<\/li>\n<li>Th\u1eed nghi\u1ec7m RoHS<\/li>\n<li>Th\u1eed nghi\u1ec7m CPSIA<\/li>\n<li>Th\u1eed nghi\u1ec7m bao b\u00ec ISTA<\/li>\n<\/ul>\n<h2><strong>\u0110\u00e1nh gi\u00e1 nh\u00e0 m\u00e1y &amp; nh\u00e0 cung c\u1ea5p<\/strong><\/h2>\n<p>Vi\u1ec7c qu\u1ea3n l\u00fd ch\u1ea5t l\u01b0\u1ee3ng t\u1ea1i c\u00e1c nh\u00e0 m\u00e1y s\u1ea3n xu\u1ea5t c\u1ee7a Trung Qu\u1ed1c b\u1eaft \u0111\u1ea7u b\u1eb1ng vi\u1ec7c \u0111\u00e1nh gi\u00e1 nh\u00e0 m\u00e1y &amp; nh\u00e0 cung c\u1ea5p nh\u1eb1m \u0111\u00e1nh gi\u00e1 n\u0103ng l\u1ef1c, hi\u1ec7u su\u1ea5t v\u00e0 ti\u00eau chu\u1ea9n ch\u1ea5t l\u01b0\u1ee3ng c\u1ee7a h\u1ecd. Ch\u00fang t\u00f4i \u0111\u00e1nh gi\u00e1 c\u01a1 s\u1edf v\u1eadt ch\u1ea5t, ch\u00ednh s\u00e1ch, th\u1ee7 t\u1ee5c v\u00e0 h\u1ed3 s\u01a1 \u0111\u1ec3 x\u00e1c minh kh\u1ea3 n\u0103ng c\u1ee7a nh\u00e0 m\u00e1y trong vi\u1ec7c cung c\u1ea5p c\u00e1c s\u1ea3n ph\u1ea9m ch\u1ea5t l\u01b0\u1ee3ng nh\u1ea5t qu\u00e1n theo th\u1eddi gian, thay v\u00ec t\u1ea1i m\u1ed9t th\u1eddi \u0111i\u1ec3m nh\u1ea5t \u0111\u1ecbnh ho\u1eb7c ch\u1ec9 cho m\u1ed9t s\u1ed1 s\u1ea3n ph\u1ea9m nh\u1ea5t \u0111\u1ecbnh.<\/p>\n<p>\u0110\u00e1nh gi\u00e1 nh\u00e0 m\u00e1y v\u00e0 \u0111\u00e1nh gi\u00e1 nh\u00e0 cung c\u1ea5p gi\u00fap doanh nghi\u1ec7p ph\u00e2n t\u00edch chi ti\u1ebft v\u1ec1 t\u00ecnh tr\u1ea1ng, \u0111i\u1ec3m m\u1ea1nh v\u00e0 \u0111i\u1ec3m y\u1ebfu c\u1ee7a nh\u00e0 cung c\u1ea5p; b\u00ean c\u1ea1nh \u0111\u00f3 c\u0169ng h\u1ed7 tr\u1ee3 c\u00e1c nh\u00e0 m\u00e1y hi\u1ec3u \u0111\u01b0\u1ee3c c\u00e1c l\u0129nh v\u1ef1c c\u1ea7n c\u1ea3i ti\u1ebfn \u0111\u1ec3 c\u00f3 th\u1ec3 \u0111\u00e1p \u1ee9ng t\u1ed1t h\u01a1n nhu c\u1ea7u c\u1ee7a kh\u00e1ch h\u00e0ng.<\/p>\n<p>Khi doanh nghi\u1ec7p ch\u1ecdn nh\u00e0 cung c\u1ea5p m\u1edbi v\u00e0 c\u1ea3i thi\u1ec7n hi\u1ec7u su\u1ea5t t\u1ed5ng th\u1ec3, d\u1ecbch v\u1ee5 \u0111\u00e1nh gi\u00e1 nh\u00e0 m\u00e1y v\u00e0 nh\u00e0 cung c\u1ea5p s\u1ebd h\u1ed7 tr\u1ee3 quy tr\u00ecnh kinh doanh m\u1ed9t c\u00e1ch hi\u1ec7u qu\u1ea3 v\u00e0 gi\u1ea3m chi ph\u00ed s\u1ea3n xu\u1ea5t. Ch\u00fang t\u00f4i th\u1ef1c hi\u1ec7n c\u00e1c h\u00ecnh th\u1ee9c \u0111\u00e1nh gi\u00e1 nh\u00e0 m\u00e1y nh\u01b0 sau:<\/p>\n<ul>\n<li>\u0110\u00e1nh gi\u00e1 m\u00f4i tr\u01b0\u1eddng<\/li>\n<li>\u0110\u00e1nh gi\u00e1 Tu\u00e2n th\u1ee7 X\u00e3 h\u1ed9i<\/li>\n<li>\u0110\u00e1nh gi\u00e1 nh\u00e0 s\u1ea3n xu\u1ea5t<\/li>\n<li>\u0110\u00e1nh gi\u00e1 an to\u00e0n t\u00f2a x\u01b0\u1edfng<\/li>\n<li>\u0110\u00e1nh gi\u00e1 n\u0103ng l\u01b0\u1ee3ng<\/li>\n<li>Ki\u1ec3m so\u00e1t s\u1ea3n xu\u1ea5t nh\u00e0 m\u00e1y<\/li>\n<\/ul>\n<h2><strong>\u0110\u1ea3m b\u1ea3o ch\u1ea5t l\u01b0\u1ee3ng cho th\u01b0\u01a1ng m\u1ea1i \u0111i\u1ec7n t\u1eed<\/strong><\/h2>\n<p>Trong nh\u1eefng n\u0103m g\u1ea7n \u0111\u00e2y, th\u01b0\u01a1ng m\u1ea1i \u0111i\u1ec7n t\u1eed v\u00e0 mua s\u1eafm tr\u1ef1c tuy\u1ebfn \u0111\u00e3 tr\u1edf th\u00e0nh phong c\u00e1ch ti\u00eau d\u00f9ng m\u1edbi v\u00e0 ph\u1ed5 bi\u1ebfn. Khi s\u1ef1 gi\u00e1m s\u00e1t c\u1ee7a ch\u00ednh ph\u1ee7 \u0111\u1ed1i v\u1edbi th\u1ecb tr\u01b0\u1eddng mua s\u1eafm tr\u1ef1c tuy\u1ebfn ng\u00e0y c\u00e0ng t\u0103ng, ng\u00e0y c\u00e0ng nhi\u1ec1u n\u1ec1n t\u1ea3ng th\u01b0\u01a1ng m\u1ea1i \u0111i\u1ec7n t\u1eed \u0111\u00e3 thi\u1ebft l\u1eadp c\u00e1c quy t\u1eafc ri\u00eang \u0111\u1ec3 ki\u1ec3m so\u00e1t ch\u1ea5t l\u01b0\u1ee3ng b\u00e1n h\u00e0ng tr\u1ef1c tuy\u1ebfn c\u1ee7a h\u1ecd m\u1ed9t c\u00e1ch c\u00f3 h\u1ec7 th\u1ed1ng. HQTS l\u00e0 t\u1ed5 ch\u1ee9c qu\u1ea3n l\u00fd ch\u1ea5t l\u01b0\u1ee3ng \u0111\u01b0\u1ee3c ch\u1ec9 \u0111\u1ecbnh ch\u00ednh th\u1ee9c cho nhi\u1ec1u n\u1ec1n t\u1ea3ng th\u01b0\u01a1ng m\u1ea1i \u0111i\u1ec7n t\u1eed c\u1ee7a Trung Qu\u1ed1c nh\u01b0 Taobao, Tmall, Juhuasuan, Vipshop, Mushroom Street, v.v. D\u1ecbch v\u1ee5 gi\u1ea3m \u0111\u1ecbnh ch\u1ea5t l\u01b0\u1ee3ng chu\u1ed7i cung \u1ee9ng c\u1ee7a ch\u00fang t\u00f4i gi\u00fap \u0111\u1ea3m b\u1ea3o r\u1eb1ng c\u00e1c s\u1ea3n ph\u1ea9m \u0111\u01b0\u1ee3c tung ra th\u1ecb tr\u01b0\u1eddng th\u00e0nh c\u00f4ng v\u00e0 \u0111\u00e1p \u1ee9ng c\u00e1c y\u00eau c\u1ea7u ch\u1ea5t l\u01b0\u1ee3ng li\u00ean quan.<\/p>\n<h2><strong>C\u00e1c d\u1ecbch v\u1ee5 gi\u00e1m \u0111\u1ecbnh ch\u1ea5t l\u01b0\u1ee3ng kh\u00e1c cho th\u1ecb tr\u01b0\u1eddng Trung Qu\u1ed1c<\/strong><\/h2>\n<p>Ngo\u00e0i c\u00e1c d\u1ecbch v\u1ee5 n\u00eau tr\u00ean, ch\u00fang t\u00f4i c\u00f2n cung c\u1ea5p:<\/p>\n<ul>\n<li>Gi\u00e1m s\u00e1t quy tr\u00ecnh s\u1ea3n xu\u1ea5t<\/li>\n<li>T\u1eadp hu\u1ea5n<\/li>\n<li>T\u01b0 v\u1ea5n<\/li>\n<li>Ch\u00ednh ph\u1ee7 v\u00e0 Th\u01b0\u01a1ng m\u1ea1i<\/li>\n<\/ul>\n<h2><strong>D\u1ecbch v\u1ee5 Gi\u00e1m \u0111\u1ecbnh Ch\u1ea5t l\u01b0\u1ee3ng th\u1ecb tr\u01b0\u1eddng Trung Qu\u1ed1c c\u1ee7a ch\u00fang t\u00f4i \u00e1p d\u1ee5ng cho c\u00e1c ng\u00e0nh sau:<\/strong><\/h2>\n<h4><strong>Gi\u00e1m \u0111\u1ecbnh ch\u1ea5t l\u01b0\u1ee3ng n\u00f4ng s\u1ea3n v\u00e0 th\u1ef1c ph\u1ea9m \u1edf Trung Qu\u1ed1c<\/strong><\/h4>\n<p>C\u00e1c v\u1ee5 tai n\u1ea1n v\u1ec1 an to\u00e0n th\u1ef1c ph\u1ea9m x\u1ea3y ra ng\u00e0y c\u00e0ng nhi\u1ec1u h\u01a1n c\u0169ng nh\u01b0 c\u00e1c v\u1ea5n \u0111\u1ec1 an to\u00e0n th\u1ef1c ph\u1ea9m c\u1ee7a Trung Qu\u1ed1c \u0111ang ph\u1ea3i \u0111\u1ed1i m\u1eb7t v\u1edbi s\u1ef1 gi\u00e1m s\u00e1t ch\u1eb7t ch\u1ebd h\u01a1n. Cho d\u00f9 s\u1ea3n ph\u1ea9m l\u00e0 c\u00e2y tr\u1ed3ng hay th\u1ef1c ph\u1ea9m \u0111\u00f3ng g\u00f3i, HQTS \u0111\u1ec1u c\u00f3 th\u1ec3 cung c\u1ea5p c\u00e1c gi\u1ea3i ph\u00e1p qu\u1ea3n l\u00fd ch\u1ea5t l\u01b0\u1ee3ng to\u00e0n di\u1ec7n cho to\u00e0n b\u1ed9 chu\u1ed7i cung \u1ee9ng th\u1ef1c ph\u1ea9m. C\u00e1c d\u1ecbch v\u1ee5 c\u1ee7a ch\u00fang t\u00f4i \u00e1p d\u1ee5ng cho qu\u00e1 tr\u00ecnh tr\u1ed3ng, ch\u1ebf bi\u1ebfn, thu mua v\u00e0 v\u1eadn chuy\u1ec3n \u0111\u1ec3 gi\u00e1m s\u00e1t v\u00e0 ki\u1ec3m tra ch\u1eb7t ch\u1ebd, gi\u00fap \u0111\u1ea3m b\u1ea3o an to\u00e0n th\u1ef1c ph\u1ea9m.<\/p>\n<h4><strong>Gi\u00e1m \u0111\u1ecbnh ch\u1ea5t l\u01b0\u1ee3ng h\u00e0ng ti\u00eau d\u00f9ng \u1edf Trung Qu\u1ed1c<\/strong><\/h4>\n<p>Ch\u00fang t\u00f4i c\u00f3 ph\u00f2ng th\u00ed nghi\u1ec7m th\u1ef1c hi\u1ec7n d\u1ecbch v\u1ee5 th\u1eed nghi\u1ec7m h\u00e0ng ti\u00eau d\u00f9ng chuy\u00ean nghi\u1ec7p v\u1edbi c\u00e1c chi nh\u00e1nh ki\u1ec3m \u0111\u1ecbnh t\u1ea1i h\u01a1n 60 th\u00e0nh ph\u1ed1 \u1edf Trung Qu\u1ed1c v\u00e0 Nam \u00c1. Do \u0111\u00f3, HQTS c\u00f3 th\u1ec3 cung c\u1ea5p cho doanh nghi\u1ec7p c\u00e1c d\u1ecbch v\u1ee5 \u0111\u1ea3m b\u1ea3o ch\u1ea5t l\u01b0\u1ee3ng hi\u1ec7u qu\u1ea3, ti\u1ec7n l\u1ee3i, chuy\u00ean nghi\u1ec7p v\u00e0 ch\u00ednh x\u00e1c, \u0111\u1ed3ng th\u1eddi b\u1ea3o v\u1ec7 uy t\u00edn th\u01b0\u01a1ng hi\u1ec7u s\u1ea3n ph\u1ea9m c\u1ee7a b\u1ea1n.<\/p>\n<h4><strong>Gi\u00e1m \u0111\u1ecbnh ch\u1ea5t l\u01b0\u1ee3ng h\u00e0ng h\u00f3a c\u00f4ng nghi\u1ec7p \u1edf Trung Qu\u1ed1c<\/strong><\/h4>\n<p>HQTS tu\u00e2n theo qu\u00e1 tr\u00ecnh hi\u1ec7n \u0111\u1ea1i h\u00f3a c\u00f4ng nghi\u1ec7p h\u00f3a c\u1ee7a Trung Qu\u1ed1c v\u00e0 cam k\u1ebft cung c\u1ea5p d\u1ecbch v\u1ee5 \u0111\u1ea3m b\u1ea3o ch\u1ea5t l\u01b0\u1ee3ng s\u1ea3n ph\u1ea9m cho ng\u00e0nh s\u1ea3n xu\u1ea5t c\u00f4ng nghi\u1ec7p trong n\u01b0\u1edbc. Ch\u00fang t\u00f4i cam k\u1ebft cung c\u1ea5p c\u00e1c d\u1ecbch v\u1ee5 an to\u00e0n v\u00e0 t\u1ed1i \u01b0u h\u00f3a ch\u1ee9c n\u0103ng cho c\u00e1c nh\u00e0 m\u00e1y v\u00e0 ng\u00e0nh c\u00f4ng nghi\u1ec7p. Ngo\u00e0i ra, HQTS c\u0169ng c\u00f3 th\u1ec3 \u0111\u00e1p \u1ee9ng y\u00eau c\u1ea7u d\u1ecbch v\u1ee5 ch\u1ea5t l\u01b0\u1ee3ng cho s\u1ea3n ph\u1ea9m theo y\u00eau c\u1ea7u chuy\u00ean bi\u1ec7t v\u1ec1 ch\u1ea5t l\u01b0\u1ee3ng v\u00e0 ch\u1ee9c n\u0103ng, nh\u1eb1m m\u1ee5c \u0111\u00edch gi\u00fap s\u1ea3n ph\u1ea9m c\u1ee7a kh\u00e1ch h\u00e0ng tham gia th\u1ecb tr\u01b0\u1eddng m\u1ed9t c\u00e1ch thu\u1eadn l\u1ee3i.<\/p>\n<h4><strong>Gi\u00e1m \u0111\u1ecbnh ch\u1ea5t l\u01b0\u1ee3ng s\u1ea3n ph\u1ea9m \u0111i\u1ec7n t\u1eed \u1edf Trung Qu\u1ed1c<\/strong><\/h4>\n<p>HQTS c\u00f3 thi\u1ebft b\u1ecb ki\u1ec3m \u0111\u1ecbnh v\u00e0 ph\u00e2n t\u00edch ti\u00ean ti\u1ebfn v\u1edbi h\u00e0ng ch\u1ee5c n\u0103m kinh nghi\u1ec7m. M\u1ea1ng l\u01b0\u1edbi th\u1eed nghi\u1ec7m c\u1ee7a T\u1eadp \u0111o\u00e0n \u0111\u01b0\u1ee3c \u0111\u1eb7t t\u1ea1i h\u01a1n 60 th\u00e0nh ph\u1ed1 \u1edf Trung Qu\u1ed1c v\u00e0 \u0110\u00f4ng Nam \u00c1. V\u1edbi kinh nghi\u1ec7m phong ph\u00fa v\u00e0 nhi\u1ec1u n\u0103m trong ng\u00e0nh, ch\u00fang t\u00f4i hi\u1ec3u r\u00f5 lu\u1eadt ph\u00e1p v\u00e0 quy \u0111\u1ecbnh c\u1ee7a c\u00e1c qu\u1ed1c gia kh\u00e1c nhau c\u0169ng nh\u01b0 nhu c\u1ea7u c\u1ee7a c\u00e1c kh\u00e1ch h\u00e0n, nh\u1eb1m gi\u00fap doanh nghi\u1ec7p gi\u1ea3i quy\u1ebft m\u1ed9t lo\u1ea1t c\u00e1c v\u1ea5n \u0111\u1ec1 v\u1ec1 ki\u1ec3m so\u00e1t ch\u1ea5t l\u01b0\u1ee3ng; t\u1eeb \u0111\u00f3 \u0111\u00e1p \u1ee9ng c\u00e1c y\u00eau c\u1ea7u v\u1ec1 b\u1ea3o v\u1ec7 m\u00f4i tr\u01b0\u1eddng v\u00e0 ti\u1ebfp c\u1eadn th\u1ecb tr\u01b0\u1eddng to\u00e0n c\u1ea7u c\u0169ng nh\u01b0 gi\u00e0nh \u0111\u01b0\u1ee3c s\u1ef1 tin t\u01b0\u1edfng c\u1ee7a kh\u00e1ch h\u00e0ng.<\/p>\n<h4><strong>Gi\u00e1m \u0111\u1ecbnh ch\u1ea5t l\u01b0\u1ee3ng \u0111\u1ed3 ch\u01a1i v\u00e0 s\u1ea3n ph\u1ea9m tr\u1ebb em \u1edf Trung Qu\u1ed1c<\/strong><\/h4>\n<p>Trong nh\u1eefng n\u0103m qua, HQTS \u0111\u00e3 cam k\u1ebft cung c\u1ea5p d\u1ecbch v\u1ee5 th\u1eed nghi\u1ec7m theo ti\u00eau chu\u1ea9n an to\u00e0n qu\u1ed1c t\u1ebf v\u00e0 c\u00e1c quy \u0111\u1ecbnh li\u00ean quan cho kh\u00e1ch h\u00e0ng trong v\u00e0 ngo\u00e0i n\u01b0\u1edbc. \u0110i\u1ec1u n\u00e0y \u0111\u01b0\u1ee3c th\u1ec3 hi\u1ec7n qua c\u00e1c ch\u1ee9ng nh\u1eadn c\u1ee7a ch\u00fang t\u00f4i v\u1ec1 th\u1eed nghi\u1ec7m \u0111\u1ed3 ch\u01a1i nh\u01b0 ch\u1ee9ng ch\u1ec9 CNAS, CMA v\u00e0 CPSC.<\/p>\n<h4><strong>Gi\u00e1m \u0111\u1ecbnh ch\u1ea5t l\u01b0\u1ee3ng ph\u1ee5 t\u00f9ng \u00f4 t\u00f4 \u1edf Trung Qu\u1ed1c<\/strong><\/h4>\n<p>Ch\u00fang t\u00f4i c\u00f3 m\u1ed9t \u0111\u1ed9i ng\u0169 gi\u00e0u kinh nghi\u1ec7m, quen thu\u1ed9c v\u1edbi ch\u01b0\u01a1ng tr\u00ecnh PPAP, nh\u1eefng chuy\u00ean gia c\u00f3 th\u1ec3 gi\u00fap doanh nghi\u1ec7p ki\u1ec3m so\u00e1t to\u00e0n b\u1ed9 chu\u1ed7i cung \u1ee9ng c\u1ee7a m\u00ecnh; t\u1eeb \u0111\u00f3 \u0111\u00e1p \u1ee9ng c\u00e1c y\u00eau c\u1ea7u cao v\u1ec1 ch\u1ea5t l\u01b0\u1ee3ng v\u00e0 an to\u00e0n s\u1ea3n ph\u1ea9m c\u0169ng nh\u01b0 n\u00e2ng cao kh\u1ea3 n\u0103ng c\u1ea1nh tranh.<\/p>\n<h4><strong>Gi\u00e1m \u0111\u1ecbnh ch\u1ea5t l\u01b0\u1ee3ng d\u1ef1 \u00e1n x\u00e2y d\u1ef1ng \u1edf Trung Qu\u1ed1c<\/strong><\/h4>\n<p>Ph\u00f2ng D\u1ecbch v\u1ee5 K\u1ef9 thu\u1eadt X\u00e2y d\u1ef1ng HQTS \u0111\u00e3 c\u00f3 tr\u1ee5 s\u1edf t\u1ea1i th\u1ecb tr\u01b0\u1eddng Trung Qu\u1ed1c h\u01a1n n\u0103m n\u0103m. Ch\u00fang t\u00f4i cam k\u1ebft \u0111\u1ea3m b\u1ea3o ch\u1ea5t l\u01b0\u1ee3ng v\u00e0 an to\u00e0n c\u1ee7a c\u00e1c s\u1ea3n ph\u1ea9m v\u00e0 k\u1ef9 thu\u1eadt x\u00e2y d\u1ef1ng, ch\u1eb3ng h\u1ea1n nh\u01b0 thi\u1ebft b\u1ecb v\u1ec7 sinh HVAC, ph\u1ea7n c\u1ee9ng ki\u1ebfn \u200b\u200btr\u00fac, trang tr\u00ed ki\u1ebfn \u200b\u200btr\u00fac v\u00e0 c\u00e1c th\u00e0nh ph\u1ea7n, c\u1eeda ra v\u00e0o, c\u1eeda s\u1ed5, v\u1eadt li\u1ec7u x\u00e2y d\u1ef1ng, c\u00f4ng tr\u00ecnh xanh v\u00e0 c\u00e1c s\u1ea3n ph\u1ea9m x\u00e2y d\u1ef1ng kh\u00e1c th\u00f4ng qua cung c\u1ea5p d\u1ecbch v\u1ee5 th\u1eed nghi\u1ec7m to\u00e0n di\u1ec7n, c\u00e1c gi\u1ea3i ph\u00e1p ki\u1ec3m tra, gi\u00e1m s\u00e1t, ch\u1ee9ng nh\u1eadn v\u00e0 \u0111\u1ea3m b\u1ea3o ch\u1ea5t l\u01b0\u1ee3ng.<\/p>\n<h4><strong>\u0110\u1ea3m b\u1ea3o Qu\u1ea3n l\u00fd ch\u1ea5t l\u01b0\u1ee3ng trong s\u1ea3n xu\u1ea5t t\u1eeb \u200b\u200bTrung Qu\u1ed1c<\/strong><\/h4>\n<p>HQTS cung c\u1ea5p d\u1ecbch v\u1ee5 gi\u00e1m \u0111\u1ecbnh v\u00e0 qu\u1ea3n l\u00fd ch\u1ea5t l\u01b0\u1ee3ng cho m\u1ecdi nhu c\u1ea7u s\u1ea3n xu\u1ea5t c\u1ee7a doanh nghi\u1ec7p t\u1ea1i Trung Qu\u1ed1c. Trong v\u00f2ng 24 gi\u1edd sau khi \u0111\u1eb7t d\u1ecbch v\u1ee5, ch\u00fang t\u00f4i s\u1ebd ki\u1ec3m \u0111\u1ecbnh th\u1ef1c t\u1ebf t\u1ea1i nh\u00e0 m\u00e1y c\u1ee7a doanh nghi\u1ec7p t\u1ea1i Trung Qu\u1ed1c. H\u01a1n n\u1eefa, ch\u00fang t\u00f4i c\u00f3 th\u1ec3 ti\u1ebfn h\u00e0nh gi\u00e1m \u0111\u1ecbnh ch\u1ea5t l\u01b0\u1ee3ng s\u1ea3n ph\u1ea9m t\u1ea1i m\u1ecdi giai \u0111o\u1ea1n c\u1ee7a quy tr\u00ecnh s\u1ea3n xu\u1ea5t. Khi c\u00e1c s\u1ea3n ph\u1ea9m c\u1ea7n \u0111\u01b0\u1ee3c x\u1ebfp v\u00e0o container, vi\u1ec7c gi\u00e1m s\u00e1t x\u1ebfp h\u00e0ng c\u00f3 th\u1ec3 gi\u00fap doanh nghi\u1ec7p \u0111\u1ea3m b\u1ea3o c\u00e1c \u0111i\u1ec1u ki\u1ec7n ph\u00f9 h\u1ee3p tr\u01b0\u1edbc khi v\u1eadn chuy\u1ec3n.<\/p>\n<p>C\u00e1c chuy\u00ean gia v\u00e0 \u0111\u1ed9i ng\u0169 ki\u1ec3m so\u00e1t ch\u1ea5t l\u01b0\u1ee3ng \u01b0u t\u00fa c\u1ee7a HQTS c\u00f3 m\u1eb7t t\u1ea1i c\u00e1c trung t\u00e2m s\u1ea3n xu\u1ea5t ch\u00ednh tr\u00ean kh\u1eafp Trung Qu\u1ed1c. H\u1ecd c\u00f3 th\u1ec3 cung c\u1ea5p \u0111\u00e1nh gi\u00e1 nh\u00e0 m\u00e1y ho\u1eb7c nh\u00e0 cung c\u1ea5p \u0111\u1ec3 x\u00e1c minh c\u00e1c \u0111i\u1ec1u ki\u1ec7n v\u00e0 tr\u00ecnh \u0111\u1ed9 s\u1ea3n xu\u1ea5t. C\u00e1c chuy\u00ean vi\u00ean c\u1ee7a ch\u00fang t\u00f4i c\u0169ng c\u00f3 th\u1ec3 ti\u1ebfn h\u00e0nh gi\u00e1m \u0111\u1ecbnh ch\u1ea5t l\u01b0\u1ee3ng t\u1eeb s\u1ea3n ph\u1ea9m th\u00f4 \u0111\u1ebfn th\u00e0nh ph\u1ea9m.<\/p>\n<h2><strong>Ch\u1ee9ng nh\u1eadn v\u00e0 ti\u00eau chu\u1ea9n qu\u1ea3n l\u00fd ch\u1ea5t l\u01b0\u1ee3ng cho c\u00e1c d\u1ecbch v\u1ee5 c\u1ee7a ch\u00fang t\u00f4i t\u1ea1i Trung Qu\u1ed1c<\/strong><\/h2>\n<p>Gi\u1ea3i ph\u00e1p \u0111\u1ea3m b\u1ea3o ch\u1ea5t l\u01b0\u1ee3ng to\u00e0n di\u1ec7n v\u00e0 c\u00e1c d\u1ecbch v\u1ee5 th\u1eed nghi\u1ec7m ph\u1ea9m ti\u00eau d\u00f9ng c\u00f3 th\u1ec3 gi\u00fap doanh nghi\u1ec7p \u0111\u1ea3m b\u1ea3o s\u1ea3n ph\u1ea9m c\u1ee7a h\u1ecd \u0111\u00e1p \u1ee9ng c\u00e1c ti\u00eau chu\u1ea9n v\u00e0 y\u00eau c\u1ea7u. Ch\u00fang t\u00f4i l\u00e0 m\u1ed9t t\u1ed5 ch\u1ee9c \u0111\u01b0\u1ee3c CNAS c\u00f4ng nh\u1eadn ISO v\u00e0 \u0111\u01b0\u1ee3c ch\u1ee9ng nh\u1eadn \u0111\u1ec3 th\u1ef1c hi\u1ec7n gi\u00e1m \u0111\u1ecbnh ch\u1ea5t l\u01b0\u1ee3ng, th\u1eed nghi\u1ec7m ISTA c\u0169ng nh\u01b0 th\u1eed nghi\u1ec7m theo chu\u1ea9n RoHS, REACH, CPSIA, DMF, Cl Prop 65, GB v\u00e0 nhi\u1ec1u ti\u00eau chu\u1ea9n to\u00e0n c\u1ea7u kh\u00e1c.<\/p>\n<h4><strong>HQTS \u0110\u01b0\u1ee3c c\u00f4ng nh\u1eadn b\u1edfi:<\/strong><\/h4>\n<p>CNAS theo chu\u1ea9n ISO 17020 &amp; 17025;<\/p>\n<p>Ch\u1ee9ng ch\u1ec9 CMA<\/p>\n<p>Ch\u1ee9ng ch\u1ec9 n\u0103ng l\u1ef1c c\u01a1 s\u1edf gi\u00e1m \u0111\u1ecbnh, kh\u1ea3o s\u00e1t h\u00e0ng h\u00f3a xu\u1ea5t nh\u1eadp kh\u1ea9u<\/p>\n<p>Hi\u1ec7p h\u1ed9i ki\u1ec3m d\u1ecbch v\u00e0 ki\u1ec3m d\u1ecbch xu\u1ea5t nh\u1eadp c\u1ea3nh Trung Qu\u1ed1c ki\u1ec3m tra v\u00e0 kh\u1ea3o s\u00e1t h\u00e0ng h\u00f3a xu\u1ea5t nh\u1eadp kh\u1ea9u v\u00e0 Gi\u1ea5y ch\u1ee9ng nh\u1eadn th\u00e0nh vi\u00ean chi nh\u00e1nh c\u1ee7a t\u1ed5 ch\u1ee9c<\/p>\n<p>Gi\u1ea5y ch\u1ee9ng nh\u1eadn doanh nghi\u1ec7p c\u00f4ng ngh\u1ec7 cao H\u00e0ng Ch\u00e2u<\/p>\n<p>Gi\u1ea5y ch\u1ee9ng nh\u1eadn th\u00e0nh vi\u00ean H\u1ed9i \u0111\u1ed3ng Hi\u1ec7p h\u1ed9i Th\u01b0\u01a1ng m\u1ea1i \u0111i\u1ec7n t\u1eed t\u1ec9nh Canton<\/p>\n<p>Gi\u1ea5y ch\u1ee9ng nh\u1eadn th\u00e0nh vi\u00ean Hi\u1ec7p h\u1ed9i ng\u00e0nh thi\u1ebft b\u1ecb y t\u1ebf t\u1ec9nh Chi\u1ebft Giang<\/p>\n<p>Gi\u1ea5y ch\u1ee9ng nh\u1eadn th\u00e0nh vi\u00ean Hi\u1ec7p h\u1ed9i th\u01b0\u01a1ng m\u1ea1i \u0111i\u1ec7n t\u1eed xuy\u00ean bi\u00ean gi\u1edbi Th\u00e2m Quy\u1ebfn<\/p>\n<p>\u1ee6y vi\u00ean \u1ee6y ban K\u1ef9 thu\u1eadt Ti\u00eau chu\u1ea9n h\u00f3a Li\u00ean \u0111o\u00e0n C\u00f4ng nghi\u1ec7p D\u1ec7t may<\/p>\n","protected":false},"excerpt":{"rendered":"<p>GI\u00c1M \u0110\u1ecaNH CH\u1ea4T L\u01af\u1ee2NG T\u1ea0I TRUNG QU\u1ed0C HQTS l\u00e0 C\u00f4ng ty Gi\u00e1m \u0111\u1ecbnh Ch\u1ea5t l\u01b0\u1ee3ng t\u1ed1t nh\u1ea5t cho Th\u1ecb tr\u01b0\u1eddng Trung Qu\u1ed1c! Trung Qu\u1ed1c t\u1ef1 h\u00e0o l\u00e0 m\u1ed9t trong nh\u1eefng n\u1ec1n kinh t\u1ebf ph\u00e1t tri\u1ec3n nhanh nh\u1ea5t tr\u00ean th\u1ebf gi\u1edbi v\u00e0 l\u00e0 qu\u1ed1c gia \u0111\u00f4ng d\u00e2n nh\u1ea5t. Trung Qu\u1ed1c ti\u1ebfp t\u1ee5c ph\u00e1t tri\u1ec3n v\u1edbi t\u1ed1c [&hellip;]<\/p>\n","protected":false},"author":12,"featured_media":80096,"parent":77908,"menu_order":0,"comment_status":"closed","ping_status":"closed","template":"","meta":{"_acf_changed":false,"footnotes":""},"class_list":["post-80095","page","type-page","status-publish","has-post-thumbnail","hentry"],"acf":[],"_links":{"self":[{"href":"https:\/\/www.hqts.com\/vi\/wp-json\/wp\/v2\/pages\/80095","targetHints":{"allow":["GET"]}}],"collection":[{"href":"https:\/\/www.hqts.com\/vi\/wp-json\/wp\/v2\/pages"}],"about":[{"href":"https:\/\/www.hqts.com\/vi\/wp-json\/wp\/v2\/types\/page"}],"author":[{"embeddable":true,"href":"https:\/\/www.hqts.com\/vi\/wp-json\/wp\/v2\/users\/12"}],"replies":[{"embeddable":true,"href":"https:\/\/www.hqts.com\/vi\/wp-json\/wp\/v2\/comments?post=80095"}],"version-history":[{"count":4,"href":"https:\/\/www.hqts.com\/vi\/wp-json\/wp\/v2\/pages\/80095\/revisions"}],"predecessor-version":[{"id":80336,"href":"https:\/\/www.hqts.com\/vi\/wp-json\/wp\/v2\/pages\/80095\/revisions\/80336"}],"up":[{"embeddable":true,"href":"https:\/\/www.hqts.com\/vi\/wp-json\/wp\/v2\/pages\/77908"}],"wp:featuredmedia":[{"embeddable":true,"href":"https:\/\/www.hqts.com\/vi\/wp-json\/wp\/v2\/media\/80096"}],"wp:attachment":[{"href":"https:\/\/www.hqts.com\/vi\/wp-json\/wp\/v2\/media?parent=80095"}],"curies":[{"name":"wp","href":"https:\/\/api.w.org\/{rel}","templated":true}]}}